{"id":968,"date":"2015-05-03T02:48:39","date_gmt":"2015-05-03T02:48:39","guid":{"rendered":"http:\/\/gecousb.com.ve\/?page_id=968"},"modified":"2023-05-07T23:29:27","modified_gmt":"2023-05-07T23:29:27","slug":"lic-quimica","status":"publish","type":"page","link":"https:\/\/gecousb.com.ve\/index.php\/carreras-p-z\/lic-quimica-2\/lic-quimica\/","title":{"rendered":"Materias Lic.Qu\u00edmica"},"content":{"rendered":"<p><strong>Primer A\u00f1o:<\/strong><\/p>\n<ul>\n<li><a href=\"http:\/\/gecousb.com.ve\/index.php\/materias\/matematicas-1-ma-1111\/#\">Matem\u00e1ticas 1 (MA-1111)<\/a>\/ <a href=\"http:\/\/gecousb.com.ve\/index.php\/materias\/matematicas-de-honor-1-ma-1121\/\">Matem\u00e1ticas de honor 1 (MA-1121)<\/a><\/li>\n<li><a href=\"http:\/\/gecousb.com.ve\/index.php\/materias\/fisica-1-fs-1111\/\">F\u00edsica 1 (FS-1111)<\/a><\/li>\n<li><a href=\"http:\/\/gecousb.com.ve\/index.php\/materias\/matematicas-2-ma-1112\/\">Matem\u00e1ticas 2 (MA-1112)<\/a>\/ <a href=\"http:\/\/gecousb.com.ve\/index.php\/materias\/matematicas-de-honor-2-ma-1122\/\">Matem\u00e1ticas de honor 2 (MA-1122)<\/a><\/li>\n<li><a href=\"http:\/\/gecousb.com.ve\/index.php\/materias\/fisica-2-fs-1112\/\">F\u00edsica 2 (FS-1112)<\/a><\/li>\n<li><a href=\"http:\/\/gecousb.com.ve\/index.php\/materias\/matematicas-3-ma-1116\/\">Matem\u00e1ticas 3 (MA-1116)<\/a>\/ <a href=\"http:\/\/gecousb.com.ve\/index.php\/materias\/matematicas-de-honor-3-ma-1123\/\">Matem\u00e1ticas de honor 3 (MA-1123)<\/a><\/li>\n<\/ul>\n<p><strong>Segundo A\u00f1o:<\/strong><\/p>\n<ul>\n<li><a href=\"http:\/\/gecousb.com.ve\/index.php\/materias\/fisica-3-fs-2211\/\">F\u00edsica 3 (FS-2211)<\/a><\/li>\n<li><a href=\"http:\/\/gecousb.com.ve\/index.php\/laboratorio-basico-de-fisica-1-fs-2181\/\">Laboratorio de F\u00edsica 1 (FS-2181)<\/a><\/li>\n<li><a href=\"http:\/\/gecousb.com.ve\/index.php\/materias\/matematicas-4-ma-2115\/\">Matem\u00e1ticas 4 (MA-2115)<\/a><\/li>\n<li><a href=\"http:\/\/gecousb.com.ve\/index.php\/materias\/quimica-general-1-qm-1121\/\">Qu\u00edmica General 1 (QM-1121)<\/a><\/li>\n<li>Laboratorio de F\u00edsica 2 (FS-2281)<\/li>\n<li><a href=\"http:\/\/gecousb.com.ve\/index.php\/laboratorio-de-quimica-general-1-qm-1181\/\">Laboratorio de Qu\u00edmica General 1 (QM-1181)<\/a><\/li>\n<li><a href=\"http:\/\/gecousb.com.ve\/index.php\/materias\/fisica-4-fs-2212\/\">F\u00edsica 4 (FS-2212)<\/a><\/li>\n<li><a href=\"http:\/\/gecousb.com.ve\/index.php\/materias\/matematicas-5-ma-2112\/\">Matem\u00e1ticas 5 (MA-2112)<\/a><\/li>\n<li><a href=\"http:\/\/gecousb.com.ve\/index.php\/materias\/quimica-general-2-qm-1122\/\">Qu\u00edmica General 2 (QM-1122)<\/a><\/li>\n<li>An\u00e1lisis Cuantitativo 1 (QM-2311)<\/li>\n<li>F\u00edsica moderna (FS-2411)<\/li>\n<li>Laboratorio de F\u00edsica 3 (FS2282)<\/li>\n<li><a href=\"https:\/\/gecousb.com.ve\/index.php\/guias-usb\/todas-las-materias\/laboratorio-de-quimica-general-2-qm1182\/\">Laboratorio de Qu\u00edmica General 2 (QM-1182)<\/a><\/li>\n<li><a href=\"http:\/\/gecousb.com.ve\/index.php\/materias\/quimica-general-3-qm-1123\/\">Qu\u00edmica General 3 (QM-1123)<\/a><\/li>\n<\/ul>\n<p><strong>Tercer A\u00f1o:<\/strong><\/p>\n<ul>\n<li>An\u00e1lisis Cuantitativo 2 (QM-2312)<\/li>\n<li>Fisicoqu\u00edmica 1 (QM-2511)<\/li>\n<li>Inform\u00e1tica Qu\u00edmica (QM-2510)<\/li>\n<li>Laboratorio de An\u00e1lisis Cuantitativo (QM-2381)<\/li>\n<li>An\u00e1lisis Instrumental (QM-2321)<\/li>\n<li>Dise\u00f1o Estad\u00edstico de Experimentos (PS-3218)<\/li>\n<li><a href=\"http:\/\/gecousb.com.ve\/index.php\/materias\/fisicoquimica-2-qm-2512\/\">Fisicoqu\u00edmica 2 (QM-2512)<\/a><\/li>\n<li><a href=\"http:\/\/gecousb.com.ve\/index.php\/materias\/quimica-organica-1-qm-2421\/\">Qu\u00edmica Org\u00e1nica 1 (QM-2421)<\/a><\/li>\n<li>Laboratorio de An\u00e1lisis Instrumental (QM-2382)<\/li>\n<li>Fisicoqu\u00edmica 3 (QM-2513)<\/li>\n<li>Qu\u00edmica Inorg\u00e1nica 1 (QM-2211)<\/li>\n<li>Qu\u00edmica Org\u00e1nica 2 (QM-2422)<\/li>\n<\/ul>\n<p><strong>Cuarto A\u00f1o:<\/strong><\/p>\n<ul>\n<li>Laboratorio de Fisicoqu\u00edmica (QM-2581 )<\/li>\n<li>Qu\u00edmica Inorg\u00e1nica 2 (QM-2212)<\/li>\n<li>Qu\u00edmica Org\u00e1nica 3 (QM-2423 )<\/li>\n<li>T\u00e9cnicas Instrumentales en Qu\u00edmica Org\u00e1nica (QM-2680)<\/li>\n<li>Laboratorio Qu\u00edmica Org\u00e1nica (QM-2681)<\/li>\n<li>Qu\u00edmica Industrial 1 (PS-4218)<\/li>\n<li>Qu\u00edmica Inorg\u00e1nica 3 (QM-2213)<\/li>\n<li>Laboratorio de Determinaci\u00f3n de Estructuras Org\u00e1nicas (QM-2682)<\/li>\n<li>Laboratorio de Qu\u00edmica Inorg\u00e1nica Secci\u00f3n 1 (QM-2282)<\/li>\n<li>Qu\u00edmica Industrial 2 (PS-4219)<\/li>\n<\/ul>\n","protected":false},"excerpt":{"rendered":"<p>Primer A\u00f1o: Matem\u00e1ticas 1 (MA-1111)\/ Matem\u00e1ticas de honor 1 (MA-1121) F\u00edsica 1 (FS-1111) Matem\u00e1ticas 2 (MA-1112)\/ Matem\u00e1ticas de honor 2 (MA-1122) F\u00edsica 2 (FS-1112) Matem\u00e1ticas 3 (MA-1116)\/ Matem\u00e1ticas de honor 3 (MA-1123) Segundo A\u00f1o: F\u00edsica 3 (FS-2211) Laboratorio de F\u00edsica 1 (FS-2181) Matem\u00e1ticas 4 (MA-2115) Qu\u00edmica General 1 (QM-1121) Laboratorio de F\u00edsica 2 (FS-2281) Laboratorio [&hellip;]<\/p>\n","protected":false},"author":1,"featured_media":0,"parent":6418,"menu_order":0,"comment_status":"open","ping_status":"closed","template":"","meta":[],"categories":[],"tags":[],"_links":{"self":[{"href":"https:\/\/gecousb.com.ve\/index.php\/wp-json\/wp\/v2\/pages\/968"}],"collection":[{"href":"https:\/\/gecousb.com.ve\/index.php\/wp-json\/wp\/v2\/pages"}],"about":[{"href":"https:\/\/gecousb.com.ve\/index.php\/wp-json\/wp\/v2\/types\/page"}],"author":[{"embeddable":true,"href":"https:\/\/gecousb.com.ve\/index.php\/wp-json\/wp\/v2\/users\/1"}],"replies":[{"embeddable":true,"href":"https:\/\/gecousb.com.ve\/index.php\/wp-json\/wp\/v2\/comments?post=968"}],"version-history":[{"count":1,"href":"https:\/\/gecousb.com.ve\/index.php\/wp-json\/wp\/v2\/pages\/968\/revisions"}],"predecessor-version":[{"id":33137,"href":"https:\/\/gecousb.com.ve\/index.php\/wp-json\/wp\/v2\/pages\/968\/revisions\/33137"}],"up":[{"embeddable":true,"href":"https:\/\/gecousb.com.ve\/index.php\/wp-json\/wp\/v2\/pages\/6418"}],"wp:attachment":[{"href":"https:\/\/gecousb.com.ve\/index.php\/wp-json\/wp\/v2\/media?parent=968"}],"wp:term":[{"taxonomy":"category","embeddable":true,"href":"https:\/\/gecousb.com.ve\/index.php\/wp-json\/wp\/v2\/categories?post=968"},{"taxonomy":"post_tag","embeddable":true,"href":"https:\/\/gecousb.com.ve\/index.php\/wp-json\/wp\/v2\/tags?post=968"}],"curies":[{"name":"wp","href":"https:\/\/api.w.org\/{rel}","templated":true}]}}