{"id":966,"date":"2015-05-03T02:40:15","date_gmt":"2015-05-03T02:40:15","guid":{"rendered":"http:\/\/gecousb.com.ve\/?page_id=966"},"modified":"2017-02-24T03:00:50","modified_gmt":"2017-02-24T03:00:50","slug":"ing-produccion","status":"publish","type":"page","link":"https:\/\/gecousb.com.ve\/index.php\/carreras-p-z\/ing-producion\/ing-produccion\/","title":{"rendered":"Materias Ing.Producci\u00f3n"},"content":{"rendered":"<p><strong>Primer A\u00f1o:<\/strong><\/p>\n<ul>\n<li><a href=\"http:\/\/gecousb.com.ve\/index.php\/materias\/matematicas-1-ma-1111\/#\">Matem\u00e1ticas 1 (MA-1111)<\/a>\/ <a href=\"http:\/\/gecousb.com.ve\/index.php\/materias\/matematicas-de-honor-1-ma-1121\/\">Matem\u00e1ticas de honor 1 (MA-1121)<\/a><\/li>\n<li><a href=\"http:\/\/gecousb.com.ve\/index.php\/materias\/fisica-1-fs-1111\/\">F\u00edsica 1 (FS-1111)<\/a><\/li>\n<li><a href=\"http:\/\/gecousb.com.ve\/index.php\/materias\/matematicas-2-ma-1112\/\">Matem\u00e1ticas 2 (MA-1112)<\/a>\/ <a href=\"http:\/\/gecousb.com.ve\/index.php\/materias\/matematicas-de-honor-2-ma-1122\/\">Matem\u00e1ticas de honor 2 (MA-1122)<\/a><\/li>\n<li><a href=\"http:\/\/gecousb.com.ve\/index.php\/materias\/fisica-2-fs-1112\/\">F\u00edsica 2 (FS-1112)<\/a><\/li>\n<li><a href=\"http:\/\/gecousb.com.ve\/index.php\/materias\/matematicas-3-ma-1116\/\">Matem\u00e1ticas 3 (MA-1116)<\/a>\/ <a href=\"http:\/\/gecousb.com.ve\/index.php\/materias\/matematicas-de-honor-3-ma-1123\/\">Matem\u00e1ticas de honor 3 (MA-1123)<\/a><\/li>\n<\/ul>\n<p><strong>Segundo A\u00f1o:<\/strong><\/p>\n<ul>\n<li><a href=\"http:\/\/gecousb.com.ve\/index.php\/materias\/fisica-3-fs-2211\/\">F\u00edsica 3 (FS-2211)<\/a><\/li>\n<li><a href=\"http:\/\/gecousb.com.ve\/index.php\/laboratorio-basico-de-fisica-1-fs-2181\/\">Laboratorio de F\u00edsica 1 (FS-2181)<\/a><\/li>\n<li><a href=\"http:\/\/gecousb.com.ve\/index.php\/materias\/matematicas-4-ma-2115\/\">Matem\u00e1ticas 4 (MA-2115)<\/a><\/li>\n<li><a href=\"http:\/\/gecousb.com.ve\/index.php\/materias\/quimica-general-1-qm-1121\/\">Qu\u00edmica General 1 (QM-1121)<\/a><\/li>\n<li><a href=\"http:\/\/gecousb.com.ve\/index.php\/materias\/fisica-4-fs-2212\/\">F\u00edsica 4 (FS-2212)<\/a><\/li>\n<li>Laboratorio de F\u00edsica 2 (FS-2281)<\/li>\n<li><a href=\"http:\/\/gecousb.com.ve\/index.php\/materias\/matematicas-5-ma-2112\/\">Matem\u00e1ticas 5 (MA-2112)<\/a><\/li>\n<li><a href=\"http:\/\/gecousb.com.ve\/index.php\/procesos-quimicos-industriales-ps-2213\/\">Procesos Qu\u00edmicos Industriales (PS-2213)<\/a><\/li>\n<li><a href=\"http:\/\/gecousb.com.ve\/index.php\/materias\/computacion-1-ci-2125\/\">Computaci\u00f3n 1 (CI-2125)<\/a><\/li>\n<li><a href=\"http:\/\/gecousb.com.ve\/index.php\/materias\/matematicas-6-ma-2113\/\">Matem\u00e1ticas 6 (MA-2113)<\/a><\/li>\n<li><a href=\"http:\/\/gecousb.com.ve\/index.php\/materias\/mecanica-de-materiales-1-mc-2141\/\">Mec\u00e1nica de Materiales 1 (MC-2141)<\/a><\/li>\n<li><a href=\"http:\/\/gecousb.com.ve\/index.php\/sistemas-electronicos-industriales-1-ec-2111\/\">Sistemas Electr\u00f3nicos Industriales 1 (EC-2111)<\/a><\/li>\n<\/ul>\n<p><strong>Tercer A\u00f1o:<\/strong><\/p>\n<ul>\n<li><a href=\"http:\/\/gecousb.com.ve\/index.php\/materias\/dibujo-mecanico-mc-2131\/\">Dibujo Mec\u00e1nico (MC-2131)<\/a><\/li>\n<li><a href=\"http:\/\/gecousb.com.ve\/index.php\/materias\/mecanica-de-materiales-2-mc-2142\/\">Mec\u00e1nica de Materiales 2 (MC-2142)<\/a><\/li>\n<li><a href=\"http:\/\/gecousb.com.ve\/index.php\/materias\/probabilidades-para-ingenieros-co-3121\/\">Probabilidades para Ingenieros (CO-3121)<\/a><\/li>\n<li><a href=\"http:\/\/gecousb.com.ve\/index.php\/sistemas-de-control-ps-4313\/\">Sistemas de Control (PS-4313)<\/a><\/li>\n<li><a href=\"http:\/\/gecousb.com.ve\/index.php\/sistemas-electronicos-industriales-2-ec-2112\/\">Sistemas Electr\u00f3nicos Industriales 2 (EC-2112)<\/a><\/li>\n<li><a href=\"http:\/\/gecousb.com.ve\/index.php\/estadistica-para-ingenieria-co-3321\/\">Estad\u00edstica para Ingenier\u00eda (CO-3321)<\/a><\/li>\n<li><a href=\"http:\/\/gecousb.com.ve\/index.php\/materiales-mt-1113\/\">Materiales (MT-1113)<\/a><\/li>\n<li><a href=\"http:\/\/gecousb.com.ve\/index.php\/robotica-ec-3514\/\">Rob\u00f3tica (EC-3514)<\/a><\/li>\n<li><a href=\"http:\/\/gecousb.com.ve\/index.php\/estadistica-para-la-calidad-y-productividad-co-4311\/\">Estad\u00edstica para la Calidad y Productividad (CO-4311)<\/a><\/li>\n<li>Introducci\u00f3n a los Sistemas de Informaci\u00f3n (PS-3111)<\/li>\n<li>Modelos Lineales (PS-1111)<\/li>\n<li><a href=\"http:\/\/gecousb.com.ve\/index.php\/procesos-de-fabricacion-1-mc-3611\/\">Procesos de Fabricaci\u00f3n 1 (MC-3611)<\/a><\/li>\n<\/ul>\n<p><strong>Cuarto A\u00f1o:<\/strong><\/p>\n<ul>\n<li><a href=\"http:\/\/gecousb.com.ve\/index.php\/materias\/gestion-de-la-produccion-1-ps-4161\/\">Gesti\u00f3n de la Producci\u00f3n 1 (PS-4161)<\/a><\/li>\n<li><a href=\"http:\/\/gecousb.com.ve\/index.php\/modelos-lineales-enteros-y-de-intervalos-ps-4112\/\">Modelos Lineales Enteros y de Intervalos (PS-4112)<\/a><\/li>\n<li><a href=\"http:\/\/gecousb.com.ve\/index.php\/microeconomia-ce-2111\/\">Microeconom\u00eda (CE-2111)<\/a><\/li>\n<li>Predicci\u00f3n y Simulaci\u00f3n (CO-4312)<\/li>\n<li><a href=\"http:\/\/gecousb.com.ve\/index.php\/materias\/procesos-de-fabricacion-2-mc-3612\/\">Procesos de Fabricaci\u00f3n 2 (MC-3612)<\/a><\/li>\n<li>Gesti\u00f3n de la Producci\u00f3n 2 (PS-4162)<\/li>\n<li>Ingenier\u00eda y Contabilidad de Costos (CE-3451)<\/li>\n<li><a href=\"http:\/\/gecousb.com.ve\/index.php\/manejo-automatizado-de-materiales-ps-4350\/\">Manejo Automatizado de Materiales (PS-4350)<\/a><\/li>\n<li><a href=\"http:\/\/gecousb.com.ve\/index.php\/sistemas-avanzados-de-manufactura-mc-3627\/\">Sistemas Avanzados de Manufactura (MC-3627)<\/a><\/li>\n<li><a href=\"http:\/\/gecousb.com.ve\/index.php\/materias\/termodinamica-1-tf-1121\/\">Termodin\u00e1mica (TF-1121)<\/a><\/li>\n<li><a href=\"http:\/\/gecousb.com.ve\/index.php\/materias\/fenomenos-de-transporte-1-tf-1221\/\">Fen\u00f3menos de Transporte (TF-1221)<\/a><\/li>\n<li>Gesti\u00f3n de la Producci\u00f3n 3 (PS-4163)<\/li>\n<li>Ingenier\u00eda Econ\u00f3mica (CE-3116)<\/li>\n<li>Mantenimiento de la Industria (MC-4662)<\/li>\n<\/ul>\n<p><strong>Quinto A\u00f1o:<\/strong><\/p>\n<ul>\n<li>La Variable Ambiental en el Proceso Productivo (PS-5220)<\/li>\n<li>Toma de Decisiones (PS-5130)<\/li>\n<\/ul>\n","protected":false},"excerpt":{"rendered":"<p>Primer A\u00f1o: Matem\u00e1ticas 1 (MA-1111)\/ Matem\u00e1ticas de honor 1 (MA-1121) F\u00edsica 1 (FS-1111) Matem\u00e1ticas 2 (MA-1112)\/ Matem\u00e1ticas de honor 2 (MA-1122) F\u00edsica 2 (FS-1112) Matem\u00e1ticas 3 (MA-1116)\/ Matem\u00e1ticas de honor 3 (MA-1123) Segundo A\u00f1o: F\u00edsica 3 (FS-2211) Laboratorio de F\u00edsica 1 (FS-2181) Matem\u00e1ticas 4 (MA-2115) Qu\u00edmica General 1 (QM-1121) F\u00edsica 4 (FS-2212) Laboratorio de F\u00edsica [&hellip;]<\/p>\n","protected":false},"author":1,"featured_media":0,"parent":6416,"menu_order":0,"comment_status":"open","ping_status":"closed","template":"","meta":[],"categories":[],"tags":[],"_links":{"self":[{"href":"https:\/\/gecousb.com.ve\/index.php\/wp-json\/wp\/v2\/pages\/966"}],"collection":[{"href":"https:\/\/gecousb.com.ve\/index.php\/wp-json\/wp\/v2\/pages"}],"about":[{"href":"https:\/\/gecousb.com.ve\/index.php\/wp-json\/wp\/v2\/types\/page"}],"author":[{"embeddable":true,"href":"https:\/\/gecousb.com.ve\/index.php\/wp-json\/wp\/v2\/users\/1"}],"replies":[{"embeddable":true,"href":"https:\/\/gecousb.com.ve\/index.php\/wp-json\/wp\/v2\/comments?post=966"}],"version-history":[{"count":0,"href":"https:\/\/gecousb.com.ve\/index.php\/wp-json\/wp\/v2\/pages\/966\/revisions"}],"up":[{"embeddable":true,"href":"https:\/\/gecousb.com.ve\/index.php\/wp-json\/wp\/v2\/pages\/6416"}],"wp:attachment":[{"href":"https:\/\/gecousb.com.ve\/index.php\/wp-json\/wp\/v2\/media?parent=966"}],"wp:term":[{"taxonomy":"category","embeddable":true,"href":"https:\/\/gecousb.com.ve\/index.php\/wp-json\/wp\/v2\/categories?post=966"},{"taxonomy":"post_tag","embeddable":true,"href":"https:\/\/gecousb.com.ve\/index.php\/wp-json\/wp\/v2\/tags?post=966"}],"curies":[{"name":"wp","href":"https:\/\/api.w.org\/{rel}","templated":true}]}}