{"id":7326,"date":"2016-06-24T16:12:02","date_gmt":"2016-06-24T16:12:02","guid":{"rendered":"http:\/\/gecousb.com.ve\/?page_id=7326"},"modified":"2016-10-16T18:25:50","modified_gmt":"2016-10-16T18:25:50","slug":"consejos-biologia","status":"publish","type":"page","link":"https:\/\/gecousb.com.ve\/index.php\/carreras-a-e\/lic-biologia-2\/consejos-biologia\/","title":{"rendered":"Consejos para Biolog\u00eda"},"content":{"rendered":"<p>En esta p\u00e1gina encontrar\u00e1s tips y herramientas para hacer m\u00e1s f\u00e1cil tu paso por la carrera:<\/p>\n<p>&nbsp;<\/p>\n<ul>\n<li><a href=\"http:\/\/gecousb.com.ve\/index.php\/2016\/07\/05\/conseguir-material-de-estudio-i-libros-de-texto\/\">\u00bfD\u00f3nde conseguir libros de texto?<\/a><\/li>\n<\/ul>\n","protected":false},"excerpt":{"rendered":"<p>En esta p\u00e1gina encontrar\u00e1s tips y herramientas para hacer m\u00e1s f\u00e1cil tu paso por la carrera: &nbsp; \u00bfD\u00f3nde conseguir libros de texto?<\/p>\n","protected":false},"author":1,"featured_media":0,"parent":6362,"menu_order":0,"comment_status":"open","ping_status":"open","template":"","meta":[],"categories":[],"tags":[],"_links":{"self":[{"href":"https:\/\/gecousb.com.ve\/index.php\/wp-json\/wp\/v2\/pages\/7326"}],"collection":[{"href":"https:\/\/gecousb.com.ve\/index.php\/wp-json\/wp\/v2\/pages"}],"about":[{"href":"https:\/\/gecousb.com.ve\/index.php\/wp-json\/wp\/v2\/types\/page"}],"author":[{"embeddable":true,"href":"https:\/\/gecousb.com.ve\/index.php\/wp-json\/wp\/v2\/users\/1"}],"replies":[{"embeddable":true,"href":"https:\/\/gecousb.com.ve\/index.php\/wp-json\/wp\/v2\/comments?post=7326"}],"version-history":[{"count":0,"href":"https:\/\/gecousb.com.ve\/index.php\/wp-json\/wp\/v2\/pages\/7326\/revisions"}],"up":[{"embeddable":true,"href":"https:\/\/gecousb.com.ve\/index.php\/wp-json\/wp\/v2\/pages\/6362"}],"wp:attachment":[{"href":"https:\/\/gecousb.com.ve\/index.php\/wp-json\/wp\/v2\/media?parent=7326"}],"wp:term":[{"taxonomy":"category","embeddable":true,"href":"https:\/\/gecousb.com.ve\/index.php\/wp-json\/wp\/v2\/categories?post=7326"},{"taxonomy":"post_tag","embeddable":true,"href":"https:\/\/gecousb.com.ve\/index.php\/wp-json\/wp\/v2\/tags?post=7326"}],"curies":[{"name":"wp","href":"https:\/\/api.w.org\/{rel}","templated":true}]}}