{"id":7321,"date":"2016-06-24T16:09:56","date_gmt":"2016-06-24T16:09:56","guid":{"rendered":"http:\/\/gecousb.com.ve\/?page_id=7321"},"modified":"2017-04-24T01:48:09","modified_gmt":"2017-04-24T01:48:09","slug":"consejos-ciclo-bascio","status":"publish","type":"page","link":"https:\/\/gecousb.com.ve\/index.php\/seccion-de-consejos\/consejos-ciclo-bascio\/","title":{"rendered":"Consejos Ciclo B\u00e1sico"},"content":{"rendered":"<p>En esta p\u00e1gina encontrar\u00e1s tips y herramientas para hacer m\u00e1s f\u00e1cil tu paso por la carrera:<\/p>\n<ul>\n<li><a href=\"http:\/\/gecousb.com.ve\/index.php\/2016\/07\/05\/conseguir-material-de-estudio-i-libros-de-texto\/\" target=\"_blank\">Conseguir material de estudio (I). Libros de texto<\/a><\/li>\n<li><a href=\"http:\/\/gecousb.com.ve\/index.php\/2016\/09\/29\/9695\/\">Sitios web y programas<\/a><\/li>\n<li><a href=\"http:\/\/gecousb.com.ve\/index.php\/2017\/04\/24\/como-empezar-a-estudiar-en-la-universidad\/\">C\u00f3mo empezar a estudiar en la Universidad<\/a><\/li>\n<\/ul>\n","protected":false},"excerpt":{"rendered":"<p>En esta p\u00e1gina encontrar\u00e1s tips y herramientas para hacer m\u00e1s f\u00e1cil tu paso por la carrera: Conseguir material de estudio (I). Libros de texto Sitios web y programas C\u00f3mo empezar a estudiar en la Universidad<\/p>\n","protected":false},"author":1,"featured_media":0,"parent":7009,"menu_order":0,"comment_status":"open","ping_status":"open","template":"","meta":[],"categories":[162],"tags":[],"_links":{"self":[{"href":"https:\/\/gecousb.com.ve\/index.php\/wp-json\/wp\/v2\/pages\/7321"}],"collection":[{"href":"https:\/\/gecousb.com.ve\/index.php\/wp-json\/wp\/v2\/pages"}],"about":[{"href":"https:\/\/gecousb.com.ve\/index.php\/wp-json\/wp\/v2\/types\/page"}],"author":[{"embeddable":true,"href":"https:\/\/gecousb.com.ve\/index.php\/wp-json\/wp\/v2\/users\/1"}],"replies":[{"embeddable":true,"href":"https:\/\/gecousb.com.ve\/index.php\/wp-json\/wp\/v2\/comments?post=7321"}],"version-history":[{"count":0,"href":"https:\/\/gecousb.com.ve\/index.php\/wp-json\/wp\/v2\/pages\/7321\/revisions"}],"up":[{"embeddable":true,"href":"https:\/\/gecousb.com.ve\/index.php\/wp-json\/wp\/v2\/pages\/7009"}],"wp:attachment":[{"href":"https:\/\/gecousb.com.ve\/index.php\/wp-json\/wp\/v2\/media?parent=7321"}],"wp:term":[{"taxonomy":"category","embeddable":true,"href":"https:\/\/gecousb.com.ve\/index.php\/wp-json\/wp\/v2\/categories?post=7321"},{"taxonomy":"post_tag","embeddable":true,"href":"https:\/\/gecousb.com.ve\/index.php\/wp-json\/wp\/v2\/tags?post=7321"}],"curies":[{"name":"wp","href":"https:\/\/api.w.org\/{rel}","templated":true}]}}