{"id":656,"date":"2015-05-03T02:37:37","date_gmt":"2015-05-03T02:37:37","guid":{"rendered":"http:\/\/gecousb.com.ve\/?page_id=656"},"modified":"2018-10-21T04:07:16","modified_gmt":"2018-10-21T04:07:16","slug":"organizacion-empresarial","status":"publish","type":"page","link":"https:\/\/gecousb.com.ve\/index.php\/carreras-f-o\/organizacion-empresarial-2\/organizacion-empresarial\/","title":{"rendered":"Materias Organizaci\u00f3n Empresarial"},"content":{"rendered":"<p><strong>Primer A\u00f1o:<\/strong><\/p>\n<ul>\n<li><a href=\"http:\/\/gecousb.com.ve\/index.php\/materias\/matematicas-de-carreras-cortas-1-ma-1101\/\">Matem\u00e1ticas 1 (MA-1101)<\/a><\/li>\n<li>Fundamentos\u00a0de Administraci\u00f3n\u00a01 (CE-1112)<\/li>\n<li><a href=\"http:\/\/gecousb.com.ve\/index.php\/matematicas-2-ma-1103\/\">Matem\u00e1ticas 2 (MA-1103)<\/a><\/li>\n<li>Estad\u00edstica 1 (CO-3313)<\/li>\n<li>Fundamentos\u00a0de Administraci\u00f3n\u00a02 (CE-1113)<\/li>\n<li>Fundamentos\u00a0de Derecho (CE-1311)<\/li>\n<li>Fundamentos\u00a0de Econom\u00eda (CE-1211)<\/li>\n<li>Introducci\u00f3n\u00a0a la\u00a0Computaci\u00f3n (CI-1114)<\/li>\n<\/ul>\n<p><strong>Segundo A\u00f1o:<\/strong><\/p>\n<ul>\n<li>Estad\u00edstica 2 (CO-3314)<\/li>\n<li>Contabilidad 1 (CE-1411)<\/li>\n<li>Legislaci\u00f3n Laboral (CE-1512)<\/li>\n<li>M\u00e9todos y Tiempos (PS-2141)<\/li>\n<li>Sistemas y Procedimientos (PS-2140)<\/li>\n<li>Administraci\u00f3n de Recursos Humanos (CC-2111)<\/li>\n<li>Calidad Total (PS-2160)<\/li>\n<li>Contabilidad 2 (CE-1412)<\/li>\n<li>Comunicaci\u00f3n Gerencial (CE-1518)<\/li>\n<li>Administraci\u00f3n de la Producci\u00f3n (PS-2142)<\/li>\n<li>Sistemas\u00a0de Informaci\u00f3n 1\u00a0(PS-2150)<\/li>\n<li>Supervisi\u00f3n de Recursos Humanos (CC-2112)<\/li>\n<li>T\u00e9cnica de Control de Calidad (PS-2161)<\/li>\n<\/ul>\n<p><strong>Tercer A\u00f1o:<\/strong><\/p>\n<ul>\n<li>Administraci\u00f3n de Materiales (PS-3350)<\/li>\n<li>Gesti\u00f3n de la Calidad (PS-3160)<\/li>\n<li>Sistemas de Informaci\u00f3n 2 (PS-3150)<\/li>\n<li>T\u00e9cnicas de Optimizaci\u00f3n en Modelos Organizacionales (PS-3161)<\/li>\n<li>Principios de Mantenimiento (MC-3691)<\/li>\n<\/ul>\n","protected":false},"excerpt":{"rendered":"<p>Primer A\u00f1o: Matem\u00e1ticas 1 (MA-1101) Fundamentos\u00a0de Administraci\u00f3n\u00a01 (CE-1112) Matem\u00e1ticas 2 (MA-1103) Estad\u00edstica 1 (CO-3313) Fundamentos\u00a0de Administraci\u00f3n\u00a02 (CE-1113) Fundamentos\u00a0de Derecho (CE-1311) Fundamentos\u00a0de Econom\u00eda (CE-1211) Introducci\u00f3n\u00a0a la\u00a0Computaci\u00f3n (CI-1114) Segundo A\u00f1o: Estad\u00edstica 2 (CO-3314) Contabilidad 1 (CE-1411) Legislaci\u00f3n Laboral (CE-1512) M\u00e9todos y Tiempos (PS-2141) Sistemas y Procedimientos (PS-2140) Administraci\u00f3n de Recursos Humanos (CC-2111) Calidad Total (PS-2160) Contabilidad 2 [&hellip;]<\/p>\n","protected":false},"author":1,"featured_media":0,"parent":6385,"menu_order":0,"comment_status":"open","ping_status":"closed","template":"","meta":[],"categories":[186],"tags":[],"_links":{"self":[{"href":"https:\/\/gecousb.com.ve\/index.php\/wp-json\/wp\/v2\/pages\/656"}],"collection":[{"href":"https:\/\/gecousb.com.ve\/index.php\/wp-json\/wp\/v2\/pages"}],"about":[{"href":"https:\/\/gecousb.com.ve\/index.php\/wp-json\/wp\/v2\/types\/page"}],"author":[{"embeddable":true,"href":"https:\/\/gecousb.com.ve\/index.php\/wp-json\/wp\/v2\/users\/1"}],"replies":[{"embeddable":true,"href":"https:\/\/gecousb.com.ve\/index.php\/wp-json\/wp\/v2\/comments?post=656"}],"version-history":[{"count":0,"href":"https:\/\/gecousb.com.ve\/index.php\/wp-json\/wp\/v2\/pages\/656\/revisions"}],"up":[{"embeddable":true,"href":"https:\/\/gecousb.com.ve\/index.php\/wp-json\/wp\/v2\/pages\/6385"}],"wp:attachment":[{"href":"https:\/\/gecousb.com.ve\/index.php\/wp-json\/wp\/v2\/media?parent=656"}],"wp:term":[{"taxonomy":"category","embeddable":true,"href":"https:\/\/gecousb.com.ve\/index.php\/wp-json\/wp\/v2\/categories?post=656"},{"taxonomy":"post_tag","embeddable":true,"href":"https:\/\/gecousb.com.ve\/index.php\/wp-json\/wp\/v2\/tags?post=656"}],"curies":[{"name":"wp","href":"https:\/\/api.w.org\/{rel}","templated":true}]}}