{"id":655,"date":"2015-05-03T02:35:14","date_gmt":"2015-05-03T02:35:14","guid":{"rendered":"http:\/\/gecousb.com.ve\/?page_id=655"},"modified":"2017-02-24T03:01:02","modified_gmt":"2017-02-24T03:01:02","slug":"ing-mecanica","status":"publish","type":"page","link":"https:\/\/gecousb.com.ve\/index.php\/carreras-f-o\/ing-mecanica-2\/ing-mecanica\/","title":{"rendered":"Materias Ing.Mec\u00e1nica"},"content":{"rendered":"<p><strong>Primer A\u00f1o:<\/strong><\/p>\n<ul>\n<li><a href=\"http:\/\/gecousb.com.ve\/index.php\/materias\/geometria-ma-1511\/\">Geometr\u00eda (MA-1511)<\/a><\/li>\n<li><a href=\"http:\/\/gecousb.com.ve\/index.php\/materias\/matematicas-1-ma-1111\/#\">Matem\u00e1ticas 1 (MA-1111)<\/a>\/ <a href=\"http:\/\/gecousb.com.ve\/index.php\/materias\/matematicas-de-honor-1-ma-1121\/\">Matem\u00e1ticas de honor 1 (MA-1121)<\/a><\/li>\n<li><a href=\"http:\/\/gecousb.com.ve\/index.php\/materias\/fisica-1-fs-1111\/\">F\u00edsica 1 (FS-1111)<\/a><\/li>\n<li><a href=\"http:\/\/gecousb.com.ve\/index.php\/materias\/matematicas-2-ma-1112\/\">Matem\u00e1ticas 2 (MA-1112)<\/a>\/ <a href=\"http:\/\/gecousb.com.ve\/index.php\/materias\/matematicas-de-honor-2-ma-1122\/\">Matem\u00e1ticas de honor 2 (MA-1122)<\/a><\/li>\n<li><a href=\"http:\/\/gecousb.com.ve\/index.php\/materias\/fisica-2-fs-1112\/\">F\u00edsica 2 (FS-1112)<\/a><\/li>\n<li><a href=\"http:\/\/gecousb.com.ve\/index.php\/materias\/matematicas-3-ma-1116\/\">Matem\u00e1ticas 3 (MA-1116)<\/a>\/ <a href=\"http:\/\/gecousb.com.ve\/index.php\/materias\/matematicas-de-honor-3-ma-1123\/\">Matem\u00e1ticas de honor 3 (MA-1123)<\/a><\/li>\n<\/ul>\n<p><strong>Segundo A\u00f1o:<\/strong><\/p>\n<ul>\n<li><a href=\"http:\/\/gecousb.com.ve\/index.php\/materias\/fisica-3-fs-2211\/\">F\u00edsica 3 (FS-2211)<\/a><\/li>\n<li><a href=\"http:\/\/gecousb.com.ve\/index.php\/laboratorio-basico-de-fisica-1-fs-2181\/\">Laboratorio de F\u00edsica 1 (FS-2181)<\/a><\/li>\n<li><a href=\"http:\/\/gecousb.com.ve\/index.php\/materias\/matematicas-4-ma-2115\/\">Matem\u00e1ticas 4 (MA-2115)<\/a><\/li>\n<li><a href=\"http:\/\/gecousb.com.ve\/index.php\/materias\/quimica-general-1-qm-1121\/\">Qu\u00edmica General 1 (QM-1121)<\/a><\/li>\n<li><a href=\"http:\/\/gecousb.com.ve\/index.php\/materias\/dibujo-mecanico-mc-2131\/\">Dibujo Mec\u00e1nico (MC-2131)<\/a><\/li>\n<li><a href=\"http:\/\/gecousb.com.ve\/index.php\/materias\/fisica-4-fs-2212\/\">F\u00edsica 4 (FS-2212)<\/a><\/li>\n<li>Laboratorio de F\u00edsica 2 (FS-2281)<\/li>\n<li><a href=\"http:\/\/gecousb.com.ve\/index.php\/materias\/matematicas-5-ma-2112\/\">Matem\u00e1ticas 5 (MA-2112)<\/a><\/li>\n<li><a href=\"http:\/\/gecousb.com.ve\/index.php\/materias\/mecanica-computacional-1-mc-2421\/\">Mec\u00e1nica Computacional 1 (MC-2421)<\/a><\/li>\n<li><a href=\"http:\/\/gecousb.com.ve\/index.php\/materias\/matematicas-6-ma-2113\/\">Matem\u00e1ticas 6 (MA-2113)<\/a><\/li>\n<li><a href=\"http:\/\/gecousb.com.ve\/index.php\/materias\/mecanica-computacional-2-mc-2422\/\">Mec\u00e1nica Computacional 2\u00a0(MC-2422)<\/a><\/li>\n<li><a href=\"http:\/\/gecousb.com.ve\/index.php\/materias\/mecanica-de-materiales-1-mc-2141\/\">Mec\u00e1nica de Materiales 1 (MC-2141)<\/a><\/li>\n<\/ul>\n<p><strong>Tercer A\u00f1o:<\/strong><\/p>\n<ul>\n<li><a href=\"http:\/\/gecousb.com.ve\/index.php\/materias\/dinamica-1-mc-2431\/\">Din\u00e1mica 1 (MC-2431)<\/a><\/li>\n<li><a href=\"http:\/\/gecousb.com.ve\/index.php\/materias\/matematicas-7-ma-3111\/\">Matem\u00e1ticas 7 (MA-3111)<\/a><\/li>\n<li><a href=\"http:\/\/gecousb.com.ve\/index.php\/materias\/mecanica-de-materiales-2-mc-2142\/\">Mec\u00e1nica de Materiales 2 (MC-2142)<\/a><\/li>\n<li><a href=\"http:\/\/gecousb.com.ve\/index.php\/materias\/termodinamica-1-tf-1121\/\">Termodin\u00e1mica 1 (TF-1121)<\/a><\/li>\n<li><a href=\"http:\/\/gecousb.com.ve\/index.php\/dinamica-2-mc-2432\/\">Din\u00e1mica 2 (MC-2432)<\/a><\/li>\n<li><a href=\"http:\/\/gecousb.com.ve\/index.php\/materias\/mecanica-de-fluidos-1-mc-2312\/\">Mec\u00e1nica De Fluidos 1 (MC-2312)<\/a><\/li>\n<li><a href=\"http:\/\/gecousb.com.ve\/index.php\/materias\/mecanica-de-materiales-3-mc-2143\/\">Mec\u00e1nica De Materiales 3 (MC-2143)<\/a><\/li>\n<li><a href=\"http:\/\/gecousb.com.ve\/index.php\/materias\/termodinamica-2-tf-2123\/\">Termodin\u00e1mica 2 (TF-2123)<\/a><\/li>\n<li><a href=\"http:\/\/gecousb.com.ve\/index.php\/materiales-mt-1113\/\">Materiales (MT-1113)<\/a><\/li>\n<li>Mec\u00e1nica de Fluidos 2 (MC-2313)<\/li>\n<li><a href=\"http:\/\/gecousb.com.ve\/index.php\/materias\/transferencia-de-calor-1-tf-2251\/\">Transferencia De Calor 1 (TF-2251)<\/a><\/li>\n<li><a href=\"http:\/\/gecousb.com.ve\/index.php\/materias\/vibraciones-mecanicas-mc-2415\/\">Vibraciones Mec\u00e1nicas (MC-2415)<\/a><\/li>\n<\/ul>\n<p><strong>Cuarto A\u00f1o:<\/strong><\/p>\n<ul>\n<li><a href=\"http:\/\/gecousb.com.ve\/index.php\/materias\/dinamica-de-maquinas-mc-2414\/\">Din\u00e1mica De M\u00e1quinas (MC-2414)<\/a><\/li>\n<li><a href=\"http:\/\/gecousb.com.ve\/index.php\/materias\/diseno-de-maquinas-1-mc-4131\/\">Dise\u00f1o De M\u00e1quinas 1 (MC-4131)<\/a><\/li>\n<li><a href=\"http:\/\/gecousb.com.ve\/index.php\/materias\/mecanica-de-fluidos-3-mc-2314\/\">Mec\u00e1nica De Fluidos 3 (MC-2314)<\/a><\/li>\n<li><a href=\"http:\/\/gecousb.com.ve\/index.php\/materias\/transferencia-de-calor-2-tf-2252\/\">Transferencia De Calor 2 (TF-2252)<\/a><\/li>\n<li>Accionamientos El\u00e9ctricos (CT-3331)<\/li>\n<li><a href=\"http:\/\/gecousb.com.ve\/index.php\/materias\/diseno-de-maquinas-2-mc-4132\/\">Dise\u00f1o de M\u00e1quinas 2 (MC-4132)<\/a><\/li>\n<li><a href=\"http:\/\/gecousb.com.ve\/index.php\/procesos-de-fabricacion-1-mc-3611\/\">Procesos de Fabricaci\u00f3n\u00a01 (MC-3611)<\/a><\/li>\n<li><a href=\"http:\/\/gecousb.com.ve\/index.php\/materias\/turbomaquinas-hidraulicas-ct-3411\/\">Turbom\u00e1quinas Hidr\u00e1ulicas (CT-3411)<\/a><\/li>\n<li><a href=\"http:\/\/gecousb.com.ve\/index.php\/materias\/economia-de-la-empresa-ce-3114\/\">Econom\u00eda de la Empresa (CE-3114)<\/a><\/li>\n<li><a href=\"http:\/\/gecousb.com.ve\/index.php\/materias\/instrumentacion-y-control-ps-1316\/\">Instrumentaci\u00f3n y Control (PS-1316)<\/a><\/li>\n<li>Metodolog\u00eda del Dise\u00f1o (MC-4133)<\/li>\n<li><a href=\"http:\/\/gecousb.com.ve\/index.php\/materias\/procesos-de-fabricacion-2-mc-3612\/\">Procesos De Fabricaci\u00f3n 2 (MC-3612)<\/a><\/li>\n<li><a href=\"http:\/\/gecousb.com.ve\/index.php\/materias\/turbomaquinas-termicas-ct-3412\/\">Turbom\u00e1quinas T\u00e9rmicas (CT-3412)<\/a><\/li>\n<\/ul>\n<p><strong>Quinto\u00a0A\u00f1o:<\/strong><\/p>\n<ul>\n<li><a href=\"http:\/\/gecousb.com.ve\/index.php\/materias\/evaluacion-de-proyectos-ce-3122\/\">Evaluaci\u00f3n De Proyectos (CE-3122)<\/a><\/li>\n<li>M\u00e1quinas Volum\u00e9tricas (CT-3415)<\/li>\n<li>Sistemas Energ\u00e9ticos (CT-3413)<\/li>\n<\/ul>\n","protected":false},"excerpt":{"rendered":"<p>Primer A\u00f1o: Geometr\u00eda (MA-1511) Matem\u00e1ticas 1 (MA-1111)\/ Matem\u00e1ticas de honor 1 (MA-1121) F\u00edsica 1 (FS-1111) Matem\u00e1ticas 2 (MA-1112)\/ Matem\u00e1ticas de honor 2 (MA-1122) F\u00edsica 2 (FS-1112) Matem\u00e1ticas 3 (MA-1116)\/ Matem\u00e1ticas de honor 3 (MA-1123) Segundo A\u00f1o: F\u00edsica 3 (FS-2211) Laboratorio de F\u00edsica 1 (FS-2181) Matem\u00e1ticas 4 (MA-2115) Qu\u00edmica General 1 (QM-1121) Dibujo Mec\u00e1nico (MC-2131) F\u00edsica [&hellip;]<\/p>\n","protected":false},"author":1,"featured_media":0,"parent":6379,"menu_order":0,"comment_status":"open","ping_status":"closed","template":"","meta":[],"categories":[],"tags":[],"_links":{"self":[{"href":"https:\/\/gecousb.com.ve\/index.php\/wp-json\/wp\/v2\/pages\/655"}],"collection":[{"href":"https:\/\/gecousb.com.ve\/index.php\/wp-json\/wp\/v2\/pages"}],"about":[{"href":"https:\/\/gecousb.com.ve\/index.php\/wp-json\/wp\/v2\/types\/page"}],"author":[{"embeddable":true,"href":"https:\/\/gecousb.com.ve\/index.php\/wp-json\/wp\/v2\/users\/1"}],"replies":[{"embeddable":true,"href":"https:\/\/gecousb.com.ve\/index.php\/wp-json\/wp\/v2\/comments?post=655"}],"version-history":[{"count":0,"href":"https:\/\/gecousb.com.ve\/index.php\/wp-json\/wp\/v2\/pages\/655\/revisions"}],"up":[{"embeddable":true,"href":"https:\/\/gecousb.com.ve\/index.php\/wp-json\/wp\/v2\/pages\/6379"}],"wp:attachment":[{"href":"https:\/\/gecousb.com.ve\/index.php\/wp-json\/wp\/v2\/media?parent=655"}],"wp:term":[{"taxonomy":"category","embeddable":true,"href":"https:\/\/gecousb.com.ve\/index.php\/wp-json\/wp\/v2\/categories?post=655"},{"taxonomy":"post_tag","embeddable":true,"href":"https:\/\/gecousb.com.ve\/index.php\/wp-json\/wp\/v2\/tags?post=655"}],"curies":[{"name":"wp","href":"https:\/\/api.w.org\/{rel}","templated":true}]}}