{"id":654,"date":"2015-05-03T02:34:15","date_gmt":"2015-05-03T02:34:15","guid":{"rendered":"http:\/\/gecousb.com.ve\/?page_id=654"},"modified":"2017-02-24T03:05:04","modified_gmt":"2017-02-24T03:05:04","slug":"ing-materiales","status":"publish","type":"page","link":"https:\/\/gecousb.com.ve\/index.php\/carreras-f-o\/ing-materiales-2\/ing-materiales\/","title":{"rendered":"Materias Ing.Materiales"},"content":{"rendered":"<p><strong>Primer A\u00f1o:<\/strong><\/p>\n<ul>\n<li><a href=\"http:\/\/gecousb.com.ve\/index.php\/materias\/matematicas-1-ma-1111\/#\">Matem\u00e1ticas 1 (MA-1111)<\/a>\/ <a href=\"http:\/\/gecousb.com.ve\/index.php\/materias\/matematicas-de-honor-1-ma-1121\/\">Matem\u00e1ticas de honor 1 (MA-1121)<\/a><\/li>\n<li><a href=\"http:\/\/gecousb.com.ve\/index.php\/materias\/fisica-1-fs-1111\/\">F\u00edsica 1 (FS-1111)<\/a><\/li>\n<li><a href=\"http:\/\/gecousb.com.ve\/index.php\/materias\/matematicas-2-ma-1112\/\">Matem\u00e1ticas 2 (MA-1112)<\/a>\/ <a href=\"http:\/\/gecousb.com.ve\/index.php\/materias\/matematicas-de-honor-2-ma-1122\/\">Matem\u00e1ticas de honor 2 (MA-1122)<\/a><\/li>\n<li><a href=\"http:\/\/gecousb.com.ve\/index.php\/materias\/fisica-2-fs-1112\/\">F\u00edsica 2 (FS-1112)<\/a><\/li>\n<li><a href=\"http:\/\/gecousb.com.ve\/index.php\/materias\/matematicas-3-ma-1116\/\">Matem\u00e1ticas 3 (MA-1116)<\/a>\/ <a href=\"http:\/\/gecousb.com.ve\/index.php\/materias\/matematicas-de-honor-3-ma-1123\/\">Matem\u00e1ticas de honor 3 (MA-1123)<\/a><\/li>\n<\/ul>\n<p><strong>Segundo A\u00f1o:<\/strong><\/p>\n<ul>\n<li><a href=\"http:\/\/gecousb.com.ve\/index.php\/materias\/fisica-3-fs-2211\/\">F\u00edsica 3 (FS-2211)<\/a><\/li>\n<li><a href=\"http:\/\/gecousb.com.ve\/index.php\/laboratorio-basico-de-fisica-1-fs-2181\/\">Laboratorio de F\u00edsica 1 (FS-2181)<\/a><\/li>\n<li><a href=\"http:\/\/gecousb.com.ve\/index.php\/materias\/matematicas-4-ma-2115\/\">Matem\u00e1ticas 4 (MA-2115)<\/a><\/li>\n<li><a href=\"http:\/\/gecousb.com.ve\/index.php\/materias\/quimica-general-1-qm-1121\/\">Qu\u00edmica General 1 (QM-1121)<\/a><\/li>\n<li><a href=\"http:\/\/gecousb.com.ve\/index.php\/materias\/fisica-4-fs-2212\/\">F\u00edsica 4 (FS-2212)<\/a><\/li>\n<li>Laboratorio de F\u00edsica 2 (FS-2281)<\/li>\n<li><a href=\"http:\/\/gecousb.com.ve\/index.php\/materias\/matematicas-5-ma-2112\/\">Matem\u00e1ticas 5 (MA-2112)<\/a><\/li>\n<li><a href=\"http:\/\/gecousb.com.ve\/index.php\/materias\/quimica-organica-para-im-qm-2427\/\">Qu\u00edmica Org\u00e1nica (QM-2427)<\/a><\/li>\n<li><a href=\"http:\/\/gecousb.com.ve\/index.php\/materias\/ciencia-de-los-materiales-1-mt-2511\/\">Ciencia de los Materiales 1 (MT-2511)<\/a><\/li>\n<li><a href=\"http:\/\/gecousb.com.ve\/index.php\/laboratorio-de-quimica-general-1-qm-1181\/\">Laboratorio de Qu\u00edmica (QM-1181)<\/a><\/li>\n<li><a href=\"http:\/\/gecousb.com.ve\/index.php\/materias\/matematicas-6-ma-2113\/\">Matem\u00e1ticas 6 (MA-2113)<\/a><\/li>\n<li><a href=\"http:\/\/gecousb.com.ve\/index.php\/materias\/mecanica-de-materiales-1-mc-2141\/\">Mec\u00e1nica de Materiales 1 (MC-2141)<\/a><\/li>\n<li>Termodin\u00e1mica (TF-1122)<\/li>\n<\/ul>\n<p><strong>Tercer A\u00f1o:<\/strong><\/p>\n<ul>\n<li><a href=\"http:\/\/gecousb.com.ve\/index.php\/ciencia-de-los-materiales-2-mt-2512\/\">Ciencia de los Materiales 2 (MT-2512)<\/a><\/li>\n<li>Laboratorio de Materiales 1 (MT-2581)<\/li>\n<li><a href=\"http:\/\/gecousb.com.ve\/index.php\/materias\/mecanica-de-materiales-2-mc-2142\/\">Mec\u00e1nica de Materiales 2 (MC-2142)<\/a><\/li>\n<li>Termodin\u00e1mica de Materiales (MT-2115)<\/li>\n<li>Comportamiento Mec\u00e1nico de Materiales (MT-3511)<\/li>\n<li><a href=\"http:\/\/gecousb.com.ve\/index.php\/materias\/fenomenos-de-transporte-1-tf-1221\/\">Fen\u00f3menos de Transporte 1 (TF-1221)<\/a><\/li>\n<li>Laboratorio de Materiales 2 (MT-2582)<\/li>\n<li>S\u00edntesis de Materiales 1 *Pol\u00edmeros* (MT-3611)<\/li>\n<li>Ciencias de los Materiales 3 (MT-2513)<\/li>\n<li><a href=\"http:\/\/gecousb.com.ve\/index.php\/materias\/fenomenos-de-transporte-2-tf-2241\/\">Fen\u00f3menos de Transporte 2 (TF-2241)<\/a><\/li>\n<li>Laboratorio de Materiales 3 (MT-2583)<\/li>\n<li>S\u00edntesis de Materiales 2 *Cer\u00e1micas y Metales* (MT-3612)<\/li>\n<\/ul>\n<p><strong>Cuarto A\u00f1o:<\/strong><\/p>\n<ul>\n<li><a href=\"http:\/\/gecousb.com.ve\/index.php\/materias\/dibujo-mecanico-mc-2131\/\">Dibujo Mec\u00e1nico (MC-2131)<\/a><\/li>\n<li>M\u00e9todos Num\u00e9ricos en Ingenier\u00eda (CO-3212)<\/li>\n<li>Procesamiento de Metales (MC-3610)<\/li>\n<li>Procesamiento de Pol\u00edmeros (MC-2510)<\/li>\n<li>Introducci\u00f3n a la Gerencia (CE-3419)<\/li>\n<li>Materiales de Ingenier\u00eda (MT-4511)<\/li>\n<li>Procesamiento de Cer\u00e1micas (MT-3614)<\/li>\n<\/ul>\n","protected":false},"excerpt":{"rendered":"<p>Primer A\u00f1o: Matem\u00e1ticas 1 (MA-1111)\/ Matem\u00e1ticas de honor 1 (MA-1121) F\u00edsica 1 (FS-1111) Matem\u00e1ticas 2 (MA-1112)\/ Matem\u00e1ticas de honor 2 (MA-1122) F\u00edsica 2 (FS-1112) Matem\u00e1ticas 3 (MA-1116)\/ Matem\u00e1ticas de honor 3 (MA-1123) Segundo A\u00f1o: F\u00edsica 3 (FS-2211) Laboratorio de F\u00edsica 1 (FS-2181) Matem\u00e1ticas 4 (MA-2115) Qu\u00edmica General 1 (QM-1121) F\u00edsica 4 (FS-2212) Laboratorio de F\u00edsica [&hellip;]<\/p>\n","protected":false},"author":1,"featured_media":0,"parent":6377,"menu_order":0,"comment_status":"open","ping_status":"closed","template":"","meta":[],"categories":[],"tags":[],"_links":{"self":[{"href":"https:\/\/gecousb.com.ve\/index.php\/wp-json\/wp\/v2\/pages\/654"}],"collection":[{"href":"https:\/\/gecousb.com.ve\/index.php\/wp-json\/wp\/v2\/pages"}],"about":[{"href":"https:\/\/gecousb.com.ve\/index.php\/wp-json\/wp\/v2\/types\/page"}],"author":[{"embeddable":true,"href":"https:\/\/gecousb.com.ve\/index.php\/wp-json\/wp\/v2\/users\/1"}],"replies":[{"embeddable":true,"href":"https:\/\/gecousb.com.ve\/index.php\/wp-json\/wp\/v2\/comments?post=654"}],"version-history":[{"count":0,"href":"https:\/\/gecousb.com.ve\/index.php\/wp-json\/wp\/v2\/pages\/654\/revisions"}],"up":[{"embeddable":true,"href":"https:\/\/gecousb.com.ve\/index.php\/wp-json\/wp\/v2\/pages\/6377"}],"wp:attachment":[{"href":"https:\/\/gecousb.com.ve\/index.php\/wp-json\/wp\/v2\/media?parent=654"}],"wp:term":[{"taxonomy":"category","embeddable":true,"href":"https:\/\/gecousb.com.ve\/index.php\/wp-json\/wp\/v2\/categories?post=654"},{"taxonomy":"post_tag","embeddable":true,"href":"https:\/\/gecousb.com.ve\/index.php\/wp-json\/wp\/v2\/tags?post=654"}],"curies":[{"name":"wp","href":"https:\/\/api.w.org\/{rel}","templated":true}]}}