{"id":653,"date":"2015-05-03T02:33:40","date_gmt":"2015-05-03T02:33:40","guid":{"rendered":"http:\/\/gecousb.com.ve\/?page_id=653"},"modified":"2017-02-24T02:27:21","modified_gmt":"2017-02-24T02:27:21","slug":"lic-matematicas","status":"publish","type":"page","link":"https:\/\/gecousb.com.ve\/index.php\/carreras-f-o\/lic-matematicas-2\/lic-matematicas\/","title":{"rendered":"Materias Lic.Matem\u00e1ticas"},"content":{"rendered":"<p><strong>Primer A\u00f1o:<\/strong><\/p>\n<ul>\n<li><a href=\"http:\/\/gecousb.com.ve\/index.php\/materias\/geometria-ma-1511\/\">Geometr\u00eda (MA-1511)<\/a><\/li>\n<li><a href=\"http:\/\/gecousb.com.ve\/index.php\/materias\/matematicas-1-ma-1111\/#\">Matem\u00e1ticas 1 (MA-1111)<\/a>\/ <a href=\"http:\/\/gecousb.com.ve\/index.php\/materias\/matematicas-de-honor-1-ma-1121\/\">Matem\u00e1ticas de honor 1 (MA-1121)<\/a><\/li>\n<li><a href=\"http:\/\/gecousb.com.ve\/index.php\/materias\/fisica-1-fs-1111\/\">F\u00edsica 1 (FS-1111)<\/a><\/li>\n<li><a href=\"http:\/\/gecousb.com.ve\/index.php\/materias\/matematicas-2-ma-1112\/\">Matem\u00e1ticas 2 (MA-1112)<\/a>\/ <a href=\"http:\/\/gecousb.com.ve\/index.php\/materias\/matematicas-de-honor-2-ma-1122\/\">Matem\u00e1ticas de honor 2 (MA-1122)<\/a><\/li>\n<li><a href=\"http:\/\/gecousb.com.ve\/index.php\/materias\/fisica-2-fs-1112\/\">F\u00edsica 2 (FS-1112)<\/a><\/li>\n<li><a href=\"http:\/\/gecousb.com.ve\/index.php\/materias\/matematicas-3-ma-1116\/\">Matem\u00e1ticas 3 (MA-1116)<\/a>\/ <a href=\"http:\/\/gecousb.com.ve\/index.php\/materias\/matematicas-de-honor-3-ma-1123\/\">Matem\u00e1ticas de honor 3 (MA-1123)<\/a><\/li>\n<\/ul>\n<p><strong>Segundo A\u00f1o:<\/strong><\/p>\n<ul>\n<li><a href=\"http:\/\/gecousb.com.ve\/index.php\/materias\/algebra-1-ma-2221\/\">\u00c1lgebra 1 (MA-2221)<\/a><\/li>\n<li>C\u00e1lculo 1 (MA-2134)<\/li>\n<li><a href=\"http:\/\/gecousb.com.ve\/index.php\/materias\/computo-cientifico-1-co-2111\/\">C\u00f3mputo Cient\u00edfico 1 (CO-2111)<\/a><\/li>\n<li>Geometr\u00eda 1 (MA-2511)<\/li>\n<li><a href=\"http:\/\/gecousb.com.ve\/index.php\/algebra-2-ma-2222\/\">\u00c1lgebra 2 (MA-2222)<\/a><\/li>\n<li>C\u00e1lculo 2 (MA-2135)<\/li>\n<li>C\u00f3mputo Cient\u00edfico 2 (CO-2112)<\/li>\n<li>Fundamentos de Psicolog\u00eda (CC-3213)<\/li>\n<li>Geometr\u00eda 2 (MA-2512)<\/li>\n<li><a href=\"http:\/\/gecousb.com.ve\/index.php\/materias\/algebra-3-ma-2223\/\">\u00c1lgebra 3 (MA-2223)<\/a><\/li>\n<li>C\u00e1lculo 3 (MA-2136)<\/li>\n<li>Fundamentos\u00a0de la Educaci\u00f3n\u00a0(CC-3211)<\/li>\n<li>Geometr\u00eda 3 (MA-2513)<\/li>\n<li>Matem\u00e1ticas Computacionales\u00a0(CO-2113)<\/li>\n<\/ul>\n<p><strong>Tercer A\u00f1o:<\/strong><\/p>\n<ul>\n<li>An\u00e1lisis 1 (MA-2321)<\/li>\n<li>Introducci\u00f3n a la Teor\u00eda de Grupos (MA4211)<\/li>\n<li><a href=\"http:\/\/gecousb.com.ve\/index.php\/matematicas-discretas-ma-3421\/\">Matem\u00e1ticas Discretas (MA-3421)<\/a><\/li>\n<li>Probabilidades para Matem\u00e1ticos (CO-3511)<\/li>\n<li>Programaci\u00f3n Lineal (CO-3411)<\/li>\n<li>Teor\u00edas del Aprendizaje y de la Ense\u00f1anza \u00a0(CC-3212)<\/li>\n<li>An\u00e1lisis 2 (MA-2322)<\/li>\n<li>Elementos de Did\u00e1ctica de la Matem\u00e1tica (MA-3810)<\/li>\n<li>Introducci\u00f3n a la Teor\u00eda de Probabilidades (MA-3613)<\/li>\n<li>Introducci\u00f3n a la Teor\u00eda de Anillos (MA-4212)<\/li>\n<li>Topolog\u00eda y Geoemetr\u00eda I (MA-4511)<\/li>\n<li>An\u00e1lisis 3 (MA-2323)<\/li>\n<li>Dificultades en el Aprendizaje de las Matem\u00e1ticas (MA-3811)<\/li>\n<li>Inform\u00e1tica Educativa (CC-3214)<\/li>\n<li>Procesos Estoc\u00e1sticos (MA-4641)<\/li>\n<li>Introducci\u00f3n a los Procesos Estoc\u00e1sticos (MA-4611)<\/li>\n<\/ul>\n<p><strong>Cuarto A\u00f1o:<\/strong><\/p>\n<ul>\n<li><a href=\"http:\/\/gecousb.com.ve\/index.php\/algoritmos-y-estructuras-1-ci-2611\/\">Algoritmos y Estructuras 1 (CI-2611)<\/a><\/li>\n<li>An\u00e1lisis 4 (MA-3321)<\/li>\n<li>Ecuaciones Diferenciales y Aplicaciones 1 (MA-3712)<\/li>\n<li>Matem\u00e1ticas, Entornos Inform\u00e1ticos de Aprendizaje y el uso de Internet (MA-4810)<\/li>\n<li>Resoluci\u00f3n de Problemas en Educaci\u00f3n Matem\u00e1tica (MA-4910)<\/li>\n<li><a href=\"http:\/\/gecousb.com.ve\/index.php\/materias\/algoritmos-y-estructuras-2-ci-2612\/\">Algoritmos y Estructuras 2\u00a0(CI-2612)<\/a><\/li>\n<li>An\u00e1lisis 5 (MA-3322)<\/li>\n<li>Combinatoria (MA-4411)<\/li>\n<li>Did\u00e1ctica del Algebra y del C\u00e1lculo (MA-4911)<\/li>\n<li>Did\u00e1ctica de Geometr\u00eda (MA-4816)<\/li>\n<li>An\u00e1lisis 6 (MA-3323)<\/li>\n<li>Curriculum en Matem\u00e1ticas (MA-4915)<\/li>\n<li>Did\u00e1ctica de Probabilidad y Estad\u00edstica (MA-4820)<\/li>\n<li>Epistemolog\u00eda, Naturaleza y quehacer Matem\u00e1tico (MA-4917)<\/li>\n<li>Topolog\u00eda y Geoemetr\u00eda II (MA4512)<\/li>\n<\/ul>\n<p><strong>Quinto\u00a0A\u00f1o:<\/strong><\/p>\n<ul>\n<li>Evaluaci\u00f3n en Matem\u00e1ticas (MA-5810)<\/li>\n<li>Ecuaciones Diferenciales y Aplicaciones 2 (MA-3713)<\/li>\n<\/ul>\n","protected":false},"excerpt":{"rendered":"<p>Primer A\u00f1o: Geometr\u00eda (MA-1511) Matem\u00e1ticas 1 (MA-1111)\/ Matem\u00e1ticas de honor 1 (MA-1121) F\u00edsica 1 (FS-1111) Matem\u00e1ticas 2 (MA-1112)\/ Matem\u00e1ticas de honor 2 (MA-1122) F\u00edsica 2 (FS-1112) Matem\u00e1ticas 3 (MA-1116)\/ Matem\u00e1ticas de honor 3 (MA-1123) Segundo A\u00f1o: \u00c1lgebra 1 (MA-2221) C\u00e1lculo 1 (MA-2134) C\u00f3mputo Cient\u00edfico 1 (CO-2111) Geometr\u00eda 1 (MA-2511) \u00c1lgebra 2 (MA-2222) C\u00e1lculo 2 (MA-2135) [&hellip;]<\/p>\n","protected":false},"author":1,"featured_media":0,"parent":6383,"menu_order":0,"comment_status":"open","ping_status":"closed","template":"","meta":[],"categories":[],"tags":[],"_links":{"self":[{"href":"https:\/\/gecousb.com.ve\/index.php\/wp-json\/wp\/v2\/pages\/653"}],"collection":[{"href":"https:\/\/gecousb.com.ve\/index.php\/wp-json\/wp\/v2\/pages"}],"about":[{"href":"https:\/\/gecousb.com.ve\/index.php\/wp-json\/wp\/v2\/types\/page"}],"author":[{"embeddable":true,"href":"https:\/\/gecousb.com.ve\/index.php\/wp-json\/wp\/v2\/users\/1"}],"replies":[{"embeddable":true,"href":"https:\/\/gecousb.com.ve\/index.php\/wp-json\/wp\/v2\/comments?post=653"}],"version-history":[{"count":0,"href":"https:\/\/gecousb.com.ve\/index.php\/wp-json\/wp\/v2\/pages\/653\/revisions"}],"up":[{"embeddable":true,"href":"https:\/\/gecousb.com.ve\/index.php\/wp-json\/wp\/v2\/pages\/6383"}],"wp:attachment":[{"href":"https:\/\/gecousb.com.ve\/index.php\/wp-json\/wp\/v2\/media?parent=653"}],"wp:term":[{"taxonomy":"category","embeddable":true,"href":"https:\/\/gecousb.com.ve\/index.php\/wp-json\/wp\/v2\/categories?post=653"},{"taxonomy":"post_tag","embeddable":true,"href":"https:\/\/gecousb.com.ve\/index.php\/wp-json\/wp\/v2\/tags?post=653"}],"curies":[{"name":"wp","href":"https:\/\/api.w.org\/{rel}","templated":true}]}}