{"id":652,"date":"2015-05-03T02:31:53","date_gmt":"2015-05-03T02:31:53","guid":{"rendered":"http:\/\/gecousb.com.ve\/?page_id=652"},"modified":"2017-02-24T03:01:30","modified_gmt":"2017-02-24T03:01:30","slug":"ing-geofisica","status":"publish","type":"page","link":"https:\/\/gecousb.com.ve\/index.php\/carreras-f-o\/ing-geofisica-2\/ing-geofisica\/","title":{"rendered":"Materias Ing.Geof\u00edsica"},"content":{"rendered":"<p><strong>Primer A\u00f1o:<\/strong><\/p>\n<ul>\n<li><a href=\"http:\/\/gecousb.com.ve\/index.php\/materias\/matematicas-1-ma-1111\/#\">Matem\u00e1ticas 1 (MA-1111)<\/a>\/ <a href=\"http:\/\/gecousb.com.ve\/index.php\/materias\/matematicas-de-honor-1-ma-1121\/\">Matem\u00e1ticas de honor 1 (MA-1121)<\/a><\/li>\n<li><a href=\"http:\/\/gecousb.com.ve\/index.php\/materias\/fisica-1-fs-1111\/\">F\u00edsica 1 (FS-1111)<\/a><\/li>\n<li><a href=\"http:\/\/gecousb.com.ve\/index.php\/materias\/matematicas-2-ma-1112\/\">Matem\u00e1ticas 2 (MA-1112)<\/a>\/ <a href=\"http:\/\/gecousb.com.ve\/index.php\/materias\/matematicas-de-honor-2-ma-1122\/\">Matem\u00e1ticas de honor 2 (MA-1122)<\/a><\/li>\n<li><a href=\"http:\/\/gecousb.com.ve\/index.php\/materias\/fisica-2-fs-1112\/\">F\u00edsica 2 (FS-1112)<\/a><\/li>\n<li><a href=\"http:\/\/gecousb.com.ve\/index.php\/materias\/matematicas-3-ma-1116\/\">Matem\u00e1ticas 3 (MA-1116)<\/a>\/ <a href=\"http:\/\/gecousb.com.ve\/index.php\/materias\/matematicas-de-honor-3-ma-1123\/\">Matem\u00e1ticas de honor 3 (MA-1123)<\/a><\/li>\n<\/ul>\n<p><strong>Segundo A\u00f1o:<\/strong><\/p>\n<ul>\n<li><a href=\"http:\/\/gecousb.com.ve\/index.php\/materias\/fisica-3-fs-2211\/\">F\u00edsica 3 (FS-2211)<\/a><\/li>\n<li>Geolog\u00eda F\u00edsica (GC-2111)<\/li>\n<li><a href=\"http:\/\/gecousb.com.ve\/index.php\/laboratorio-basico-de-fisica-1-fs-2181\/\">Laboratorio de F\u00edsica 1 (FS-2181)<\/a><\/li>\n<li><a href=\"http:\/\/gecousb.com.ve\/index.php\/materias\/matematicas-4-ma-2115\/\">Matem\u00e1ticas 4 (MA-2115)<\/a><\/li>\n<li><a href=\"http:\/\/gecousb.com.ve\/index.php\/materias\/fisica-4-fs-2212\/\">F\u00edsica 4 (FS-2212)<\/a><\/li>\n<li>Laboratorio de F\u00edsica 2 (FS-2281)<\/li>\n<li><a href=\"http:\/\/gecousb.com.ve\/index.php\/materias\/matematicas-5-ma-2112\/\">Matem\u00e1ticas 5 (MA-2112)<\/a><\/li>\n<li>Principios Fisicoqu\u00edmicos en Geof\u00edsica 1 (GC-2212)<\/li>\n<li>F\u00edsica 5 (FS-2213)<\/li>\n<li>Laboratorio de F\u00edsica 3 (FS-2282)<\/li>\n<li><a href=\"http:\/\/gecousb.com.ve\/index.php\/materias\/matematicas-6-ma-2113\/\">Matem\u00e1ticas 6 (MA-2113)<\/a><\/li>\n<li>Principios Fisicoqu\u00edmicos en Geof\u00edsica 2 (GC-2213)<\/li>\n<\/ul>\n<p><strong>Tercer A\u00f1o:<\/strong><\/p>\n<ul>\n<li>Campos y Ondas (GC-3214)<\/li>\n<li>Geof\u00edsica General (GC-3211)<\/li>\n<li><a href=\"http:\/\/gecousb.com.ve\/index.php\/materias\/matematicas-7-ma-3111\/\">Matem\u00e1ticas 7 (MA-3111)<\/a><\/li>\n<li>Minerolog\u00eda y Petrolog\u00eda (GC-3111)<\/li>\n<li><a href=\"http:\/\/gecousb.com.ve\/index.php\/materias\/computacion-1-ci-2125\/\">Computaci\u00f3n 1 (CI-2125)<\/a><\/li>\n<li>F\u00edsica de Rocas (GC-3114)<\/li>\n<li>M\u00e9todos Gravim\u00e9tricos y Magn\u00e9ticos (GC-3311)<\/li>\n<li>Aplicaciones Geof\u00edsicas de los Filtros Digitales (GC-3381)<\/li>\n<li>Geolog\u00eda y Geof\u00edsica de Campo (GC-3312)<\/li>\n<li>Sismolog\u00eda (GC-3212)<\/li>\n<\/ul>\n<p><strong>Cuarto A\u00f1o:<\/strong><\/p>\n<ul>\n<li>Estratigraf\u00eda y Sedimentaci\u00f3n (GC-4122)<\/li>\n<li>M\u00e9todos S\u00edsmicos de Exploraci\u00f3n 1 (GC-4311)<\/li>\n<li>Yacimientos Minerales (GC-4114)<\/li>\n<li>Geolog\u00eda del Petr\u00f3leo (GC-4132)<\/li>\n<li>M\u00e9todos S\u00edsmicos de Exploraci\u00f3n 2 (GC-4312)<\/li>\n<li>Procesamiento S\u00edsmicos (GC-4313)<\/li>\n<li>Petrof\u00edsica e Ingenier\u00eda del Petr\u00f3leo (GC-4133)<\/li>\n<li>Geolog\u00eda de Venezuela (GC-4121)<\/li>\n<\/ul>\n","protected":false},"excerpt":{"rendered":"<p>Primer A\u00f1o: Matem\u00e1ticas 1 (MA-1111)\/ Matem\u00e1ticas de honor 1 (MA-1121) F\u00edsica 1 (FS-1111) Matem\u00e1ticas 2 (MA-1112)\/ Matem\u00e1ticas de honor 2 (MA-1122) F\u00edsica 2 (FS-1112) Matem\u00e1ticas 3 (MA-1116)\/ Matem\u00e1ticas de honor 3 (MA-1123) Segundo A\u00f1o: F\u00edsica 3 (FS-2211) Geolog\u00eda F\u00edsica (GC-2111) Laboratorio de F\u00edsica 1 (FS-2181) Matem\u00e1ticas 4 (MA-2115) F\u00edsica 4 (FS-2212) Laboratorio de F\u00edsica 2 [&hellip;]<\/p>\n","protected":false},"author":1,"featured_media":0,"parent":6375,"menu_order":0,"comment_status":"open","ping_status":"closed","template":"","meta":[],"categories":[],"tags":[],"_links":{"self":[{"href":"https:\/\/gecousb.com.ve\/index.php\/wp-json\/wp\/v2\/pages\/652"}],"collection":[{"href":"https:\/\/gecousb.com.ve\/index.php\/wp-json\/wp\/v2\/pages"}],"about":[{"href":"https:\/\/gecousb.com.ve\/index.php\/wp-json\/wp\/v2\/types\/page"}],"author":[{"embeddable":true,"href":"https:\/\/gecousb.com.ve\/index.php\/wp-json\/wp\/v2\/users\/1"}],"replies":[{"embeddable":true,"href":"https:\/\/gecousb.com.ve\/index.php\/wp-json\/wp\/v2\/comments?post=652"}],"version-history":[{"count":0,"href":"https:\/\/gecousb.com.ve\/index.php\/wp-json\/wp\/v2\/pages\/652\/revisions"}],"up":[{"embeddable":true,"href":"https:\/\/gecousb.com.ve\/index.php\/wp-json\/wp\/v2\/pages\/6375"}],"wp:attachment":[{"href":"https:\/\/gecousb.com.ve\/index.php\/wp-json\/wp\/v2\/media?parent=652"}],"wp:term":[{"taxonomy":"category","embeddable":true,"href":"https:\/\/gecousb.com.ve\/index.php\/wp-json\/wp\/v2\/categories?post=652"},{"taxonomy":"post_tag","embeddable":true,"href":"https:\/\/gecousb.com.ve\/index.php\/wp-json\/wp\/v2\/tags?post=652"}],"curies":[{"name":"wp","href":"https:\/\/api.w.org\/{rel}","templated":true}]}}