{"id":651,"date":"2015-05-03T02:31:01","date_gmt":"2015-05-03T02:31:01","guid":{"rendered":"http:\/\/gecousb.com.ve\/?page_id=651"},"modified":"2017-02-24T03:01:55","modified_gmt":"2017-02-24T03:01:55","slug":"lic-fisica","status":"publish","type":"page","link":"https:\/\/gecousb.com.ve\/index.php\/carreras-f-o\/lic-fisica-2\/lic-fisica\/","title":{"rendered":"Materias Lic.F\u00edsica"},"content":{"rendered":"<p><strong>Primer A\u00f1o:<\/strong><\/p>\n<ul>\n<li><a href=\"http:\/\/gecousb.com.ve\/index.php\/materias\/matematicas-1-ma-1111\/#\">Matem\u00e1ticas 1 (MA-1111)<\/a>\/ <a href=\"http:\/\/gecousb.com.ve\/index.php\/materias\/matematicas-de-honor-1-ma-1121\/\">Matem\u00e1ticas de honor 1 (MA-1121)<\/a><\/li>\n<li><a href=\"http:\/\/gecousb.com.ve\/index.php\/materias\/fisica-1-fs-1111\/\">F\u00edsica 1 (FS-1111)<\/a><\/li>\n<li><a href=\"http:\/\/gecousb.com.ve\/index.php\/materias\/matematicas-2-ma-1112\/\">Matem\u00e1ticas 2 (MA-1112)<\/a>\/ <a href=\"http:\/\/gecousb.com.ve\/index.php\/materias\/matematicas-de-honor-2-ma-1122\/\">Matem\u00e1ticas de honor 2 (MA-1122)<\/a><\/li>\n<li><a href=\"http:\/\/gecousb.com.ve\/index.php\/materias\/fisica-2-fs-1112\/\">F\u00edsica 2 (FS-1112)<\/a><\/li>\n<li><a href=\"http:\/\/gecousb.com.ve\/index.php\/materias\/matematicas-3-ma-1116\/\">Matem\u00e1ticas 3 (MA-1116)<\/a>\/ <a href=\"http:\/\/gecousb.com.ve\/index.php\/materias\/matematicas-de-honor-3-ma-1123\/\">Matem\u00e1ticas de honor 3 (MA-1123)<\/a><\/li>\n<\/ul>\n<p><strong>Segundo A\u00f1o:<\/strong><\/p>\n<ul>\n<li><a href=\"http:\/\/gecousb.com.ve\/index.php\/materias\/algebra-1-ma-2221\/\">\u00c1lgebra 1 (MA-2221)<\/a><\/li>\n<li><a href=\"http:\/\/gecousb.com.ve\/index.php\/materias\/fisica-3-fs-2211\/\">F\u00edsica 3 (FS-2211)<\/a><\/li>\n<li><a href=\"http:\/\/gecousb.com.ve\/index.php\/laboratorio-basico-de-fisica-1-fs-2181\/\">Laboratorio de F\u00edsica 1 (FS-2181)<\/a><\/li>\n<li><a href=\"http:\/\/gecousb.com.ve\/index.php\/materias\/matematicas-4-ma-2115\/\">Matem\u00e1ticas 4 (MA-2115)<\/a><\/li>\n<li><a href=\"http:\/\/gecousb.com.ve\/index.php\/algebra-2-ma-2222\/\">\u00c1lgebra 2 (MA-2222)<\/a><\/li>\n<li><a href=\"http:\/\/gecousb.com.ve\/index.php\/materias\/fisica-4-fs-2212\/\">F\u00edsica 4 (FS-2212)<\/a><\/li>\n<li>Laboratorio de F\u00edsica 2 (FS-2281)<\/li>\n<li><a href=\"http:\/\/gecousb.com.ve\/index.php\/materias\/matematicas-5-ma-2112\/\">Matem\u00e1ticas 5 (MA-2112)<\/a><\/li>\n<li><a href=\"http:\/\/gecousb.com.ve\/index.php\/materias\/algebra-3-ma-2223\/\">\u00c1lgebra 3 (MA-2223)<\/a><\/li>\n<li>Introducci\u00f3n a la Mec\u00e1nica (FS-2111)<\/li>\n<li>Laboratorio de F\u00edsica 3 (FS2282)<\/li>\n<li><a href=\"http:\/\/gecousb.com.ve\/index.php\/materias\/matematicas-6-ma-2113\/\">Matem\u00e1ticas 6 (MA-2113)<\/a><\/li>\n<li>Ondas y \u00d3ptica (FS-2233)<\/li>\n<\/ul>\n<p><strong>Tercer A\u00f1o:<\/strong><\/p>\n<ul>\n<li>Electromagnetismo 1 (FS-3211)<\/li>\n<li>F\u00edsica Moderna 1 (FS-3411)<\/li>\n<li>Laboratorio de Electr\u00f3nica 1 (FS-3281)<\/li>\n<li><a href=\"http:\/\/gecousb.com.ve\/index.php\/materias\/matematicas-7-ma-3111\/\">Matem\u00e1ticas 7 (MA-3111)<\/a><\/li>\n<li>Electromagnetismo 2 (FS-3212)<\/li>\n<li>F\u00edsica Moderna 2\u00a0(FS-3412)<\/li>\n<li>Laboratorio de Electr\u00f3nica 2 (FS-3282 )<\/li>\n<li>Electromagnetismo 3 (FS-3213)<\/li>\n<li>Laboratorio de F\u00edsica Moderna (FS-3481)<\/li>\n<li>Mec\u00e1nica Cl\u00e1sica 1 (FS-4211)<\/li>\n<li>M\u00e9todos Matem\u00e1ticos de la F\u00cdsica 1 (MA-5351)<\/li>\n<\/ul>\n<p><strong>Cuarto A\u00f1o:<\/strong><\/p>\n<ul>\n<li>Laboratorio Avanzado de F\u00edsica 1 (FS-5481)<\/li>\n<li>Mec\u00e1nica Cl\u00e1sica 2 (FS-4212)<\/li>\n<li>Mec\u00e1nica Cu\u00e1ntica 1 (FS-5321)<\/li>\n<li>M\u00e9todos Matem\u00e1ticos de la F\u00cdsica 2 (MA-5352)<\/li>\n<li>F\u00edsica Estad\u00edstica 1 (FS-4111)<\/li>\n<li>Laboratorio Avanzado de F\u00edsica 2 (FS-5482)<\/li>\n<li>Mec\u00e1nica Cu\u00e1ntica 2 (FS-5322)<\/li>\n<li>F\u00edsica Computacional (FS-5221)<\/li>\n<li><a href=\"http:\/\/gecousb.com.ve\/index.php\/fisica-estadistica-2-fs-4112\/\">F\u00edsica Estad\u00edstica 2 (FS-4112)<\/a><\/li>\n<li>Mec\u00e1nica Cu\u00e1ntica 3 (FS-5323)<\/li>\n<\/ul>\n","protected":false},"excerpt":{"rendered":"<p>Primer A\u00f1o: Matem\u00e1ticas 1 (MA-1111)\/ Matem\u00e1ticas de honor 1 (MA-1121) F\u00edsica 1 (FS-1111) Matem\u00e1ticas 2 (MA-1112)\/ Matem\u00e1ticas de honor 2 (MA-1122) F\u00edsica 2 (FS-1112) Matem\u00e1ticas 3 (MA-1116)\/ Matem\u00e1ticas de honor 3 (MA-1123) Segundo A\u00f1o: \u00c1lgebra 1 (MA-2221) F\u00edsica 3 (FS-2211) Laboratorio de F\u00edsica 1 (FS-2181) Matem\u00e1ticas 4 (MA-2115) \u00c1lgebra 2 (MA-2222) F\u00edsica 4 (FS-2212) Laboratorio [&hellip;]<\/p>\n","protected":false},"author":1,"featured_media":0,"parent":6381,"menu_order":0,"comment_status":"open","ping_status":"closed","template":"","meta":[],"categories":[],"tags":[],"_links":{"self":[{"href":"https:\/\/gecousb.com.ve\/index.php\/wp-json\/wp\/v2\/pages\/651"}],"collection":[{"href":"https:\/\/gecousb.com.ve\/index.php\/wp-json\/wp\/v2\/pages"}],"about":[{"href":"https:\/\/gecousb.com.ve\/index.php\/wp-json\/wp\/v2\/types\/page"}],"author":[{"embeddable":true,"href":"https:\/\/gecousb.com.ve\/index.php\/wp-json\/wp\/v2\/users\/1"}],"replies":[{"embeddable":true,"href":"https:\/\/gecousb.com.ve\/index.php\/wp-json\/wp\/v2\/comments?post=651"}],"version-history":[{"count":0,"href":"https:\/\/gecousb.com.ve\/index.php\/wp-json\/wp\/v2\/pages\/651\/revisions"}],"up":[{"embeddable":true,"href":"https:\/\/gecousb.com.ve\/index.php\/wp-json\/wp\/v2\/pages\/6381"}],"wp:attachment":[{"href":"https:\/\/gecousb.com.ve\/index.php\/wp-json\/wp\/v2\/media?parent=651"}],"wp:term":[{"taxonomy":"category","embeddable":true,"href":"https:\/\/gecousb.com.ve\/index.php\/wp-json\/wp\/v2\/categories?post=651"},{"taxonomy":"post_tag","embeddable":true,"href":"https:\/\/gecousb.com.ve\/index.php\/wp-json\/wp\/v2\/tags?post=651"}],"curies":[{"name":"wp","href":"https:\/\/api.w.org\/{rel}","templated":true}]}}