{"id":6430,"date":"2016-05-14T16:55:23","date_gmt":"2016-05-14T16:55:23","guid":{"rendered":"http:\/\/gecousb.com.ve\/?page_id=6430"},"modified":"2016-05-22T03:59:12","modified_gmt":"2016-05-22T03:59:12","slug":"informacion-urbanismo","status":"publish","type":"page","link":"https:\/\/gecousb.com.ve\/index.php\/carreras-p-z\/urbanismo-2\/informacion-urbanismo\/","title":{"rendered":"Informaci\u00f3n Urbanismo"},"content":{"rendered":"<h3><span style=\"text-decoration: underline;\"><strong>Descripci\u00f3n de la Carrera:<\/strong><\/span><\/h3>\n<p>La carrera de Urbanismo forma profesionales que estudian e intervienen la forma urbana con la finalidad de contribuir a mejorar la calidad de vida, a trav\u00e9s de la coexistencia de actividades diferentes y conflictivas en el espacio. Para ello, el Urbanismo ofrece una formaci\u00f3n profesional y pr\u00e1ctica en tres ramas estrechamente relacionadas:<\/p>\n<ol>\n<li>Dise\u00f1o f\u00edsico-espacial<\/li>\n<li>Planificaci\u00f3n y gerencia<\/li>\n<li>Evaluaci\u00f3n de factibilidad y viabilidad.<\/li>\n<\/ol>\n<p>En el \u00e1rea de dise\u00f1o f\u00edsico-espacial se estudia el medio ambiente natural y modificado, se aprende el manejo conceptual y pr\u00e1ctico del espacio y se ense\u00f1a a elaborar propuestas bi y tridimensionales de dise\u00f1o de espacios urbanos. La diferencia con Arquitectura se encuentra en que \u00e9sta trabaja con el espacio de la edificaci\u00f3n y su entorno inmediato, mientras que el Urbanismo se dedica al espacio urbano, poniendo \u00e9nfasis en espacios de encuentro y de intercambios.<\/p>\n<p>La planificaci\u00f3n y la gerencia, por su parte, ense\u00f1an la implementaci\u00f3n de las propuestas de ordenamiento urban\u00edstico, con un enfoque pr\u00e1ctico de c\u00f3mo influir en la toma de decisiones del proceso de producci\u00f3n del espacio urbano.<\/p>\n<p>Por \u00faltimo, la rama de evaluaci\u00f3n de factibilidad y viabilidad, ofrece criterios conceptuales y t\u00e9cnicos de evaluaci\u00f3n provenientes de diferentes disciplinas, que son necesarias para sustentar adecuadamente las propuestas urbanas. Estos lenguajes disciplinarios que se manejan en Urbanismo son: el Derecho, la Demograf\u00eda, la Econom\u00eda, la Estad\u00edstica, la Sociolog\u00eda y las Ingenier\u00edas.<\/p>\n<p>(Fragmento tomado de la p\u00e1gina oficial de la usb).<\/p>\n<h3><span style=\"text-decoration: underline;\"><strong>Centro De Estudiantes De Urbanismo:<\/strong><\/span><\/h3>\n<ul>\n<li>Ubicaci\u00f3n:\u00a0La sala de Lectura de Urbanismo\u00a0est\u00e1 ubicada en el edificio de Mec\u00e1nica y Estudios Urbanos (MEU), Piso 2. Es el sitio de reuni\u00f3n y estudio de la comunidad de estudiantes de Urbanismo.<\/li>\n<li>P\u00e1gina:\u00a0<a href=\"http:\/\/ceurb.fceusb.org\/\">CEURB<\/a><\/li>\n<li>Correos:\u00a0ceurbanismo@gmail.com<\/li>\n<li>Twitter:\u00a0\u00a0<a href=\"https:\/\/twitter.com\/CEURB_USB\">@CEURB_USB<\/a>\u00a0<a href=\"http:\/\/twitter.com\/?q=ceimec#!\/ceimecusb\"><br \/>\n<\/a><\/li>\n<li>Facebook:\u00a0<a href=\"https:\/\/www.facebook.com\/CEURB.USB\">Grupo CEURB<\/a><a href=\"http:\/\/www.facebook.com\/profile.php?id=100002736261801\"><br \/>\n<\/a><\/li>\n<\/ul>\n<h3><span style=\"text-decoration: underline;\"><strong>Coordinaci\u00f3n De Estudios\u00a0Urbanos:<\/strong><\/span><\/h3>\n<ul>\n<li>Ubicaci\u00f3n:\u00a0Edif. Mec\u00e1nica y Estudios Urbanos, piso 2, oficina 205.<a href=\"http:\/\/www.urb.coord.usb.ve\/\"><br \/>\n<\/a><\/li>\n<li>P\u00e1gina:\u00a0<a href=\"http:\/\/www.urb.coord.usb.ve\/\">http:\/\/www.urb.coord.usb.ve\/<\/a><a href=\"http:\/\/www.mec.coord.usb.ve\/\"><br \/>\n<\/a><\/li>\n<li>Correo:\u00a0coord-urb@usb.ve<\/li>\n<li>Tel\u00e9fonos:\u00a0(212)-906-4036\/4037<\/li>\n<\/ul>\n<p>Para mayor informaci\u00f3n sobre todo lo referente a esta carrera, incluyendo el pensum y una descripci\u00f3n de la carrera visita la p\u00e1gina del CEURB.<\/p>\n","protected":false},"excerpt":{"rendered":"<p>Descripci\u00f3n de la Carrera: La carrera de Urbanismo forma profesionales que estudian e intervienen la forma urbana con la finalidad de contribuir a mejorar la calidad de vida, a trav\u00e9s de la coexistencia de actividades diferentes y conflictivas en el espacio. Para ello, el Urbanismo ofrece una formaci\u00f3n profesional y pr\u00e1ctica en tres ramas estrechamente [&hellip;]<\/p>\n","protected":false},"author":1,"featured_media":0,"parent":6420,"menu_order":0,"comment_status":"open","ping_status":"open","template":"","meta":[],"categories":[],"tags":[],"_links":{"self":[{"href":"https:\/\/gecousb.com.ve\/index.php\/wp-json\/wp\/v2\/pages\/6430"}],"collection":[{"href":"https:\/\/gecousb.com.ve\/index.php\/wp-json\/wp\/v2\/pages"}],"about":[{"href":"https:\/\/gecousb.com.ve\/index.php\/wp-json\/wp\/v2\/types\/page"}],"author":[{"embeddable":true,"href":"https:\/\/gecousb.com.ve\/index.php\/wp-json\/wp\/v2\/users\/1"}],"replies":[{"embeddable":true,"href":"https:\/\/gecousb.com.ve\/index.php\/wp-json\/wp\/v2\/comments?post=6430"}],"version-history":[{"count":0,"href":"https:\/\/gecousb.com.ve\/index.php\/wp-json\/wp\/v2\/pages\/6430\/revisions"}],"up":[{"embeddable":true,"href":"https:\/\/gecousb.com.ve\/index.php\/wp-json\/wp\/v2\/pages\/6420"}],"wp:attachment":[{"href":"https:\/\/gecousb.com.ve\/index.php\/wp-json\/wp\/v2\/media?parent=6430"}],"wp:term":[{"taxonomy":"category","embeddable":true,"href":"https:\/\/gecousb.com.ve\/index.php\/wp-json\/wp\/v2\/categories?post=6430"},{"taxonomy":"post_tag","embeddable":true,"href":"https:\/\/gecousb.com.ve\/index.php\/wp-json\/wp\/v2\/tags?post=6430"}],"curies":[{"name":"wp","href":"https:\/\/api.w.org\/{rel}","templated":true}]}}