{"id":6428,"date":"2016-05-14T16:52:16","date_gmt":"2016-05-14T16:52:16","guid":{"rendered":"http:\/\/gecousb.com.ve\/?page_id=6428"},"modified":"2016-12-08T20:42:09","modified_gmt":"2016-12-08T20:42:09","slug":"informacion-lic-quimica","status":"publish","type":"page","link":"https:\/\/gecousb.com.ve\/index.php\/carreras-p-z\/lic-quimica-2\/informacion-lic-quimica\/","title":{"rendered":"Informaci\u00f3n Lic.Qu\u00edmica"},"content":{"rendered":"<h3><span style=\"text-decoration: underline;\"><strong>Descripci\u00f3n de la Carrera:<\/strong><\/span><\/h3>\n<p>La profesi\u00f3n de Licenciado en Qu\u00edmica puede definirse como la de aquel profesional que realiza investigaciones, estudios, experimentos y an\u00e1lisis relacionados con la composici\u00f3n, propiedades y transformaciones de las sustancias.<\/p>\n<p>Como parte de su trabajo, el Qu\u00edmico puede realizar estudios de aislamiento, extracci\u00f3n o s\u00edntesis de productos qu\u00edmicos, investigar sus propiedades y modificarlas; tambi\u00e9n puede buscar usos alternativos de productos existentes, recomendar m\u00e9todos m\u00e1s eficaces de producci\u00f3n y supervisar el control de calidad de materias primas y productos terminados.<\/p>\n<p>(Fragmento tomado de la p\u00e1gina oficial de la usb).<\/p>\n<h3><strong><span style=\"text-decoration: underline;\">Centro De Estudiantes De Licenciatura en Qu\u00edmica:<\/span><\/strong><\/h3>\n<ul>\n<li>Ubicaci\u00f3n:\u00a0La sala de Lectura de\u00a0Licenciatura en Qu\u00edmica est\u00e1 ubicada en el edificio de Qu\u00edmica y Procesos\u00a0(ENE) en el piso 3. Es el sitio de reuni\u00f3n y estudio de la comunidad de estudiantes de Qu\u00edmica.<\/li>\n<li>P\u00e1gina:\u00a0<a href=\"https:\/\/celqusb.wordpress.com\/\">CELQ<\/a><\/li>\n<li>Correo:\u00a0celq.fceusb@gmail.com<\/li>\n<li>Twitter:\u00a0<a href=\"https:\/\/twitter.com\/CELQUSB\">@CELQUSB<\/a><\/li>\n<li>Facebook:\u00a0<a href=\"https:\/\/www.facebook.com\/info.celqusb\">info.celqusb<\/a><\/li>\n<li>Instagram:\u00a0<a href=\"https:\/\/www.instagram.com\/celqusb\">@celqusb<\/a><\/li>\n<\/ul>\n<h3><span style=\"text-decoration: underline;\"><strong>Coordinaci\u00f3n De Licenciatura en Qu\u00edmica:<\/strong><\/span><\/h3>\n<ul>\n<li>Ubicaci\u00f3n:\u00a0Edificio de Qu\u00edmica y Procesos (QYP) Planta Baja.\u00a0Oficina: 010 \u2013 011.<\/li>\n<li>P\u00e1gina:\u00a0<a href=\"http:\/\/www.qm.coord.usb.ve\/\">http:\/\/www.qm.coord.usb.ve\/<\/a><a href=\"http:\/\/www.mec.coord.usb.ve\/\"><br \/>\n<\/a><\/li>\n<li>Correo:\u00a0coord-qm@usb.ve<\/li>\n<li>Tel\u00e9fonos:\u00a0(212)-906-3963\/3964<\/li>\n<\/ul>\n<p>Para mayor informaci\u00f3n sobre todo lo referente a esta carrera, incluyendo el pensum y una descripci\u00f3n de la carrera visita la p\u00e1gina del CELQ.<\/p>\n<p>&nbsp;<\/p>\n","protected":false},"excerpt":{"rendered":"<p>Descripci\u00f3n de la Carrera: La profesi\u00f3n de Licenciado en Qu\u00edmica puede definirse como la de aquel profesional que realiza investigaciones, estudios, experimentos y an\u00e1lisis relacionados con la composici\u00f3n, propiedades y transformaciones de las sustancias. Como parte de su trabajo, el Qu\u00edmico puede realizar estudios de aislamiento, extracci\u00f3n o s\u00edntesis de productos qu\u00edmicos, investigar sus propiedades [&hellip;]<\/p>\n","protected":false},"author":1,"featured_media":0,"parent":6418,"menu_order":0,"comment_status":"open","ping_status":"open","template":"","meta":[],"categories":[],"tags":[],"_links":{"self":[{"href":"https:\/\/gecousb.com.ve\/index.php\/wp-json\/wp\/v2\/pages\/6428"}],"collection":[{"href":"https:\/\/gecousb.com.ve\/index.php\/wp-json\/wp\/v2\/pages"}],"about":[{"href":"https:\/\/gecousb.com.ve\/index.php\/wp-json\/wp\/v2\/types\/page"}],"author":[{"embeddable":true,"href":"https:\/\/gecousb.com.ve\/index.php\/wp-json\/wp\/v2\/users\/1"}],"replies":[{"embeddable":true,"href":"https:\/\/gecousb.com.ve\/index.php\/wp-json\/wp\/v2\/comments?post=6428"}],"version-history":[{"count":0,"href":"https:\/\/gecousb.com.ve\/index.php\/wp-json\/wp\/v2\/pages\/6428\/revisions"}],"up":[{"embeddable":true,"href":"https:\/\/gecousb.com.ve\/index.php\/wp-json\/wp\/v2\/pages\/6418"}],"wp:attachment":[{"href":"https:\/\/gecousb.com.ve\/index.php\/wp-json\/wp\/v2\/media?parent=6428"}],"wp:term":[{"taxonomy":"category","embeddable":true,"href":"https:\/\/gecousb.com.ve\/index.php\/wp-json\/wp\/v2\/categories?post=6428"},{"taxonomy":"post_tag","embeddable":true,"href":"https:\/\/gecousb.com.ve\/index.php\/wp-json\/wp\/v2\/tags?post=6428"}],"curies":[{"name":"wp","href":"https:\/\/api.w.org\/{rel}","templated":true}]}}