{"id":6424,"date":"2016-05-14T16:46:28","date_gmt":"2016-05-14T16:46:28","guid":{"rendered":"http:\/\/gecousb.com.ve\/?page_id=6424"},"modified":"2019-01-25T04:55:34","modified_gmt":"2019-01-25T04:55:34","slug":"informacion-ing-quimica","status":"publish","type":"page","link":"https:\/\/gecousb.com.ve\/index.php\/carreras-p-z\/ing-quimica\/informacion-ing-quimica\/","title":{"rendered":"Informaci\u00f3n Ing.Qu\u00edmica"},"content":{"rendered":"<h3><span style=\"text-decoration: underline;\"><strong>Descripci\u00f3n de la Carrera:<\/strong><\/span><\/h3>\n<p>La Ingenier\u00eda Qu\u00edmica es la rama de la ingenier\u00eda que estudia la aplicaci\u00f3n, el desarrollo y la operaci\u00f3n de procesos de manufactura en los cuales, mediante cambios en la composici\u00f3n y en las caracter\u00edsticas f\u00edsicas de los materiales, se crean bienes, productos y servicios industriales y comerciales. Dicho en otras palabras, el Ingeniero Qu\u00edmico dise\u00f1a, dirige la construcci\u00f3n, y opera equipos y plantas que, a trav\u00e9s de procesos f\u00edsicos y\/o qu\u00edmicos, inducen a cambios de agregaci\u00f3n, de pureza o de identidad de la materia, a una escala industrial rentable.<\/p>\n<p>(Fragmento tomado de la p\u00e1gina oficial de la usb).<\/p>\n<h3><span style=\"text-decoration: underline;\"><strong> Centro De Estudiantes De Ingenier\u00eda Qu\u00edmica:<\/strong><\/span><\/h3>\n<ul>\n<li>Ubicaci\u00f3n:\u00a0La sala de Lectura de Ingenier\u00eda Qu\u00edmica est\u00e1 ubicada en el edificio de Energ\u00e9tica (ENE), Piso 1. Es el sitio de reuni\u00f3n y estudio de la comunidad de estudiantes de\u00a0Qu\u00edmica.<\/li>\n<li>P\u00e1gina:\u00a0<a href=\"http:\/\/ceiqusb.wordpress.com\">CEIQ<\/a><\/li>\n<li>Correos: <a href=\"mailto:ceiqusb@gmail.com\" target=\"_blank\" rel=\"noopener noreferrer\">ceiqusb@gmail.com<\/a> y\u00a0<a href=\"mailto:academicaceiq@gmail.com\" target=\"_blank\" rel=\"noopener noreferrer\">academicaceiq@gmail.com<\/a><\/li>\n<li>Twitter:\u00a0\u00a0<a href=\"https:\/\/twitter.com\/CEIQUSB\">@CEIQUSB<\/a><a href=\"http:\/\/twitter.com\/?q=ceimec#!\/ceimecusb\"><br \/>\n<\/a><\/li>\n<li>Instagram: <a href=\"http:\/\/instagram.com\/ceiqusb\">@CEIQUSB<\/a><\/li>\n<li>Canal de Telegram: <a href=\"http:\/\/Canal de Telegram: t.me\/CEIQ_USB\">CEIQ_USB<\/a><\/li>\n<li>Facebook:\u00a0<a href=\"https:\/\/www.facebook.com\/groups\/7363112603\/\">Grupo CEIQ<\/a><\/li>\n<\/ul>\n<h3><span style=\"text-decoration: underline;\"><strong>Coordinaci\u00f3n De Ingenier\u00eda Qu\u00edmica:<\/strong><\/span><\/h3>\n<ul>\n<li>Ubicaci\u00f3n:\u00a0Edificio Ciencias B\u00e1sicas I (CB1), Piso1, oficina 114.<\/li>\n<li>P\u00e1gina:\u00a0<a href=\"http:\/\/www.iq.coord.usb.ve\/\">http:\/\/www.iq.coord.usb.ve\/<\/a><a href=\"http:\/\/www.mec.coord.usb.ve\/\"><br \/>\n<\/a><\/li>\n<li>Correo:\u00a0coord-iq@usb.ve<\/li>\n<li>Twitter:\u00a0<a href=\"https:\/\/twitter.com\/IQUSB\">@IQUSB<\/a>\u00a0<a href=\"https:\/\/twitter.com\/CoordArqUSB\"><br \/>\n<\/a><\/li>\n<li>Tel\u00e9fonos:\u00a0(212)-906-3370<\/li>\n<\/ul>\n<p>Para mayor informaci\u00f3n sobre todo lo referente a esta carrera, incluyendo el pensum y una descripci\u00f3n de la carrera visita la p\u00e1gina del CEIQ.<\/p>\n","protected":false},"excerpt":{"rendered":"<p>Descripci\u00f3n de la Carrera: La Ingenier\u00eda Qu\u00edmica es la rama de la ingenier\u00eda que estudia la aplicaci\u00f3n, el desarrollo y la operaci\u00f3n de procesos de manufactura en los cuales, mediante cambios en la composici\u00f3n y en las caracter\u00edsticas f\u00edsicas de los materiales, se crean bienes, productos y servicios industriales y comerciales. Dicho en otras palabras, [&hellip;]<\/p>\n","protected":false},"author":1,"featured_media":0,"parent":5779,"menu_order":0,"comment_status":"open","ping_status":"open","template":"","meta":[],"categories":[],"tags":[],"_links":{"self":[{"href":"https:\/\/gecousb.com.ve\/index.php\/wp-json\/wp\/v2\/pages\/6424"}],"collection":[{"href":"https:\/\/gecousb.com.ve\/index.php\/wp-json\/wp\/v2\/pages"}],"about":[{"href":"https:\/\/gecousb.com.ve\/index.php\/wp-json\/wp\/v2\/types\/page"}],"author":[{"embeddable":true,"href":"https:\/\/gecousb.com.ve\/index.php\/wp-json\/wp\/v2\/users\/1"}],"replies":[{"embeddable":true,"href":"https:\/\/gecousb.com.ve\/index.php\/wp-json\/wp\/v2\/comments?post=6424"}],"version-history":[{"count":0,"href":"https:\/\/gecousb.com.ve\/index.php\/wp-json\/wp\/v2\/pages\/6424\/revisions"}],"up":[{"embeddable":true,"href":"https:\/\/gecousb.com.ve\/index.php\/wp-json\/wp\/v2\/pages\/5779"}],"wp:attachment":[{"href":"https:\/\/gecousb.com.ve\/index.php\/wp-json\/wp\/v2\/media?parent=6424"}],"wp:term":[{"taxonomy":"category","embeddable":true,"href":"https:\/\/gecousb.com.ve\/index.php\/wp-json\/wp\/v2\/categories?post=6424"},{"taxonomy":"post_tag","embeddable":true,"href":"https:\/\/gecousb.com.ve\/index.php\/wp-json\/wp\/v2\/tags?post=6424"}],"curies":[{"name":"wp","href":"https:\/\/api.w.org\/{rel}","templated":true}]}}