{"id":6422,"date":"2016-05-14T16:44:02","date_gmt":"2016-05-14T16:44:02","guid":{"rendered":"http:\/\/gecousb.com.ve\/?page_id=6422"},"modified":"2016-05-22T03:59:12","modified_gmt":"2016-05-22T03:59:12","slug":"informacion-ing-produccion","status":"publish","type":"page","link":"https:\/\/gecousb.com.ve\/index.php\/carreras-p-z\/ing-producion\/informacion-ing-produccion\/","title":{"rendered":"Informaci\u00f3n Ing.Producci\u00f3n"},"content":{"rendered":"<h3><span style=\"text-decoration: underline;\"><strong>Descripci\u00f3n de la Carrera:<\/strong><\/span><\/h3>\n<p>El objetivo de la carrera es formar un profesional altamente calificado para desempe\u00f1arse en el proceso productivo, con una adecuada y equilibrada capacitaci\u00f3n para el dise\u00f1o, mejoramiento e instalaci\u00f3n de sistemas integrados de personas, materiales y equipos necesarios en el \u00e1mbito industrial y con conocimientos de los factores econ\u00f3micos, de intercambio de informaci\u00f3n y de toma de decisiones para llevar a cabo ese proceso en la mejor forma posible.La Ingenier\u00eda de Producci\u00f3n es la rama de la ingenier\u00eda que trata con procesos de manufactura y m\u00e9todos de elaboraci\u00f3n de productos y mercanc\u00edas industriales. Persigue la integraci\u00f3n de todos los factores relevantes a fin de tener soluciones \u00f3ptimas a problemas complejos relacionados con la transformaci\u00f3n de insumos econ\u00f3micos en productos necesarios para la sociedad.<\/p>\n<p>(Fragmento tomado de la p\u00e1gina oficial de la usb).<\/p>\n<h3><strong><span style=\"text-decoration: underline;\">Centro De Estudiantes De Ingenier\u00eda En Producci\u00f3n:<\/span><\/strong><\/h3>\n<ul>\n<li>Ubicaci\u00f3n:\u00a0La sala de Lectura de Ingenier\u00eda En Producci\u00f3n est\u00e1 ubicada en el edificio de Mec\u00e1nica y Materiales, en Planta Baja. Es el sitio de reuni\u00f3n y estudio de la comunidad de estudiantes de Producci\u00f3n.<\/li>\n<li>P\u00e1gina:\u00a0<a href=\"http:\/\/ceipusb.com\/\">CEIP<\/a><\/li>\n<li>Correos:\u00a0ceipusb@gmail.com<\/li>\n<li>Twitter:\u00a0<a href=\"https:\/\/twitter.com\/CEIP_USB\">@CEIP_USB<\/a>\u00a0<a href=\"http:\/\/twitter.com\/?q=ceimec#!\/ceimecusb\"><br \/>\n<\/a><\/li>\n<li>Facebook:\u00a0<a href=\"https:\/\/www.facebook.com\/ceipusb\">https:\/\/www.facebook.com\/ceipusb<\/a><a href=\"http:\/\/www.facebook.com\/profile.php?id=100002736261801\"><br \/>\n<\/a><\/li>\n<\/ul>\n<h3><strong><span style=\"text-decoration: underline;\">Coordinaci\u00f3n De Ingenier\u00eda En Producci\u00f3n:<\/span><\/strong><\/h3>\n<ul>\n<li>Ubicaci\u00f3n:\u00a0Ciencias B\u00e1sicas I, Piso 1, oficina 143.<\/li>\n<li>P\u00e1gina:\u00a0<a href=\"http:\/\/prod.coord.usb.ve\/\">http:\/\/prod.coord.usb.ve\/<\/a><a href=\"http:\/\/www.mec.coord.usb.ve\/\"><br \/>\n<\/a><\/li>\n<li>Correo:\u00a0coord-prod@usb.ve<\/li>\n<li>Tel\u00e9fonos:\u00a0(212)-906-3380\u00a0Extensi\u00f3n\u00a0Fax:\u00a03381<\/li>\n<\/ul>\n<p>Para mayor informaci\u00f3n sobre todo lo referente a esta carrera, incluyendo el pensum y una descripci\u00f3n de la carrera visita la p\u00e1gina del CEIP.<\/p>\n","protected":false},"excerpt":{"rendered":"<p>Descripci\u00f3n de la Carrera: El objetivo de la carrera es formar un profesional altamente calificado para desempe\u00f1arse en el proceso productivo, con una adecuada y equilibrada capacitaci\u00f3n para el dise\u00f1o, mejoramiento e instalaci\u00f3n de sistemas integrados de personas, materiales y equipos necesarios en el \u00e1mbito industrial y con conocimientos de los factores econ\u00f3micos, de intercambio [&hellip;]<\/p>\n","protected":false},"author":1,"featured_media":0,"parent":6416,"menu_order":0,"comment_status":"open","ping_status":"open","template":"","meta":[],"categories":[],"tags":[],"_links":{"self":[{"href":"https:\/\/gecousb.com.ve\/index.php\/wp-json\/wp\/v2\/pages\/6422"}],"collection":[{"href":"https:\/\/gecousb.com.ve\/index.php\/wp-json\/wp\/v2\/pages"}],"about":[{"href":"https:\/\/gecousb.com.ve\/index.php\/wp-json\/wp\/v2\/types\/page"}],"author":[{"embeddable":true,"href":"https:\/\/gecousb.com.ve\/index.php\/wp-json\/wp\/v2\/users\/1"}],"replies":[{"embeddable":true,"href":"https:\/\/gecousb.com.ve\/index.php\/wp-json\/wp\/v2\/comments?post=6422"}],"version-history":[{"count":0,"href":"https:\/\/gecousb.com.ve\/index.php\/wp-json\/wp\/v2\/pages\/6422\/revisions"}],"up":[{"embeddable":true,"href":"https:\/\/gecousb.com.ve\/index.php\/wp-json\/wp\/v2\/pages\/6416"}],"wp:attachment":[{"href":"https:\/\/gecousb.com.ve\/index.php\/wp-json\/wp\/v2\/media?parent=6422"}],"wp:term":[{"taxonomy":"category","embeddable":true,"href":"https:\/\/gecousb.com.ve\/index.php\/wp-json\/wp\/v2\/categories?post=6422"},{"taxonomy":"post_tag","embeddable":true,"href":"https:\/\/gecousb.com.ve\/index.php\/wp-json\/wp\/v2\/tags?post=6422"}],"curies":[{"name":"wp","href":"https:\/\/api.w.org\/{rel}","templated":true}]}}