{"id":641,"date":"2015-05-03T02:24:57","date_gmt":"2015-05-03T02:24:57","guid":{"rendered":"http:\/\/gecousb.com.ve\/?page_id=641"},"modified":"2019-03-07T02:31:45","modified_gmt":"2019-03-07T02:31:45","slug":"ing-electronica","status":"publish","type":"page","link":"https:\/\/gecousb.com.ve\/index.php\/carreras-a-e\/ing-electronica-2\/ing-electronica\/","title":{"rendered":"Materias Ing.Electr\u00f3nica"},"content":{"rendered":"\n<p><strong>Primer A\u00f1o:<\/strong><\/p>\n\n\n\n<ul><li><a href=\"http:\/\/gecousb.com.ve\/index.php\/materias\/matematicas-1-ma-1111\/#\">Matem\u00e1ticas 1 (MA-1111)<\/a>\/ <a href=\"http:\/\/gecousb.com.ve\/index.php\/materias\/matematicas-de-honor-1-ma-1121\/\">Matem\u00e1ticas de honor 1 (MA-1121)<\/a><\/li><li><a href=\"http:\/\/gecousb.com.ve\/index.php\/materias\/fisica-1-fs-1111\/\">F\u00edsica 1 (FS-1111)<\/a><\/li><li><a href=\"http:\/\/gecousb.com.ve\/index.php\/materias\/matematicas-2-ma-1112\/\">Matem\u00e1ticas 2 (MA-1112)<\/a>\/ <a href=\"http:\/\/gecousb.com.ve\/index.php\/materias\/matematicas-de-honor-2-ma-1122\/\">Matem\u00e1ticas de honor 2 (MA-1122)<\/a><\/li><li><a href=\"http:\/\/gecousb.com.ve\/index.php\/materias\/fisica-2-fs-1112\/\">F\u00edsica 2 (FS-1112)<\/a><\/li><li><a href=\"http:\/\/gecousb.com.ve\/index.php\/materias\/matematicas-3-ma-1116\/\">Matem\u00e1ticas 3 (MA-1116)<\/a>\/ <a href=\"http:\/\/gecousb.com.ve\/index.php\/materias\/matematicas-de-honor-3-ma-1123\/\">Matem\u00e1ticas de honor 3 (MA-1123)<\/a><\/li><\/ul>\n\n\n\n<p><strong>Segundo A\u00f1o:<\/strong><\/p>\n\n\n\n<ul><li><a href=\"http:\/\/gecousb.com.ve\/index.php\/materias\/circuitos-electricos-1-ec-1251\/\">Circuitos El\u00e9ctricos 1 (EC-1251)<\/a> \/ <a href=\"http:\/\/gecousb.com.ve\/index.php\/guias-usb\/todas-las-materias\/circuitos-electricos-ec-1021\/\">Circuitos El\u00e9ctricos (EC-1021)<\/a><\/li><li><a href=\"http:\/\/gecousb.com.ve\/index.php\/materias\/fisica-3-fs-2211\/\">F\u00edsica 3 (FS-2211)<\/a><\/li><li><a href=\"http:\/\/gecousb.com.ve\/index.php\/laboratorio-basico-de-fisica-1-fs-2181\/\">Laboratorio de F\u00edsica 1 (FS-2181)<\/a><\/li><li><a href=\"http:\/\/gecousb.com.ve\/index.php\/materias\/matematicas-4-ma-2115\/\">Matem\u00e1ticas 4 (MA-2115)<\/a><\/li><li><a href=\"http:\/\/gecousb.com.ve\/index.php\/materias\/analisis-de-circuitos-electricos-2-ec-2272\/\">An\u00e1lisis de Circuitos El\u00e9ctricos 2 (EC-2272)<\/a><\/li><li><a href=\"http:\/\/gecousb.com.ve\/index.php\/materias\/fisica-4-fs-2212\/\">F\u00edsica 4 (FS-2212)<\/a><\/li><li><a href=\"http:\/\/gecousb.com.ve\/index.php\/materias\/lab-mediciones-ec-1281\/\">Laboratorio de Mediciones\u00a0El\u00e9ctricas (EC-1281)<\/a><\/li><li><a href=\"http:\/\/gecousb.com.ve\/index.php\/materias\/matematicas-5-ma-2112\/\">Matem\u00e1ticas 5 (MA-2112)<\/a><\/li><li><a href=\"http:\/\/gecousb.com.ve\/index.php\/materias\/computacion-1-ci-2125\/\">Computaci\u00f3n 1 (CI-2125)<\/a><\/li><li>F\u00edsica 5 (FS-2213)<\/li><li>Laboratorio de F\u00edsica 3 (FS-2282)<\/li><li><a href=\"http:\/\/gecousb.com.ve\/index.php\/materias\/matematicas-6-ma-2113\/\">Matem\u00e1ticas 6 (MA-2113)<\/a><\/li><li><a href=\"http:\/\/gecousb.com.ve\/index.php\/sistemas-ps-2315\">Sistemas (PS-2315)<\/a><\/li><\/ul>\n\n\n\n<p><strong>Tercer A\u00f1o:<\/strong><\/p>\n\n\n\n<ul><li><a href=\"http:\/\/gecousb.com.ve\/index.php\/materias\/circuitos-digitales-ec-1723\/\">Circuitos Digitales (EC-1723)<\/a><\/li><li><a href=\"http:\/\/gecousb.com.ve\/index.php\/materias\/circuitos-electronicos-1-ec-1177\/\">Circuitos Electr\u00f3nicos 1 (EC-1177)<\/a>&nbsp;&#8211;&nbsp;<a href=\"http:\/\/gecousb.com.ve\/index.php\/materias\/circuitos-electronicos-ec-1113\/\">Circuitos Electr\u00f3nicos (EC-1113)<\/a><\/li><li><a href=\"http:\/\/gecousb.com.ve\/index.php\/materias\/computacion-2-ci-2126\/\">Computaci\u00f3n 2 (CI-2126)<\/a><\/li><li><a href=\"http:\/\/gecousb.com.ve\/index.php\/materias\/matematicas-7-ma-3111\/\">Matem\u00e1ticas 7 (MA-3111)<\/a><\/li><li>Arquitectura del Computador 1 (EC-2721)<\/li><li>Circuitos Electr\u00f3nicos 2 (EC-2178)<\/li><li><a href=\"http:\/\/gecousb.com.ve\/index.php\/materias\/gerencia-de-proyectos-ce-2562\/\">Gerencia Estrat\u00e9gica de Proyectos (CE-2562)<\/a><\/li><li><a href=\"http:\/\/gecousb.com.ve\/index.php\/materias\/probabilidades-para-ingenieros-co-3121\/\">Probabilidades para Ingenieros (CO-3121)<\/a><\/li><li>Arquitectura del Computador 2 (EC-3731)<\/li><li>Se\u00f1ales y Sistemas (EC-1421)<\/li><li><a href=\"http:\/\/gecousb.com.ve\/index.php\/materias\/teoria-electromagnetica-ec-1311\/\">Teor\u00eda Electromagn\u00e9tica (EC-1311)<\/a><\/li><\/ul>\n\n\n\n<p><strong>Cuarto A\u00f1o:<\/strong><\/p>\n\n\n\n<ul><li><a href=\"http:\/\/gecousb.com.ve\/index.php\/materias\/comunicaciones-1-ec-2422\/\">Comunicaciones 1 (EC-2422)<\/a><\/li><li>Electr\u00f3nica de los Sistemas de Adquisici\u00f3n, Procesamiento y Control Industrial 1 (EC-3179)<\/li><li>Laboratorio de Proyectos 1 (EC-3881)<\/li><li><a href=\"http:\/\/gecousb.com.ve\/index.php\/materias\/teoria-de-ondas-ec-2322\/\">Teor\u00eda de Ondas (EC-2322)<\/a><\/li><li><a href=\"http:\/\/gecousb.com.ve\/index.php\/materias\/comunicaciones-2-ec-3423\/\">Comunicaciones 2 (EC-3423)<\/a><\/li><li><a href=\"http:\/\/gecousb.com.ve\/index.php\/materias\/electronica-de-los-sistemas-de-adquisicion-procesamiento-y-control-industrial-2-ec-4179\/\">Electr\u00f3nica de los Sistemas de Adquisici\u00f3n, Procesamiento y Control Industrial 2 (EC-4179)<\/a><\/li><li>Laboratorio de Proyectos 2 (EC-3882)<\/li><li><a href=\"http:\/\/gecousb.com.ve\/index.php\/sistemas-de-control-1-ps-2322\/\">Sistemas de Control 1 (PS-2322)<\/a><\/li><li><a href=\"http:\/\/gecousb.com.ve\/index.php\/materias\/evaluacion-de-proyectos-ce-3122\/\">Evaluaci\u00f3n de Proyectos (CE-3122)<\/a><\/li><li>Laboratorio de Proyectos 3 (EC-3883)<\/li><li><a href=\"http:\/\/gecousb.com.ve\/index.php\/guias-usb\/todas-las-materias\/sistemas-de-control-2-ps-2323\/\">Sistemas de Control 2 (PS-2323)<\/a><\/li><\/ul>\n\n\n\n<p><strong>Quinto A\u00f1o:<\/strong><\/p>\n\n\n\n<ul><li>Dispositivos Electr\u00f3nicos (EC-3173)<\/li><li>Fundamentos de Radiocomunicaciones (EC-4434)<\/li><li>Redes de Computadoras (EC-5751)<\/li><\/ul>\n","protected":false},"excerpt":{"rendered":"<p>Primer A\u00f1o: Matem\u00e1ticas 1 (MA-1111)\/ Matem\u00e1ticas de honor 1 (MA-1121) F\u00edsica 1 (FS-1111) Matem\u00e1ticas 2 (MA-1112)\/ Matem\u00e1ticas de honor 2 (MA-1122) F\u00edsica 2 (FS-1112) Matem\u00e1ticas 3 (MA-1116)\/ Matem\u00e1ticas de honor 3 (MA-1123) Segundo A\u00f1o: Circuitos El\u00e9ctricos 1 (EC-1251) \/ Circuitos El\u00e9ctricos (EC-1021) F\u00edsica 3 (FS-2211) Laboratorio de F\u00edsica 1 (FS-2181) Matem\u00e1ticas 4 (MA-2115) An\u00e1lisis de [&hellip;]<\/p>\n","protected":false},"author":1,"featured_media":0,"parent":2785,"menu_order":0,"comment_status":"open","ping_status":"closed","template":"","meta":[],"categories":[],"tags":[],"_links":{"self":[{"href":"https:\/\/gecousb.com.ve\/index.php\/wp-json\/wp\/v2\/pages\/641"}],"collection":[{"href":"https:\/\/gecousb.com.ve\/index.php\/wp-json\/wp\/v2\/pages"}],"about":[{"href":"https:\/\/gecousb.com.ve\/index.php\/wp-json\/wp\/v2\/types\/page"}],"author":[{"embeddable":true,"href":"https:\/\/gecousb.com.ve\/index.php\/wp-json\/wp\/v2\/users\/1"}],"replies":[{"embeddable":true,"href":"https:\/\/gecousb.com.ve\/index.php\/wp-json\/wp\/v2\/comments?post=641"}],"version-history":[{"count":0,"href":"https:\/\/gecousb.com.ve\/index.php\/wp-json\/wp\/v2\/pages\/641\/revisions"}],"up":[{"embeddable":true,"href":"https:\/\/gecousb.com.ve\/index.php\/wp-json\/wp\/v2\/pages\/2785"}],"wp:attachment":[{"href":"https:\/\/gecousb.com.ve\/index.php\/wp-json\/wp\/v2\/media?parent=641"}],"wp:term":[{"taxonomy":"category","embeddable":true,"href":"https:\/\/gecousb.com.ve\/index.php\/wp-json\/wp\/v2\/categories?post=641"},{"taxonomy":"post_tag","embeddable":true,"href":"https:\/\/gecousb.com.ve\/index.php\/wp-json\/wp\/v2\/tags?post=641"}],"curies":[{"name":"wp","href":"https:\/\/api.w.org\/{rel}","templated":true}]}}