{"id":640,"date":"2015-05-03T02:23:52","date_gmt":"2015-05-03T02:23:52","guid":{"rendered":"http:\/\/gecousb.com.ve\/?page_id=640"},"modified":"2019-03-07T02:30:47","modified_gmt":"2019-03-07T02:30:47","slug":"ing-electrica","status":"publish","type":"page","link":"https:\/\/gecousb.com.ve\/index.php\/carreras-a-e\/ing-electrica-2\/ing-electrica\/","title":{"rendered":"Materias Ing.El\u00e9ctrica"},"content":{"rendered":"\n<p><strong>Primer A\u00f1o:<\/strong><\/p>\n\n\n\n<ul><li><a href=\"http:\/\/gecousb.com.ve\/index.php\/materias\/matematicas-1-ma-1111\/#\">Matem\u00e1ticas 1 (MA-1111)<\/a>\/ <a href=\"http:\/\/gecousb.com.ve\/index.php\/materias\/matematicas-de-honor-1-ma-1121\/\">Matem\u00e1ticas de honor 1 (MA-1121)<\/a><\/li><li><a href=\"http:\/\/gecousb.com.ve\/index.php\/materias\/fisica-1-fs-1111\/\">F\u00edsica 1 (FS-1111)<\/a><\/li><li><a href=\"http:\/\/gecousb.com.ve\/index.php\/materias\/matematicas-2-ma-1112\/\">Matem\u00e1ticas 2 (MA-1112)<\/a>\/ <a href=\"http:\/\/gecousb.com.ve\/index.php\/materias\/matematicas-de-honor-2-ma-1122\/\">Matem\u00e1ticas de honor 2 (MA-1122)<\/a><\/li><li><a href=\"http:\/\/gecousb.com.ve\/index.php\/materias\/fisica-2-fs-1112\/\">F\u00edsica 2 (FS-1112)<\/a><\/li><li><a href=\"http:\/\/gecousb.com.ve\/index.php\/materias\/matematicas-3-ma-1116\/\">Matem\u00e1ticas 3 (MA-1116)<\/a>\/ <a href=\"http:\/\/gecousb.com.ve\/index.php\/materias\/matematicas-de-honor-3-ma-1123\/\">Matem\u00e1ticas de honor 3 (MA-1123)<\/a><\/li><\/ul>\n\n\n\n<p><strong>Segundo A\u00f1o:<\/strong><\/p>\n\n\n\n<ul><li><a href=\"http:\/\/gecousb.com.ve\/index.php\/materias\/circuitos-electricos-1-ec-1251\/\">Circuitos El\u00e9ctricos 1 (EC-1251)<\/a> \/ <a href=\"http:\/\/gecousb.com.ve\/index.php\/guias-usb\/todas-las-materias\/circuitos-electricos-ec-1021\/\">Circuitos El\u00e9ctricos 1 (EC-1021)<\/a><\/li><li><a href=\"http:\/\/gecousb.com.ve\/index.php\/materias\/fisica-3-fs-2211\/\">F\u00edsica 3 (FS-2211)<\/a><\/li><li><a href=\"http:\/\/gecousb.com.ve\/index.php\/laboratorio-basico-de-fisica-1-fs-2181\/\">Laboratorio de F\u00edsica 1 (FS-2181)<\/a><\/li><li><a href=\"http:\/\/gecousb.com.ve\/index.php\/materias\/matematicas-4-ma-2115\/\">Matem\u00e1ticas 4 (MA-2115)<\/a><\/li><li>An\u00e1lisis de Circuitos Lineales (EC-2262)<\/li><li><a href=\"http:\/\/gecousb.com.ve\/index.php\/materias\/computacion-1-ci-2125\/\">Computaci\u00f3n 1 (CI-2125)<\/a><\/li><li><a href=\"http:\/\/gecousb.com.ve\/index.php\/materias\/fisica-4-fs-2212\/\">F\u00edsica 4 (FS-2212)<\/a><\/li><li><a href=\"http:\/\/gecousb.com.ve\/index.php\/materias\/introduccion-a-la-ingenieria-electrica-ct-1212\/\">Introducci\u00f3n a la Ingenier\u00eda El\u00e9ctrica (CT-1212)<\/a><\/li><li><a href=\"http:\/\/gecousb.com.ve\/index.php\/materias\/matematicas-5-ma-2112\/\">Matem\u00e1ticas 5 (MA-2112)<\/a><\/li><li>F\u00edsica 5 (FS-2213)<\/li><li>Laboratorio de Mediciones El\u00e9ctricas (EC-2286)<\/li><li><a href=\"http:\/\/gecousb.com.ve\/index.php\/materias\/matematicas-6-ma-2113\/\">Matem\u00e1ticas 6 (MA-2113)<\/a><\/li><li><a href=\"http:\/\/gecousb.com.ve\/index.php\/materias\/mecanica-de-materiales-1-mc-2141\/\">Mec\u00e1nica de Materiales 1 (MC-2141)<\/a><\/li><li><a href=\"http:\/\/gecousb.com.ve\/index.php\/materias\/sistemas-electricos-1-ct-3231\/\">Sistemas El\u00e9ctricos 1 (CT-3231)<\/a><\/li><\/ul>\n\n\n\n<p><strong>Tercer A\u00f1o:<\/strong><\/p>\n\n\n\n<ul><li>Introducci\u00f3n a Circuitos Electr\u00f3nicos&nbsp;(EC-1167)<\/li><li><a href=\"http:\/\/gecousb.com.ve\/index.php\/materias\/matematicas-7-ma-3111\/\">Matem\u00e1ticas 7 (MA-3111)<\/a><\/li><li>Sistemas El\u00e9ctricos 2 (CT-3232)<\/li><li><a href=\"http:\/\/gecousb.com.ve\/index.php\/materias\/teoria-electromagnetica-ec-1311\/\">Teor\u00eda Electromagn\u00e9tica (EC-1311)<\/a><\/li><li>An\u00e1lisis de los Circuitos Electr\u00f3nicos (EC-1168)<\/li><li>Conversi\u00f3n de Energ\u00eda 1 (CT-1311)<\/li><li>Laboratorio de Circuitos Electr\u00f3nicos (EC-3192)<\/li><li>Sistemas de Control 1 (PS-1314)<\/li><li>Sistemas de Potencia 1 (CT-3233)<\/li><li>Conversi\u00f3n de Energ\u00eda 2 (CT-2311)<\/li><li>Electr\u00f3nica Digital (EC-3713)<\/li><li>Laboratorio de Control (PS-1381)<\/li><li>Sistemas de Control 2 (PS-2316)<\/li><li>Sistemas de Potencia 2 (CT-4234)<\/li><\/ul>\n\n\n\n<p><strong>Cuarto A\u00f1o:<\/strong><\/p>\n\n\n\n<ul><li>Conversi\u00f3n de Energ\u00eda 3 (CT-3311)<\/li><li><a href=\"http:\/\/gecousb.com.ve\/index.php\/materias\/probabilidades-para-ingenieros-co-3121\/\">Probabilidades para Ingenieros (CO-3121)<\/a><\/li><li>Laboratorio de Conversi\u00f3n de Energ\u00eda 1 (CT-4381)<\/li><li>Laboratorio de Electr\u00f3nica Digital (EC-3188)<\/li><li>Sistemas de Potencia 3 (CT-4211)<\/li><li>Conversi\u00f3n de Energ\u00eda 4 (CT-4311)<\/li><li>Generaci\u00f3n de Potencia 1 (CT-4441)<\/li><li>Instalaciones de Media y Baja Tensi\u00f3n (CT-4212)<\/li><li>Laboratorio de Conversi\u00f3n de Energ\u00eda 2 (CT-4382)<\/li><li>Controladores de Potencia (CT-4351)<\/li><li>Generaci\u00f3n de Potencia 2 (CT-5442)<\/li><li>Sistemas de Protecci\u00f3n (CT-4222)<\/li><li>Taller de Proyectos (CT-4611)<\/li><\/ul>\n\n\n\n<p><strong>Quinto A\u00f1o:<\/strong><\/p>\n\n\n\n<ul><li><a href=\"http:\/\/gecousb.com.ve\/index.php\/materias\/economia-de-la-empresa-ce-3114\/\">Econom\u00eda de la Empresa (CE-3114)<\/a><\/li><li>Instalaciones de Alta Tensi\u00f3n (CT-4111)<\/li><li>L\u00edneas de Transmisi\u00f3n (CT-5215)<\/li><\/ul>\n","protected":false},"excerpt":{"rendered":"<p>Primer A\u00f1o: Matem\u00e1ticas 1 (MA-1111)\/ Matem\u00e1ticas de honor 1 (MA-1121) F\u00edsica 1 (FS-1111) Matem\u00e1ticas 2 (MA-1112)\/ Matem\u00e1ticas de honor 2 (MA-1122) F\u00edsica 2 (FS-1112) Matem\u00e1ticas 3 (MA-1116)\/ Matem\u00e1ticas de honor 3 (MA-1123) Segundo A\u00f1o: Circuitos El\u00e9ctricos 1 (EC-1251) \/ Circuitos El\u00e9ctricos 1 (EC-1021) F\u00edsica 3 (FS-2211) Laboratorio de F\u00edsica 1 (FS-2181) Matem\u00e1ticas 4 (MA-2115) An\u00e1lisis [&hellip;]<\/p>\n","protected":false},"author":1,"featured_media":0,"parent":6352,"menu_order":0,"comment_status":"open","ping_status":"closed","template":"","meta":[],"categories":[],"tags":[],"_links":{"self":[{"href":"https:\/\/gecousb.com.ve\/index.php\/wp-json\/wp\/v2\/pages\/640"}],"collection":[{"href":"https:\/\/gecousb.com.ve\/index.php\/wp-json\/wp\/v2\/pages"}],"about":[{"href":"https:\/\/gecousb.com.ve\/index.php\/wp-json\/wp\/v2\/types\/page"}],"author":[{"embeddable":true,"href":"https:\/\/gecousb.com.ve\/index.php\/wp-json\/wp\/v2\/users\/1"}],"replies":[{"embeddable":true,"href":"https:\/\/gecousb.com.ve\/index.php\/wp-json\/wp\/v2\/comments?post=640"}],"version-history":[{"count":0,"href":"https:\/\/gecousb.com.ve\/index.php\/wp-json\/wp\/v2\/pages\/640\/revisions"}],"up":[{"embeddable":true,"href":"https:\/\/gecousb.com.ve\/index.php\/wp-json\/wp\/v2\/pages\/6352"}],"wp:attachment":[{"href":"https:\/\/gecousb.com.ve\/index.php\/wp-json\/wp\/v2\/media?parent=640"}],"wp:term":[{"taxonomy":"category","embeddable":true,"href":"https:\/\/gecousb.com.ve\/index.php\/wp-json\/wp\/v2\/categories?post=640"},{"taxonomy":"post_tag","embeddable":true,"href":"https:\/\/gecousb.com.ve\/index.php\/wp-json\/wp\/v2\/tags?post=640"}],"curies":[{"name":"wp","href":"https:\/\/api.w.org\/{rel}","templated":true}]}}