{"id":6399,"date":"2016-05-14T16:29:37","date_gmt":"2016-05-14T16:29:37","guid":{"rendered":"http:\/\/gecousb.com.ve\/?page_id=6399"},"modified":"2016-05-22T03:59:12","modified_gmt":"2016-05-22T03:59:12","slug":"informacion-ing-geofisica","status":"publish","type":"page","link":"https:\/\/gecousb.com.ve\/index.php\/carreras-f-o\/ing-geofisica-2\/informacion-ing-geofisica\/","title":{"rendered":"Informaci\u00f3n Ing.Geof\u00edsica"},"content":{"rendered":"<h3><span style=\"text-decoration: underline;\"><strong>Descripci\u00f3n de la Carrera:<\/strong><\/span><\/h3>\n<p>En Venezuela \u00e9sta adquiere especial importancia ya que, en particular el \u00e1rea de la prospecci\u00f3n, es de comprobada utilidad en trabajos de exploraci\u00f3n petrolera y minera, as\u00ed como en la soluci\u00f3n de diversos problemas de Ingenier\u00eda Civil.La Ingenier\u00eda Geof\u00edsica aplica distintas \u00e1reas del conocimiento tales como la F\u00edsica, las Matem\u00e1ticas y la Geolog\u00eda, al estudio de la constituci\u00f3n interna e historia de la Tierra.<\/p>\n<p>(Fragmento tomado de la p\u00e1gina oficial de la usb).<\/p>\n<h3><strong><span style=\"text-decoration: underline;\">Centro De Estudiantes De Ingenier\u00eda Geof\u00edsica:<\/span><\/strong><\/h3>\n<ul>\n<li>Ubicaci\u00f3n:\u00a0La sala de Lectura de Ingenier\u00eda Geof\u00edsica est\u00e1 ubicada en el edificio . Es el sitio de reuni\u00f3n y estudio de la comunidad de estudiantes de Geof\u00edsica.<\/li>\n<li>P\u00e1gina:\u00a0<a href=\"http:\/\/ceig.fceusb.org\/\">CEIG<\/a><\/li>\n<li>Correos: \u00bf\u00bf\u00bf???<\/li>\n<li>Twitter:\u00a0\u00a0<a href=\"https:\/\/twitter.com\/CEIG_USB\">@CEIG_USB<\/a>\u00a0<a href=\"http:\/\/twitter.com\/?q=ceimec#!\/ceimecusb\"><br \/>\n<\/a><\/li>\n<li>Facebook:\u00a0<a href=\"https:\/\/www.facebook.com\/ceig.usb\">www.facebook.com\/ceig.usb<\/a><a href=\"http:\/\/www.facebook.com\/profile.php?id=100002736261801\"><br \/>\n<\/a><\/li>\n<\/ul>\n<h3><span style=\"text-decoration: underline;\"><strong>Coordinaci\u00f3n De Ingenier\u00eda Geof\u00edsica:<\/strong><\/span><\/h3>\n<ul>\n<li>Ubicaci\u00f3n:\u00a0Edif. de F\u00edsica y Electr\u00f3nica II (FE2), Piso 3.<\/li>\n<li>P\u00e1gina:\u00a0<a href=\"http:\/\/www.gc.usb.ve\/geocoordweb\/coordinacion.html\">http:\/\/www.gc.usb.ve\/geocoordweb\/coordinacion.html<\/a><a href=\"http:\/\/www.mec.coord.usb.ve\/\"><br \/>\n<\/a><\/li>\n<li>Correo:\u00a0coord-geo@usb.ve<\/li>\n<li>Tel\u00e9fonos:\u00a0(212)-906-3500\/3545\u00a0Extensi\u00f3n\u00a0Fax:\u00a03503<\/li>\n<\/ul>\n<p>Para mayor informaci\u00f3n sobre todo lo referente a esta carrera, incluyendo el pensum y una descripci\u00f3n de la carrera visita la p\u00e1gina del CEIG.<\/p>\n","protected":false},"excerpt":{"rendered":"<p>Descripci\u00f3n de la Carrera: En Venezuela \u00e9sta adquiere especial importancia ya que, en particular el \u00e1rea de la prospecci\u00f3n, es de comprobada utilidad en trabajos de exploraci\u00f3n petrolera y minera, as\u00ed como en la soluci\u00f3n de diversos problemas de Ingenier\u00eda Civil.La Ingenier\u00eda Geof\u00edsica aplica distintas \u00e1reas del conocimiento tales como la F\u00edsica, las Matem\u00e1ticas y [&hellip;]<\/p>\n","protected":false},"author":1,"featured_media":0,"parent":6375,"menu_order":0,"comment_status":"open","ping_status":"open","template":"","meta":[],"categories":[],"tags":[],"_links":{"self":[{"href":"https:\/\/gecousb.com.ve\/index.php\/wp-json\/wp\/v2\/pages\/6399"}],"collection":[{"href":"https:\/\/gecousb.com.ve\/index.php\/wp-json\/wp\/v2\/pages"}],"about":[{"href":"https:\/\/gecousb.com.ve\/index.php\/wp-json\/wp\/v2\/types\/page"}],"author":[{"embeddable":true,"href":"https:\/\/gecousb.com.ve\/index.php\/wp-json\/wp\/v2\/users\/1"}],"replies":[{"embeddable":true,"href":"https:\/\/gecousb.com.ve\/index.php\/wp-json\/wp\/v2\/comments?post=6399"}],"version-history":[{"count":0,"href":"https:\/\/gecousb.com.ve\/index.php\/wp-json\/wp\/v2\/pages\/6399\/revisions"}],"up":[{"embeddable":true,"href":"https:\/\/gecousb.com.ve\/index.php\/wp-json\/wp\/v2\/pages\/6375"}],"wp:attachment":[{"href":"https:\/\/gecousb.com.ve\/index.php\/wp-json\/wp\/v2\/media?parent=6399"}],"wp:term":[{"taxonomy":"category","embeddable":true,"href":"https:\/\/gecousb.com.ve\/index.php\/wp-json\/wp\/v2\/categories?post=6399"},{"taxonomy":"post_tag","embeddable":true,"href":"https:\/\/gecousb.com.ve\/index.php\/wp-json\/wp\/v2\/tags?post=6399"}],"curies":[{"name":"wp","href":"https:\/\/api.w.org\/{rel}","templated":true}]}}