{"id":6397,"date":"2016-05-14T16:27:39","date_gmt":"2016-05-14T16:27:39","guid":{"rendered":"http:\/\/gecousb.com.ve\/?page_id=6397"},"modified":"2016-05-22T03:59:12","modified_gmt":"2016-05-22T03:59:12","slug":"informacion-ing-materiales","status":"publish","type":"page","link":"https:\/\/gecousb.com.ve\/index.php\/carreras-f-o\/ing-materiales-2\/informacion-ing-materiales\/","title":{"rendered":"Informaci\u00f3n Ing.Materiales"},"content":{"rendered":"<h3><strong><span style=\"text-decoration: underline;\">Descripci\u00f3n de la Carrera:<\/span><\/strong><\/h3>\n<p>La carrera tiene como finalidad formar un profesional capacitado para: la obtenci\u00f3n y transformaci\u00f3n de los materiales; la ejecuci\u00f3n y el mejoramiento en los procesos industriales propios de su \u00e1rea; intervenir junto con profesionales de otras \u00e1reas en el dise\u00f1o y mantenimiento de equipos, maquinarias y otros bienes; establecer especificaciones de uso y transformaci\u00f3n de bienes y controlar la calidad de dichos productos.La carrera de Ingenier\u00eda de Materiales se ocupa de la transformaci\u00f3n y aplicaci\u00f3n de los materiales; del estudio de sus propiedades f\u00edsicas y qu\u00edmicas para su procesamiento industrial en la fabricaci\u00f3n de productos \u00fatiles; y del comportamiento de dichos materiales en el medio donde act\u00faan.<\/p>\n<p>(Fragmento tomado de la p\u00e1gina oficial de la usb).<\/p>\n<h3><span style=\"text-decoration: underline;\"><strong>Centro De Estudiantes De Ingenier\u00eda De Los Materiales:<\/strong><\/span><\/h3>\n<ul>\n<li>Ubicaci\u00f3n:\u00a0La sala de Lectura de Ingenier\u00eda De Los Materiales est\u00e1 ubicada en el edificio de Mec\u00e1nica y Materiales (MEM), Piso 1 . Es el sitio de reuni\u00f3n y estudio de la comunidad de estudiantes de Materiales.<\/li>\n<li>P\u00e1gina:\u00a0<a href=\"http:\/\/ceim.fceusb.org\/\">CEIM<\/a><\/li>\n<li>Correos: \u00bf\u00bf??<\/li>\n<li>Twitter:\u00a0<a href=\"https:\/\/twitter.com\/CEIM_USB\">@CEIM_USB<\/a>\u00a0<a href=\"http:\/\/twitter.com\/?q=ceimec#!\/ceimecusb\"><br \/>\n<\/a><\/li>\n<li>Facebook:\u00a0<a href=\"https:\/\/www.facebook.com\/pages\/CEIM-USB\/281054585322356\">Grupo CEIM<\/a><\/li>\n<\/ul>\n<h3><span style=\"text-decoration: underline;\"><strong> Coordinaci\u00f3n De Ingenier\u00eda De Los Materiales:<\/strong><\/span><\/h3>\n<ul>\n<li>Ubicaci\u00f3n:\u00a0Edificio de Mec\u00e1nica Y Materiales (MEM), piso 1.<\/li>\n<li>P\u00e1gina:\u00a0<a href=\"http:\/\/www.mtr.coord.usb.ve\/index.html\">http:\/\/www.mtr.coord.usb.ve\/index.html<\/a><a href=\"http:\/\/www.mec.coord.usb.ve\/\"><br \/>\n<\/a><\/li>\n<li>Correo:\u00a0coord-mt@usb.ve<\/li>\n<li>Tel\u00e9fonos:\u00a0(212)-906-3917\/3918<\/li>\n<\/ul>\n<p>Para mayor informaci\u00f3n sobre todo lo referente a esta carrera, incluyendo el pensum y una descripci\u00f3n de la carrera visita la p\u00e1gina del CEIM.<\/p>\n","protected":false},"excerpt":{"rendered":"<p>Descripci\u00f3n de la Carrera: La carrera tiene como finalidad formar un profesional capacitado para: la obtenci\u00f3n y transformaci\u00f3n de los materiales; la ejecuci\u00f3n y el mejoramiento en los procesos industriales propios de su \u00e1rea; intervenir junto con profesionales de otras \u00e1reas en el dise\u00f1o y mantenimiento de equipos, maquinarias y otros bienes; establecer especificaciones de [&hellip;]<\/p>\n","protected":false},"author":1,"featured_media":0,"parent":6377,"menu_order":0,"comment_status":"open","ping_status":"open","template":"","meta":[],"categories":[],"tags":[],"_links":{"self":[{"href":"https:\/\/gecousb.com.ve\/index.php\/wp-json\/wp\/v2\/pages\/6397"}],"collection":[{"href":"https:\/\/gecousb.com.ve\/index.php\/wp-json\/wp\/v2\/pages"}],"about":[{"href":"https:\/\/gecousb.com.ve\/index.php\/wp-json\/wp\/v2\/types\/page"}],"author":[{"embeddable":true,"href":"https:\/\/gecousb.com.ve\/index.php\/wp-json\/wp\/v2\/users\/1"}],"replies":[{"embeddable":true,"href":"https:\/\/gecousb.com.ve\/index.php\/wp-json\/wp\/v2\/comments?post=6397"}],"version-history":[{"count":0,"href":"https:\/\/gecousb.com.ve\/index.php\/wp-json\/wp\/v2\/pages\/6397\/revisions"}],"up":[{"embeddable":true,"href":"https:\/\/gecousb.com.ve\/index.php\/wp-json\/wp\/v2\/pages\/6377"}],"wp:attachment":[{"href":"https:\/\/gecousb.com.ve\/index.php\/wp-json\/wp\/v2\/media?parent=6397"}],"wp:term":[{"taxonomy":"category","embeddable":true,"href":"https:\/\/gecousb.com.ve\/index.php\/wp-json\/wp\/v2\/categories?post=6397"},{"taxonomy":"post_tag","embeddable":true,"href":"https:\/\/gecousb.com.ve\/index.php\/wp-json\/wp\/v2\/tags?post=6397"}],"curies":[{"name":"wp","href":"https:\/\/api.w.org\/{rel}","templated":true}]}}