{"id":6393,"date":"2016-05-14T16:21:19","date_gmt":"2016-05-14T16:21:19","guid":{"rendered":"http:\/\/gecousb.com.ve\/?page_id=6393"},"modified":"2016-05-22T03:59:12","modified_gmt":"2016-05-22T03:59:12","slug":"informacion-lic-fisica","status":"publish","type":"page","link":"https:\/\/gecousb.com.ve\/index.php\/carreras-f-o\/lic-fisica-2\/informacion-lic-fisica\/","title":{"rendered":"Informaci\u00f3n Lic.F\u00edsica"},"content":{"rendered":"<h3><span style=\"text-decoration: underline;\"><strong>Descripci\u00f3n de la Carrera:<\/strong><\/span><\/h3>\n<p>El f\u00edsico, formado con un criterio anal\u00edtico y una actitud creativa, podr\u00e1 ejercer su profesi\u00f3n en centros de investigaci\u00f3n, y desarrollo industrial o tecnol\u00f3gico. Adem\u00e1s, podr\u00e1 emplear sus habilidades y conocimientos en actividad docente, planificaci\u00f3n y desarrollo de servicios.\u00a0El egresado de la carrera de f\u00edsica de la Universidad Sim\u00f3n Bol\u00edvar (USB)\u00a0est\u00e1 preparado para participar en investigaci\u00f3n cient\u00edfica b\u00e1sica y aplicada dirigida a la formulaci\u00f3n de modelos, obtenci\u00f3n de datos experimentales que permitan corroborar, modificar y\/o proponer nuevas teor\u00edas y el desarrollo de altas tecnolog\u00edas en \u00e1reas de car\u00e1cter multidisciplinario como: Control de Calidad, Instrumentaci\u00f3n, Ciencias de los Materiales, Biof\u00edsica, Computaci\u00f3n, Procesos Tecnol\u00f3gicos, Electr\u00f3nica y Ambiente, entre otros.<\/p>\n<p>(Fragmento tomado de la p\u00e1gina oficial de la usb).<\/p>\n<h3><strong><span style=\"text-decoration: underline;\">Centro De Estudiantes De\u00a0Licenciatura en F\u00edsica<\/span><\/strong>:<\/h3>\n<ul>\n<li>Ubicaci\u00f3n:\u00a0La sala de Lectura de\u00a0Licenciatura en F\u00edsica est\u00e1 ubicada en el edificio de Edificio F\u00edsica y Electr\u00f3nica 1 (FE1) en el piso 2. Es el sitio de reuni\u00f3n y estudio de la comunidad de estudiantes de F\u00edsica.<\/li>\n<li>Correo:\u00a0celfusb@gmail.com<\/li>\n<li>Twitter:\u00a0<a href=\"https:\/\/twitter.com\/CELFUSB\">@CELFUSB<\/a><\/li>\n<li>Facebook:\u00a0<a href=\"https:\/\/www.facebook.com\/celfusb\">celfusb<\/a><\/li>\n<\/ul>\n<h3><strong><span style=\"text-decoration: underline;\">Coordinaci\u00f3n De Licenciatura en F\u00edsica:<\/span><\/strong><\/h3>\n<ul>\n<li>Ubicaci\u00f3n:\u00a0Edif. de Ciencias B\u00e1sicas I, Piso 1, Ofic. 141-A<\/li>\n<li>P\u00e1gina:\u00a0<a href=\"http:\/\/www.fis.coord.usb.ve\/\">http:\/\/www.fis.coord.usb.ve\/<\/a><a href=\"http:\/\/www.mec.coord.usb.ve\/\"><br \/>\n<\/a><\/li>\n<li>Correo:\u00a0 coord-fis@usb.ve<\/li>\n<li>Tel\u00e9fonos:\u00a0(212)-906-3376<\/li>\n<\/ul>\n<p>Para mayor informaci\u00f3n sobre todo lo referente a esta carrera, incluyendo el pensum y una descripci\u00f3n de la carrera visita la p\u00e1gina de la Coordinaci\u00f3n De Licenciatura en F\u00edsica.<\/p>\n","protected":false},"excerpt":{"rendered":"<p>Descripci\u00f3n de la Carrera: El f\u00edsico, formado con un criterio anal\u00edtico y una actitud creativa, podr\u00e1 ejercer su profesi\u00f3n en centros de investigaci\u00f3n, y desarrollo industrial o tecnol\u00f3gico. Adem\u00e1s, podr\u00e1 emplear sus habilidades y conocimientos en actividad docente, planificaci\u00f3n y desarrollo de servicios.\u00a0El egresado de la carrera de f\u00edsica de la Universidad Sim\u00f3n Bol\u00edvar (USB)\u00a0est\u00e1 [&hellip;]<\/p>\n","protected":false},"author":1,"featured_media":0,"parent":6381,"menu_order":0,"comment_status":"open","ping_status":"open","template":"","meta":[],"categories":[],"tags":[],"_links":{"self":[{"href":"https:\/\/gecousb.com.ve\/index.php\/wp-json\/wp\/v2\/pages\/6393"}],"collection":[{"href":"https:\/\/gecousb.com.ve\/index.php\/wp-json\/wp\/v2\/pages"}],"about":[{"href":"https:\/\/gecousb.com.ve\/index.php\/wp-json\/wp\/v2\/types\/page"}],"author":[{"embeddable":true,"href":"https:\/\/gecousb.com.ve\/index.php\/wp-json\/wp\/v2\/users\/1"}],"replies":[{"embeddable":true,"href":"https:\/\/gecousb.com.ve\/index.php\/wp-json\/wp\/v2\/comments?post=6393"}],"version-history":[{"count":0,"href":"https:\/\/gecousb.com.ve\/index.php\/wp-json\/wp\/v2\/pages\/6393\/revisions"}],"up":[{"embeddable":true,"href":"https:\/\/gecousb.com.ve\/index.php\/wp-json\/wp\/v2\/pages\/6381"}],"wp:attachment":[{"href":"https:\/\/gecousb.com.ve\/index.php\/wp-json\/wp\/v2\/media?parent=6393"}],"wp:term":[{"taxonomy":"category","embeddable":true,"href":"https:\/\/gecousb.com.ve\/index.php\/wp-json\/wp\/v2\/categories?post=6393"},{"taxonomy":"post_tag","embeddable":true,"href":"https:\/\/gecousb.com.ve\/index.php\/wp-json\/wp\/v2\/tags?post=6393"}],"curies":[{"name":"wp","href":"https:\/\/api.w.org\/{rel}","templated":true}]}}