{"id":639,"date":"2015-05-03T02:23:27","date_gmt":"2015-05-03T02:23:27","guid":{"rendered":"http:\/\/gecousb.com.ve\/?page_id=639"},"modified":"2023-05-07T23:26:29","modified_gmt":"2023-05-07T23:26:29","slug":"ing-computacion","status":"publish","type":"page","link":"https:\/\/gecousb.com.ve\/index.php\/carreras-a-e\/ing-computacion-2\/ing-computacion\/","title":{"rendered":"Materias Ing.Computaci\u00f3n"},"content":{"rendered":"\n<p><strong>Primer A\u00f1o:<\/strong><\/p>\n\n\n\n<ul><li><a href=\"http:\/\/gecousb.com.ve\/index.php\/materias\/matematicas-1-ma-1111\/#\">Matem\u00e1ticas 1 (MA-1111)<\/a>\/ <a href=\"http:\/\/gecousb.com.ve\/index.php\/materias\/matematicas-de-honor-1-ma-1121\/\">Matem\u00e1ticas de honor 1 (MA-1121)<\/a><\/li><li><a href=\"http:\/\/gecousb.com.ve\/index.php\/materias\/fisica-1-fs-1111\/\">F\u00edsica 1 (FS-1111)<\/a><\/li><li><a href=\"http:\/\/gecousb.com.ve\/index.php\/materias\/matematicas-2-ma-1112\/\">Matem\u00e1ticas 2 (MA-1112)<\/a>\/ <a href=\"http:\/\/gecousb.com.ve\/index.php\/materias\/matematicas-de-honor-2-ma-1122\/\">Matem\u00e1ticas de honor 2 (MA-1122)<\/a><\/li><li><a href=\"http:\/\/gecousb.com.ve\/index.php\/materias\/fisica-2-fs-1112\/\">F\u00edsica 2 (FS-1112)<\/a><\/li><li><a href=\"http:\/\/gecousb.com.ve\/index.php\/materias\/matematicas-3-ma-1116\/\">Matem\u00e1ticas 3 (MA-1116)<\/a>\/ <a href=\"http:\/\/gecousb.com.ve\/index.php\/materias\/matematicas-de-honor-3-ma-1123\/\">Matem\u00e1ticas de honor 3 (MA-1123)<\/a><\/li><\/ul>\n\n\n\n<p><strong>Segundo A\u00f1o:<\/strong><\/p>\n\n\n\n<ul><li><a href=\"http:\/\/gecousb.com.ve\/index.php\/materias\/estructuras-discretas-1-ci-2525\/\">Estructuras Discretas 1 (CI-2525)<\/a><\/li><li><a href=\"http:\/\/gecousb.com.ve\/index.php\/materias\/logica-simbolica-ci-2511\/\">L\u00f3gica Simb\u00f3lica (CI-2511)<\/a><\/li><li><a href=\"http:\/\/gecousb.com.ve\/index.php\/materias\/matematicas-4-ma-2115\/\">Matem\u00e1ticas 4 (MA-2115)<\/a><\/li><li><a href=\"http:\/\/gecousb.com.ve\/index.php\/algoritmos-y-estructuras-1-ci-2611\/\">Algoritmos y Estructuras 1 (CI-2611)<\/a><\/li><li><a href=\"http:\/\/gecousb.com.ve\/index.php\/materias\/estructuras-discretas-2-ci-2526\/\">Estructuras Discretas 2 (CI-2526)<\/a><\/li><li><a href=\"https:\/\/gecousb.com.ve\/index.php\/guias-usb\/todas-las-materias\/laboratorio-de-algoritmos-y-estructuras-1-ci-2691\/\">Laboratorio de Algoritmos y Estructuras 1 (CI-2691)<\/a><\/li><li><a href=\"http:\/\/gecousb.com.ve\/index.php\/materias\/matematicas-5-ma-2112\/\">Matem\u00e1ticas 5 (MA-2112)<\/a><\/li><li><a href=\"http:\/\/gecousb.com.ve\/index.php\/materias\/algoritmos-y-estructuras-2-ci-2612\/\">Algoritmos y Estructuras 2 (CI-2612)<\/a><\/li><li><a href=\"http:\/\/gecousb.com.ve\/index.php\/materias\/calculo-numerico-co-3211\/\">C\u00e1lculo Num\u00e9rico (CO-3211)<\/a><\/li><li><a href=\"http:\/\/gecousb.com.ve\/index.php\/materias\/estructuras-discretas-3-ci-2527\/\">Estructuras Discretas 3 (CI-2527)<\/a><\/li><li><a href=\"https:\/\/gecousb.com.ve\/index.php\/guias-usb\/todas-las-materias\/laboratorio-de-algoritmos-y-estructuras-2-ci-2692\/\">Laboratorio de Algoritmos y Estructuras 2 (CI-2692)<\/a><\/li><\/ul>\n\n\n\n<p><strong>Tercer A\u00f1o:<\/strong><\/p>\n\n\n\n<ul><li><a href=\"https:\/\/gecousb.com.ve\/index.php\/guias-usb\/todas-las-materias\/algoritmos-y-estructuras-3-ci-2613\/\">Algoritmos y Estructuras 3\u00a0(CI-2613)<\/a><\/li><li>Laboratorio de Algoritmos y Estructuras 3 (CI-2693)<\/li><li><a href=\"http:\/\/gecousb.com.ve\/index.php\/materias\/organizacion-del-computador-ci-3815\/\">Organizaci\u00f3n del Computador (CI-3815)<\/a><\/li><li><a href=\"http:\/\/gecousb.com.ve\/index.php\/materias\/probabilidades-para-ingenieros-co-3121\/\">Probabilidades para Ingenieros (CO-3121)<\/a><\/li><li><a href=\"http:\/\/gecousb.com.ve\/index.php\/estadistica-para-ingenieria-co-3321\/\">Estad\u00edstica (CO-3321)<\/a><\/li><li><a href=\"https:\/\/gecousb.com.ve\/index.php\/guias-usb\/todas-las-materias\/laboratorio-de-bases-de-datos-ci-3391\/\">Laboratorio de Sistemas de Base de Datos 1 (CI-3391)<\/a><\/li><li><a href=\"https:\/\/gecousb.com.ve\/index.php\/guias-usb\/todas-las-materias\/sistemas-de-base-de-datos-1-ci-3311\/\">Sistemas de Base de Datos 1 (CI-3311)<\/a><\/li><li>Sistemas de Operaci\u00f3n (CI-3825)<\/li><li>Ingenier\u00eda de Software 1 (CI-3715)<\/li><li><a href=\"https:\/\/gecousb.com.ve\/index.php\/guias-usb\/todas-las-materias\/sistemas-de-informacion-1-ps-1115\/\">Sistemas de Informaci\u00f3n 1 (PS-1115)<\/a><\/li><li><a href=\"http:\/\/gecousb.com.ve\/index.php\/materias\/traductores-e-interpretadores-ci-3725\/\">Traductores e Interpretadores (CI-3725)<\/a><\/li><\/ul>\n\n\n\n<p><strong>Cuarto A\u00f1o:<\/strong><\/p>\n\n\n\n<ul><li>Laboratorio de Lenguajes de Programaci\u00f3n (CI-3661)<\/li><li><a href=\"http:\/\/gecousb.com.ve\/index.php\/guias-usb\/todas-las-materias\/lenguajes-de-programacion-ci-3641\/\">Lenguajes de Programaci\u00f3n (CI-3641)<\/a><\/li><li><a href=\"https:\/\/gecousb.com.ve\/index.php\/guias-usb\/todas-las-materias\/modelos-lineales-ps-1111\/\">Modelos Lineales 1 (PS-1111)<\/a><\/li><li>Redes de Computadoras (CI-4835)<\/li><li>Interfaces con el Usuario (CI-4325)<\/li><\/ul>\n","protected":false},"excerpt":{"rendered":"<p>Primer A\u00f1o: Matem\u00e1ticas 1 (MA-1111)\/ Matem\u00e1ticas de honor 1 (MA-1121) F\u00edsica 1 (FS-1111) Matem\u00e1ticas 2 (MA-1112)\/ Matem\u00e1ticas de honor 2 (MA-1122) F\u00edsica 2 (FS-1112) Matem\u00e1ticas 3 (MA-1116)\/ Matem\u00e1ticas de honor 3 (MA-1123) Segundo A\u00f1o: Estructuras Discretas 1 (CI-2525) L\u00f3gica Simb\u00f3lica (CI-2511) Matem\u00e1ticas 4 (MA-2115) Algoritmos y Estructuras 1 (CI-2611) Estructuras Discretas 2 (CI-2526) Laboratorio de [&hellip;]<\/p>\n","protected":false},"author":1,"featured_media":0,"parent":2377,"menu_order":0,"comment_status":"open","ping_status":"closed","template":"","meta":[],"categories":[],"tags":[],"_links":{"self":[{"href":"https:\/\/gecousb.com.ve\/index.php\/wp-json\/wp\/v2\/pages\/639"}],"collection":[{"href":"https:\/\/gecousb.com.ve\/index.php\/wp-json\/wp\/v2\/pages"}],"about":[{"href":"https:\/\/gecousb.com.ve\/index.php\/wp-json\/wp\/v2\/types\/page"}],"author":[{"embeddable":true,"href":"https:\/\/gecousb.com.ve\/index.php\/wp-json\/wp\/v2\/users\/1"}],"replies":[{"embeddable":true,"href":"https:\/\/gecousb.com.ve\/index.php\/wp-json\/wp\/v2\/comments?post=639"}],"version-history":[{"count":3,"href":"https:\/\/gecousb.com.ve\/index.php\/wp-json\/wp\/v2\/pages\/639\/revisions"}],"predecessor-version":[{"id":33135,"href":"https:\/\/gecousb.com.ve\/index.php\/wp-json\/wp\/v2\/pages\/639\/revisions\/33135"}],"up":[{"embeddable":true,"href":"https:\/\/gecousb.com.ve\/index.php\/wp-json\/wp\/v2\/pages\/2377"}],"wp:attachment":[{"href":"https:\/\/gecousb.com.ve\/index.php\/wp-json\/wp\/v2\/media?parent=639"}],"wp:term":[{"taxonomy":"category","embeddable":true,"href":"https:\/\/gecousb.com.ve\/index.php\/wp-json\/wp\/v2\/categories?post=639"},{"taxonomy":"post_tag","embeddable":true,"href":"https:\/\/gecousb.com.ve\/index.php\/wp-json\/wp\/v2\/tags?post=639"}],"curies":[{"name":"wp","href":"https:\/\/api.w.org\/{rel}","templated":true}]}}