{"id":6389,"date":"2016-05-14T16:16:30","date_gmt":"2016-05-14T16:16:30","guid":{"rendered":"http:\/\/gecousb.com.ve\/?page_id=6389"},"modified":"2016-05-22T03:59:12","modified_gmt":"2016-05-22T03:59:12","slug":"informacion-lic-matematicas","status":"publish","type":"page","link":"https:\/\/gecousb.com.ve\/index.php\/carreras-f-o\/lic-matematicas-2\/informacion-lic-matematicas\/","title":{"rendered":"Informaci\u00f3n Lic.Matem\u00e1ticas"},"content":{"rendered":"<h3><span style=\"text-decoration: underline;\"><strong>Descripci\u00f3n de la Carrera:<\/strong><\/span><\/h3>\n<p>Licenciatura en Matem\u00e1ticas es la carrera de las ciencias b\u00e1sicas que se ocupa del estudio de las matem\u00e1ticas y de su aplicaci\u00f3n en la resoluci\u00f3n de problemas cient\u00edficos e industriales. La Universidad Sim\u00f3n Bol\u00edvar ofrece en este programa acad\u00e9mico tres opciones: Licenciatura en Matem\u00e1ticas (0500), Licenciatura en Matem\u00e1ticas, opci\u00f3n Estad\u00edstica y Matem\u00e1ticas Computacionales (0501) y Licenciatura en Matem\u00e1ticas, opci\u00f3n Did\u00e1ctica de las Matem\u00e1ticas (0502).<\/p>\n<p>El egresado de cualquiera de las tres opciones se puede desempe\u00f1ar como matem\u00e1tico, bien en el \u00e1rea docente, de investigaci\u00f3n o de aplicaci\u00f3n en la industria. Los potenciales organismos empleadores son las universidades e institutos de educaci\u00f3n superior en general, institutos de investigaci\u00f3n (IVIC, CIDA, FONAIAP, INTEVEP, FUNVISS, entre otros), industrias (petrolera, el\u00e9ctrica y b\u00e1sicas de Guayana) y empresas de telefon\u00eda celular, telecomunicaciones, computaci\u00f3n, de seguros y del \u00e1rea financiera, as\u00ed como consultoras de ingenier\u00eda.<\/p>\n<p>(Fragmento tomado de la p\u00e1gina oficial de la usb).<\/p>\n<h3><strong><span style=\"text-decoration: underline;\">Centro De Estudiantes De\u00a0Licenciatura en Matem\u00e1ticas:<\/span><\/strong><\/h3>\n<ul>\n<li>Ubicaci\u00f3n:\u00a0La sala de Lectura de\u00a0Licenciatura en Matem\u00e1ticas\u00a0est\u00e1 ubicada en el edificio de Matem\u00e1ticas\u00a0y Sistemas\u00a0(MYS) en el piso 1. Es el sitio de reuni\u00f3n y estudio de la comunidad de estudiantes de esta carrera.<\/li>\n<li>P\u00e1gina:\u00a0<a href=\"http:\/\/celm.fceusb.org\/\">CELM<\/a><\/li>\n<li>Twitter:\u00a0<a href=\"https:\/\/twitter.com\/CELM_USB\">@CELM_USB<\/a><\/li>\n<\/ul>\n<h3><strong><span style=\"text-decoration: underline;\">Coordinaci\u00f3n De\u00a0Licenciatura en Matem\u00e1ticas:<\/span><\/strong><\/h3>\n<ul>\n<li>Ubicaci\u00f3n:\u00a0 Edif. Matem\u00e1ticas y Sistemas, Piso 1, Ofic. 143<\/li>\n<li>P\u00e1gina:<a href=\"http:\/\/www.mat.coord.usb.ve\/\">\u00a0http:\/\/www.mat.coord.usb.ve\/<\/a><a href=\"http:\/\/www.mec.coord.usb.ve\/\"><br \/>\n<\/a><\/li>\n<li>Correo:\u00a0coord-ma@usb.ve<\/li>\n<li>Tel\u00e9fonos:\u00a0(212)-906-3374<\/li>\n<\/ul>\n<p>Para mayor informaci\u00f3n sobre todo lo referente a esta carrera, incluyendo el pensum y una descripci\u00f3n de la carrera visita la p\u00e1gina del CELM.<\/p>\n","protected":false},"excerpt":{"rendered":"<p>Descripci\u00f3n de la Carrera: Licenciatura en Matem\u00e1ticas es la carrera de las ciencias b\u00e1sicas que se ocupa del estudio de las matem\u00e1ticas y de su aplicaci\u00f3n en la resoluci\u00f3n de problemas cient\u00edficos e industriales. La Universidad Sim\u00f3n Bol\u00edvar ofrece en este programa acad\u00e9mico tres opciones: Licenciatura en Matem\u00e1ticas (0500), Licenciatura en Matem\u00e1ticas, opci\u00f3n Estad\u00edstica y [&hellip;]<\/p>\n","protected":false},"author":1,"featured_media":0,"parent":6383,"menu_order":0,"comment_status":"open","ping_status":"open","template":"","meta":[],"categories":[],"tags":[],"_links":{"self":[{"href":"https:\/\/gecousb.com.ve\/index.php\/wp-json\/wp\/v2\/pages\/6389"}],"collection":[{"href":"https:\/\/gecousb.com.ve\/index.php\/wp-json\/wp\/v2\/pages"}],"about":[{"href":"https:\/\/gecousb.com.ve\/index.php\/wp-json\/wp\/v2\/types\/page"}],"author":[{"embeddable":true,"href":"https:\/\/gecousb.com.ve\/index.php\/wp-json\/wp\/v2\/users\/1"}],"replies":[{"embeddable":true,"href":"https:\/\/gecousb.com.ve\/index.php\/wp-json\/wp\/v2\/comments?post=6389"}],"version-history":[{"count":0,"href":"https:\/\/gecousb.com.ve\/index.php\/wp-json\/wp\/v2\/pages\/6389\/revisions"}],"up":[{"embeddable":true,"href":"https:\/\/gecousb.com.ve\/index.php\/wp-json\/wp\/v2\/pages\/6383"}],"wp:attachment":[{"href":"https:\/\/gecousb.com.ve\/index.php\/wp-json\/wp\/v2\/media?parent=6389"}],"wp:term":[{"taxonomy":"category","embeddable":true,"href":"https:\/\/gecousb.com.ve\/index.php\/wp-json\/wp\/v2\/categories?post=6389"},{"taxonomy":"post_tag","embeddable":true,"href":"https:\/\/gecousb.com.ve\/index.php\/wp-json\/wp\/v2\/tags?post=6389"}],"curies":[{"name":"wp","href":"https:\/\/api.w.org\/{rel}","templated":true}]}}