{"id":6364,"date":"2016-05-14T15:27:11","date_gmt":"2016-05-14T15:27:11","guid":{"rendered":"http:\/\/gecousb.com.ve\/?page_id=6364"},"modified":"2016-05-22T03:59:12","modified_gmt":"2016-05-22T03:59:12","slug":"informacion-lic-biologia","status":"publish","type":"page","link":"https:\/\/gecousb.com.ve\/index.php\/carreras-a-e\/lic-biologia-2\/informacion-lic-biologia\/","title":{"rendered":"Informaci\u00f3n Lic.Biolog\u00eda"},"content":{"rendered":"<h3><span style=\"text-decoration: underline;\"><strong>Descripci\u00f3n de la Carrera:<\/strong><\/span><\/h3>\n<p>El objetivo primordial de la carrera es formar un profesional que pueda desempe\u00f1arse en investigaci\u00f3n cient\u00edfica y participar en el desarrollo de la biomedicina, agro-industria, mejoramiento del ambiente, industria de alimentos, etc.La carrera de Biolog\u00eda estudia los fen\u00f3menos biol\u00f3gicos a nivel molecular, celular, individual y poblacional y su significado adaptativo y evolutivo.<\/p>\n<p>(Fragmento tomado de la p\u00e1gina oficial de la usb).<\/p>\n<h3><span style=\"text-decoration: underline;\"><strong>Centro De Estudiantes De\u00a0Licenciatura En Biolog\u00eda:<\/strong><\/span><\/h3>\n<ul>\n<li>Ubicaci\u00f3n:\u00a0La sala de Lectura de Licenciatura En Biolog\u00eda est\u00e1 ubicada en el edificio\u00a0Pabell\u00f3n 4. Es el sitio de reuni\u00f3n y estudio de la comunidad de estudiantes de Biolog\u00eda.<\/li>\n<li>P\u00e1gina:\u00a0<a href=\"http:\/\/cebio.fceusb.org\/\">CEBIO<\/a><\/li>\n<li>Correo:\u00a0cebiousb@gmail.com<\/li>\n<li>Twitter:\u00a0\u00a0<a href=\"https:\/\/twitter.com\/CEBIOUSB\">@CEBIOUSB<\/a><\/li>\n<\/ul>\n<h3><strong><span style=\"text-decoration: underline;\">Coordinaci\u00f3n De Biolog\u00eda:<\/span><\/strong><\/h3>\n<ul>\n<li>Ubicaci\u00f3n:\u00a0 Pabell\u00f3n 3,\u00a0Oficina 3-14.<\/li>\n<li>P\u00e1gina:\u00a0<a href=\"http:\/\/www.bio.coord.usb.ve\/\">http:\/\/www.bio.coord.usb.ve\/<\/a><a href=\"http:\/\/www.mec.coord.usb.ve\/\"><br \/>\n<\/a><\/li>\n<li>Correo:\u00a0coord-bio@usb.ve<\/li>\n<li>Tel\u00e9fonos:\u00a0(212)-906-3048\u00a0Extensi\u00f3n:\u00a03048\u00a0Fax:\u00a03057<\/li>\n<\/ul>\n<p>Para mayor informaci\u00f3n sobre todo lo referente a esta carrera, incluyendo el pensum y una descripci\u00f3n de la carrera visita la p\u00e1gina del CEBIO.<\/p>\n","protected":false},"excerpt":{"rendered":"<p>Descripci\u00f3n de la Carrera: El objetivo primordial de la carrera es formar un profesional que pueda desempe\u00f1arse en investigaci\u00f3n cient\u00edfica y participar en el desarrollo de la biomedicina, agro-industria, mejoramiento del ambiente, industria de alimentos, etc.La carrera de Biolog\u00eda estudia los fen\u00f3menos biol\u00f3gicos a nivel molecular, celular, individual y poblacional y su significado adaptativo y [&hellip;]<\/p>\n","protected":false},"author":1,"featured_media":0,"parent":6362,"menu_order":0,"comment_status":"open","ping_status":"open","template":"","meta":[],"categories":[],"tags":[],"_links":{"self":[{"href":"https:\/\/gecousb.com.ve\/index.php\/wp-json\/wp\/v2\/pages\/6364"}],"collection":[{"href":"https:\/\/gecousb.com.ve\/index.php\/wp-json\/wp\/v2\/pages"}],"about":[{"href":"https:\/\/gecousb.com.ve\/index.php\/wp-json\/wp\/v2\/types\/page"}],"author":[{"embeddable":true,"href":"https:\/\/gecousb.com.ve\/index.php\/wp-json\/wp\/v2\/users\/1"}],"replies":[{"embeddable":true,"href":"https:\/\/gecousb.com.ve\/index.php\/wp-json\/wp\/v2\/comments?post=6364"}],"version-history":[{"count":0,"href":"https:\/\/gecousb.com.ve\/index.php\/wp-json\/wp\/v2\/pages\/6364\/revisions"}],"up":[{"embeddable":true,"href":"https:\/\/gecousb.com.ve\/index.php\/wp-json\/wp\/v2\/pages\/6362"}],"wp:attachment":[{"href":"https:\/\/gecousb.com.ve\/index.php\/wp-json\/wp\/v2\/media?parent=6364"}],"wp:term":[{"taxonomy":"category","embeddable":true,"href":"https:\/\/gecousb.com.ve\/index.php\/wp-json\/wp\/v2\/categories?post=6364"},{"taxonomy":"post_tag","embeddable":true,"href":"https:\/\/gecousb.com.ve\/index.php\/wp-json\/wp\/v2\/tags?post=6364"}],"curies":[{"name":"wp","href":"https:\/\/api.w.org\/{rel}","templated":true}]}}