{"id":6360,"date":"2016-05-14T15:19:56","date_gmt":"2016-05-14T15:19:56","guid":{"rendered":"http:\/\/gecousb.com.ve\/?page_id=6360"},"modified":"2016-05-22T03:59:12","modified_gmt":"2016-05-22T03:59:12","slug":"informacion-ing-electronica","status":"publish","type":"page","link":"https:\/\/gecousb.com.ve\/index.php\/carreras-a-e\/ing-electronica-2\/informacion-ing-electronica\/","title":{"rendered":"Informaci\u00f3n Ing.Electr\u00f3nica"},"content":{"rendered":"<h3><span style=\"text-decoration: underline;\"><strong>Descripci\u00f3n de la Carrera:<\/strong><\/span><\/h3>\n<p>La Ingenier\u00eda Electr\u00f3nica se dedica al estudio de los dispositivos, circuitos y sistemas electr\u00f3nicos, incluyendo su an\u00e1lisis, dise\u00f1o, desarrollo y operaci\u00f3n, as\u00ed como al estudio de los principios sobre los que se basan. Dichos dispositivos, circuitos y sistemas pueden utilizarse en una variad\u00edsima gama de aplicaciones, que incluye, entre otros, los sistemas digitales, los sistemas de comunicaciones, los sistemas de automatizaci\u00f3n y control, los sistemas de transporte e innumerables aparatos personales y dom\u00e9stico, que hacen m\u00e1s f\u00e1cil y agradable nuestra vida.<\/p>\n<p>(Fragmento tomado de la p\u00e1gina oficial de la usb).<\/p>\n<h3><strong><span style=\"text-decoration: underline;\">Centro De Estudiantes De Ingenier\u00eda Electr\u00f3nica:<\/span><\/strong><\/h3>\n<ul>\n<li>Ubicaci\u00f3n:\u00a0La sala de Lectura de Ingenier\u00eda Electr\u00f3nica est\u00e1 ubicada en el edificio F\u00edsica y Electr\u00f3nica I (FE1), en el Piso 1\u00a0. Es el sitio de reuni\u00f3n y estudio de la comunidad de estudiantes de Electr\u00f3nica.<\/li>\n<li>P\u00e1gina:\u00a0<a href=\"http:\/\/ceielec.fceusb.org\/\">CEIELEC<\/a><\/li>\n<li>Twitter:\u00a0<a href=\"https:\/\/twitter.com\/CEIElectronica\">@CEIElectronica<\/a><\/li>\n<\/ul>\n<h3><strong><span style=\"text-decoration: underline;\">Coordinaci\u00f3n De Ingenier\u00eda Electr\u00f3nica:<\/span><\/strong><\/h3>\n<ul>\n<li>Ubicaci\u00f3n:\u00a0edificio F\u00edsica y Electr\u00f3nica I, Piso 3, oficina 348 \u00a0(Fe1-348).<\/li>\n<li>P\u00e1gina:\u00a0<a href=\"https:\/\/sites.google.com\/site\/coordinaciondeelectronica\/\">https:\/\/sites.google.com\/site\/coordinaciondeelectronica\/<\/a><a href=\"http:\/\/www.mec.coord.usb.ve\/\"><br \/>\n<\/a><\/li>\n<li>Correo:\u00a0coord-electronica@usb.ve ,\u00a0coord.electronicausb@gmail.com<\/li>\n<li>Tel\u00e9fonos:\u00a0(212)-906-3634\/9063637<\/li>\n<\/ul>\n<p>Para mayor informaci\u00f3n sobre todo lo referente a esta carrera, incluyendo el pensum y una descripci\u00f3n de la carrera visita la p\u00e1gina del CEIELEC<\/p>\n","protected":false},"excerpt":{"rendered":"<p>Descripci\u00f3n de la Carrera: La Ingenier\u00eda Electr\u00f3nica se dedica al estudio de los dispositivos, circuitos y sistemas electr\u00f3nicos, incluyendo su an\u00e1lisis, dise\u00f1o, desarrollo y operaci\u00f3n, as\u00ed como al estudio de los principios sobre los que se basan. Dichos dispositivos, circuitos y sistemas pueden utilizarse en una variad\u00edsima gama de aplicaciones, que incluye, entre otros, los [&hellip;]<\/p>\n","protected":false},"author":1,"featured_media":0,"parent":2785,"menu_order":0,"comment_status":"open","ping_status":"open","template":"","meta":[],"categories":[],"tags":[],"_links":{"self":[{"href":"https:\/\/gecousb.com.ve\/index.php\/wp-json\/wp\/v2\/pages\/6360"}],"collection":[{"href":"https:\/\/gecousb.com.ve\/index.php\/wp-json\/wp\/v2\/pages"}],"about":[{"href":"https:\/\/gecousb.com.ve\/index.php\/wp-json\/wp\/v2\/types\/page"}],"author":[{"embeddable":true,"href":"https:\/\/gecousb.com.ve\/index.php\/wp-json\/wp\/v2\/users\/1"}],"replies":[{"embeddable":true,"href":"https:\/\/gecousb.com.ve\/index.php\/wp-json\/wp\/v2\/comments?post=6360"}],"version-history":[{"count":0,"href":"https:\/\/gecousb.com.ve\/index.php\/wp-json\/wp\/v2\/pages\/6360\/revisions"}],"up":[{"embeddable":true,"href":"https:\/\/gecousb.com.ve\/index.php\/wp-json\/wp\/v2\/pages\/2785"}],"wp:attachment":[{"href":"https:\/\/gecousb.com.ve\/index.php\/wp-json\/wp\/v2\/media?parent=6360"}],"wp:term":[{"taxonomy":"category","embeddable":true,"href":"https:\/\/gecousb.com.ve\/index.php\/wp-json\/wp\/v2\/categories?post=6360"},{"taxonomy":"post_tag","embeddable":true,"href":"https:\/\/gecousb.com.ve\/index.php\/wp-json\/wp\/v2\/tags?post=6360"}],"curies":[{"name":"wp","href":"https:\/\/api.w.org\/{rel}","templated":true}]}}