{"id":6354,"date":"2016-05-14T15:11:20","date_gmt":"2016-05-14T15:11:20","guid":{"rendered":"http:\/\/gecousb.com.ve\/?page_id=6354"},"modified":"2016-05-22T03:59:11","modified_gmt":"2016-05-22T03:59:11","slug":"informacion-ing-electrica","status":"publish","type":"page","link":"https:\/\/gecousb.com.ve\/index.php\/carreras-a-e\/ing-electrica-2\/informacion-ing-electrica\/","title":{"rendered":"Informaci\u00f3n Ing.El\u00e9ctrica"},"content":{"rendered":"<h3><span style=\"text-decoration: underline;\"><strong>Descripci\u00f3n de la Carrera:<\/strong><\/span><\/h3>\n<p>La carrera de Ingenier\u00eda El\u00e9ctrica se dedica al estudio de todos los aspectos relacionados con la generaci\u00f3n, transmisi\u00f3n, distribuci\u00f3n y utilizaci\u00f3n de la energ\u00eda el\u00e9ctrica.<\/p>\n<p>Los ingenieros de esta especialidad pueden desempe\u00f1arse profesionalmente en las \u00e1reas de planificaci\u00f3n, desarrollo, dise\u00f1o, proyecto, c\u00e1lculo, especificaci\u00f3n, construcci\u00f3n, operaci\u00f3n y control de sistemas, instalaciones y equipos el\u00e9ctricos en alta, media y baja tensi\u00f3n. Pueden vincularse directamente en el \u00e1mbito t\u00e9cnico y profesional de los sectores industrial, petrolero, empresas de generaci\u00f3n, transmisi\u00f3n y distribuci\u00f3n de energ\u00eda el\u00e9ctrica, as\u00ed como empresas consultoras y constructoras vinculadas al sector el\u00e9ctrico.<\/p>\n<p>(Fragmento tomado de la p\u00e1gina oficial de la usb).<\/p>\n<h3><strong><span style=\"text-decoration: underline;\">Centro De Estudiantes De Ingenier\u00eda El\u00e9ctrica:<\/span><\/strong><\/h3>\n<ul>\n<li>Ubicaci\u00f3n:\u00a0La sala de Lectura de Ingenier\u00eda El\u00e9ctrica est\u00e1 ubicada en el edificio de Energ\u00e9tica (ENE) en el piso 1. Es el sitio de reuni\u00f3n y estudio de la comunidad de estudiantes de El\u00e9ctrica.<\/li>\n<li>P\u00e1gina:\u00a0<a href=\"http:\/\/www.ceieusb.org\/\">CEIE<\/a><\/li>\n<li>Correos:\u00a0ceielectrica@gmail.com ,\u00a0ing-electrica-ce@ceieusb.org ,\u00a0info@ceieusb.org<\/li>\n<li>Twitter:\u00a0<a href=\"https:\/\/twitter.com\/CEIE_USB\">@CEIE_USB<\/a><\/li>\n<li>Facebook:\u00a0<a href=\"https:\/\/www.facebook.com\/pages\/Centro-de-Estudiantes-Ingenier%C3%ADa-El%C3%A9ctrica-USB\/236388616403170\">Grupo CEIE<\/a><\/li>\n<\/ul>\n<h3><strong><span style=\"text-decoration: underline;\">Coordinaci\u00f3n De Ingenier\u00eda El\u00e9ctrica:<\/span><\/strong><\/h3>\n<ul>\n<li>Ubicaci\u00f3n:\u00a0Edificio de Ciencias B\u00e1sicas I, Piso 2, Oficinas 213 y 214.<\/li>\n<li>P\u00e1gina:\u00a0<a href=\"http:\/\/el.coord.usb.ve\/\">http:\/\/el.coord.usb.ve<\/a><a href=\"http:\/\/www.mec.coord.usb.ve\/\"><br \/>\n<\/a><\/li>\n<li>Correo:\u00a0coord-el@usb.ve<\/li>\n<li>Twitter:\u00a0\u00a0<a href=\"https:\/\/twitter.com\/coordelec\">@coordelec<\/a>\u00a0<a href=\"https:\/\/twitter.com\/CoordArqUSB\"><br \/>\n<\/a><\/li>\n<li>Tel\u00e9fonos:\u00a0(212)-906-3419\/3420<\/li>\n<\/ul>\n<p>Para mayor informaci\u00f3n sobre todo lo referente a esta carrera, incluyendo el pensum y una descripci\u00f3n de la carrera visita la p\u00e1gina del CEIE.<\/p>\n","protected":false},"excerpt":{"rendered":"<p>Descripci\u00f3n de la Carrera: La carrera de Ingenier\u00eda El\u00e9ctrica se dedica al estudio de todos los aspectos relacionados con la generaci\u00f3n, transmisi\u00f3n, distribuci\u00f3n y utilizaci\u00f3n de la energ\u00eda el\u00e9ctrica. Los ingenieros de esta especialidad pueden desempe\u00f1arse profesionalmente en las \u00e1reas de planificaci\u00f3n, desarrollo, dise\u00f1o, proyecto, c\u00e1lculo, especificaci\u00f3n, construcci\u00f3n, operaci\u00f3n y control de sistemas, instalaciones y [&hellip;]<\/p>\n","protected":false},"author":1,"featured_media":0,"parent":6352,"menu_order":0,"comment_status":"open","ping_status":"open","template":"","meta":[],"categories":[],"tags":[],"_links":{"self":[{"href":"https:\/\/gecousb.com.ve\/index.php\/wp-json\/wp\/v2\/pages\/6354"}],"collection":[{"href":"https:\/\/gecousb.com.ve\/index.php\/wp-json\/wp\/v2\/pages"}],"about":[{"href":"https:\/\/gecousb.com.ve\/index.php\/wp-json\/wp\/v2\/types\/page"}],"author":[{"embeddable":true,"href":"https:\/\/gecousb.com.ve\/index.php\/wp-json\/wp\/v2\/users\/1"}],"replies":[{"embeddable":true,"href":"https:\/\/gecousb.com.ve\/index.php\/wp-json\/wp\/v2\/comments?post=6354"}],"version-history":[{"count":0,"href":"https:\/\/gecousb.com.ve\/index.php\/wp-json\/wp\/v2\/pages\/6354\/revisions"}],"up":[{"embeddable":true,"href":"https:\/\/gecousb.com.ve\/index.php\/wp-json\/wp\/v2\/pages\/6352"}],"wp:attachment":[{"href":"https:\/\/gecousb.com.ve\/index.php\/wp-json\/wp\/v2\/media?parent=6354"}],"wp:term":[{"taxonomy":"category","embeddable":true,"href":"https:\/\/gecousb.com.ve\/index.php\/wp-json\/wp\/v2\/categories?post=6354"},{"taxonomy":"post_tag","embeddable":true,"href":"https:\/\/gecousb.com.ve\/index.php\/wp-json\/wp\/v2\/tags?post=6354"}],"curies":[{"name":"wp","href":"https:\/\/api.w.org\/{rel}","templated":true}]}}