{"id":6348,"date":"2016-05-14T14:59:05","date_gmt":"2016-05-14T14:59:05","guid":{"rendered":"http:\/\/gecousb.com.ve\/?page_id=6348"},"modified":"2016-05-22T03:59:11","modified_gmt":"2016-05-22T03:59:11","slug":"informacion-ing-computacion","status":"publish","type":"page","link":"https:\/\/gecousb.com.ve\/index.php\/carreras-a-e\/ing-computacion-2\/informacion-ing-computacion\/","title":{"rendered":"Informaci\u00f3n Ing.Computaci\u00f3n"},"content":{"rendered":"<h3><span style=\"text-decoration: underline;\"><strong>Descripci\u00f3n de la Carrera:<\/strong><\/span><\/h3>\n<p>El objetivo de la carrera es formar un profesional altamente calificado para desempe\u00f1arse en situaciones susceptibles de automatizaci\u00f3n mediante el uso de sistemas de computaci\u00f3n digital; es as\u00ed como el Ingeniero en Computaci\u00f3n puede desempe\u00f1arse tanto en el sector p\u00fablico como en el privado, en empresas manufactureras y distribuidores de equipos de computaci\u00f3n, agencias de servicios de computaci\u00f3n, compa\u00f1\u00edas petroleras, ministerios, banca, organismos financieros y en toda empresa u organizaci\u00f3n que utilice un equipo de computaci\u00f3n.La Ingenier\u00eda de la Computaci\u00f3n se ocupa de la naturaleza y caracter\u00edsticas de la informaci\u00f3n, su estructura y clasificaci\u00f3n, su almacenamiento y recuperaci\u00f3n y los di\u00adversos procesos a los que puede someterse en forma auto\u00admatizada. Se interesa igualmente de las propiedades de las m\u00e1quinas f\u00edsicas que realizan estas operaciones para pro\u00adducir sistemas de procesamiento de datos eficientes.<\/p>\n<p>(Fragmento tomado de la p\u00e1gina oficial de la usb).<\/p>\n<h3><strong><span style=\"text-decoration: underline;\">Centro De Estudiantes De Ingenier\u00eda en Computaci\u00f3n:<\/span><\/strong><\/h3>\n<ul>\n<li>Ubicaci\u00f3n:\u00a0La sala de Lectura de Ingenier\u00eda en Computaci\u00f3n est\u00e1 ubicada en el edificio de Matem\u00e1ticas y Sistemas (MYS) Piso 2 . Es el sitio de reuni\u00f3n y estudio de la comunidad de estudiantes de Computaci\u00f3n.<\/li>\n<li>P\u00e1gina:\u00a0<a href=\"http:\/\/usbceic.ldc.usb.ve\/\">CEIC<\/a><\/li>\n<li>Correos:\u00a0ceic@fceusb.org<\/li>\n<li>Twitter:\u00a0<a href=\"https:\/\/twitter.com\/USBCEIC\">@USBCEIC<\/a><\/li>\n<\/ul>\n<h3><strong><span style=\"text-decoration: underline;\">Coordinaci\u00f3n De Computaci\u00f3n:<\/span><\/strong><\/h3>\n<ul>\n<li>Ubicaci\u00f3n:\u00a0Edificio Matem\u00e1ticas y Sistemas (MYS). Segundo Piso, Oficina 207.<\/li>\n<li>P\u00e1gina:\u00a0<a href=\"http:\/\/cpc.ldc.usb.ve\/index.php\">http:\/\/cpc.ldc.usb.ve\/index.php<\/a><a href=\"http:\/\/www.mec.coord.usb.ve\/\"><br \/>\n<\/a><\/li>\n<li>Correo:\u00a0coord-comp@usb.ve<\/li>\n<li>Tel\u00e9fonos:\u00a0(212)-906-3239\/3240\u00a0Extensi\u00f3n:\u00a03240\u00a0Fax:\u00a03239<\/li>\n<\/ul>\n<p>Para mayor informaci\u00f3n sobre todo lo referente a esta carrera, incluyendo el pensum y una descripci\u00f3n de la carrera visita la p\u00e1gina del CEIC.<\/p>\n","protected":false},"excerpt":{"rendered":"<p>Descripci\u00f3n de la Carrera: El objetivo de la carrera es formar un profesional altamente calificado para desempe\u00f1arse en situaciones susceptibles de automatizaci\u00f3n mediante el uso de sistemas de computaci\u00f3n digital; es as\u00ed como el Ingeniero en Computaci\u00f3n puede desempe\u00f1arse tanto en el sector p\u00fablico como en el privado, en empresas manufactureras y distribuidores de equipos [&hellip;]<\/p>\n","protected":false},"author":1,"featured_media":0,"parent":2377,"menu_order":0,"comment_status":"open","ping_status":"open","template":"","meta":[],"categories":[],"tags":[],"_links":{"self":[{"href":"https:\/\/gecousb.com.ve\/index.php\/wp-json\/wp\/v2\/pages\/6348"}],"collection":[{"href":"https:\/\/gecousb.com.ve\/index.php\/wp-json\/wp\/v2\/pages"}],"about":[{"href":"https:\/\/gecousb.com.ve\/index.php\/wp-json\/wp\/v2\/types\/page"}],"author":[{"embeddable":true,"href":"https:\/\/gecousb.com.ve\/index.php\/wp-json\/wp\/v2\/users\/1"}],"replies":[{"embeddable":true,"href":"https:\/\/gecousb.com.ve\/index.php\/wp-json\/wp\/v2\/comments?post=6348"}],"version-history":[{"count":0,"href":"https:\/\/gecousb.com.ve\/index.php\/wp-json\/wp\/v2\/pages\/6348\/revisions"}],"up":[{"embeddable":true,"href":"https:\/\/gecousb.com.ve\/index.php\/wp-json\/wp\/v2\/pages\/2377"}],"wp:attachment":[{"href":"https:\/\/gecousb.com.ve\/index.php\/wp-json\/wp\/v2\/media?parent=6348"}],"wp:term":[{"taxonomy":"category","embeddable":true,"href":"https:\/\/gecousb.com.ve\/index.php\/wp-json\/wp\/v2\/categories?post=6348"},{"taxonomy":"post_tag","embeddable":true,"href":"https:\/\/gecousb.com.ve\/index.php\/wp-json\/wp\/v2\/tags?post=6348"}],"curies":[{"name":"wp","href":"https:\/\/api.w.org\/{rel}","templated":true}]}}