{"id":634,"date":"2015-05-03T02:21:39","date_gmt":"2015-05-03T02:21:39","guid":{"rendered":"http:\/\/gecousb.com.ve\/?page_id=634"},"modified":"2023-05-07T23:31:07","modified_gmt":"2023-05-07T23:31:07","slug":"lic-biologia","status":"publish","type":"page","link":"https:\/\/gecousb.com.ve\/index.php\/carreras-a-e\/lic-biologia-2\/lic-biologia\/","title":{"rendered":"Materias Lic.Biolog\u00eda"},"content":{"rendered":"<p><strong>Primer A\u00f1o:<\/strong><\/p>\n<ul>\n<li><a href=\"http:\/\/gecousb.com.ve\/index.php\/materias\/matematicas-1-ma-1111\/#\">Matem\u00e1ticas 1 (MA-1111)<\/a>\/\u00a0<a href=\"http:\/\/gecousb.com.ve\/index.php\/materias\/matematicas-de-honor-1-ma-1121\/\">Matem\u00e1ticas de honor 1 (MA-1121)<\/a><\/li>\n<li>Principios de Biolog\u00eda (EA-2100)<\/li>\n<li><a href=\"http:\/\/gecousb.com.ve\/index.php\/materias\/matematicas-2-ma-1112\/\">Matem\u00e1ticas 2 (MA-1112)<\/a>\/\u00a0<a href=\"http:\/\/gecousb.com.ve\/index.php\/materias\/matematicas-de-honor-2-ma-1122\/\">Matem\u00e1ticas de honor 2 (MA-1122)<\/a><\/li>\n<li><a href=\"http:\/\/gecousb.com.ve\/index.php\/materias\/quimica-general-1-qm-1121\/\">Qu\u00edmica General 1 (QM-1121)<\/a><\/li>\n<li><a href=\"http:\/\/gecousb.com.ve\/index.php\/laboratorio-de-quimica-general-1-qm-1181\/\">Laboratorio de Qu\u00edmica General 1 (QM-1181)<\/a><\/li>\n<li><a href=\"http:\/\/gecousb.com.ve\/index.php\/materias\/matematicas-3-ma-1116\/\">Matem\u00e1ticas 3 (MA-1116)<\/a>\/\u00a0<a href=\"http:\/\/gecousb.com.ve\/index.php\/materias\/matematicas-de-honor-3-ma-1123\/\">Matem\u00e1ticas de honor 3 (MA-1123)<\/a><\/li>\n<li><a href=\"http:\/\/gecousb.com.ve\/index.php\/materias\/quimica-general-2-qm-1122\/\">Qu\u00edmica General 2 (QM-1122)<\/a><\/li>\n<\/ul>\n<p><strong>Segundo A\u00f1o:<\/strong><\/p>\n<ul>\n<li>Biolog\u00eda de Organismos 1 (BO-2212)<\/li>\n<li><a href=\"https:\/\/gecousb.com.ve\/index.php\/guias-usb\/todas-las-materias\/laboratorio-de-quimica-general-2-qm1182\/\">Laboratorio de\u00a0Qu\u00edmica General 2 (QM-1182)<\/a><\/li>\n<li>Laboratorio de Biolog\u00eda de Organismos 1 (BO-2282)<\/li>\n<li><a href=\"http:\/\/gecousb.com.ve\/index.php\/materias\/matematicas-4-ma-2115\/\">Matem\u00e1ticas 4 (MA-2115)<\/a><\/li>\n<li><a href=\"http:\/\/gecousb.com.ve\/index.php\/materias\/quimica-organica-1-qm-2421\/\">Qu\u00edmica Org\u00e1nica 1 (QM-2421)<\/a><\/li>\n<li>Biolog\u00eda de Organismos 2 (BO-2213)<\/li>\n<li><a href=\"http:\/\/gecousb.com.ve\/index.php\/materias\/fisica-1-fs-1111\/\">F\u00edsica 1 (FS-1111)<\/a><\/li>\n<li>Laboratorio de Biolog\u00eda de Organismos 2 (BO-2283)<\/li>\n<li>Qu\u00edmica Org\u00e1nica 2 (QM-2428)<\/li>\n<li>Biolog\u00eda de Organismos 3 (EA-2313)<\/li>\n<li>Laboratorio de Biolog\u00eda de Organismos 3 (EA-2382)<\/li>\n<li>M\u00e9todos Estad\u00edsticos (CO-2121)<\/li>\n<li>Microbiolog\u00eda (BC-3361)<\/li>\n<\/ul>\n<p><strong>Tercer A\u00f1o:<\/strong><\/p>\n<ul>\n<li>Bioqu\u00edmica 1 (BC-3121)<\/li>\n<li>Gen\u00e9tica General (BC-3221)<\/li>\n<li>M\u00e9todos Estad\u00edsticos 2 (CO-2124)<\/li>\n<li>Bioqu\u00edmica 2 (BC-3122)<\/li>\n<li>F\u00edsica para Bi\u00f3logos (FS-3151)<\/li>\n<li>Laboratorio de Bioqu\u00edmica (BC-3181)<\/li>\n<li>Laboratorio de Gen\u00e9tica General (BC-3281)<\/li>\n<li>Ecolog\u00eda 1 (EA-2114)<\/li>\n<li>Elementos de Biof\u00edsica (PB-3623)<\/li>\n<li>Evoluci\u00f3n (EA-2112)<\/li>\n<\/ul>\n<p><strong>Cuarto A\u00f1o:<\/strong><\/p>\n<ul>\n<li>Ecolog\u00eda 2 (EA-2115)<\/li>\n<li>Fisiolog\u00eda Vegetal (BO-3421)<\/li>\n<li>Laboratorio de Ecolog\u00eda 1 (EA-2183)<\/li>\n<li>Fisiolog\u00eda Vegetal (BO-3221)<\/li>\n<li>Laboratorio de Ecolog\u00eda 2 (EA-2184)<\/li>\n<li>Laboratorio de Fisiolog\u00eda Vegetal (BO-3281)<\/li>\n<li>Fisiolog\u00eda Animal (BO-3321)<\/li>\n<li>Laboratorio de Fisiolog\u00eda Animal (BO-3381)<\/li>\n<\/ul>\n","protected":false},"excerpt":{"rendered":"<p>Primer A\u00f1o: Matem\u00e1ticas 1 (MA-1111)\/\u00a0Matem\u00e1ticas de honor 1 (MA-1121) Principios de Biolog\u00eda (EA-2100) Matem\u00e1ticas 2 (MA-1112)\/\u00a0Matem\u00e1ticas de honor 2 (MA-1122) Qu\u00edmica General 1 (QM-1121) Laboratorio de Qu\u00edmica General 1 (QM-1181) Matem\u00e1ticas 3 (MA-1116)\/\u00a0Matem\u00e1ticas de honor 3 (MA-1123) Qu\u00edmica General 2 (QM-1122) Segundo A\u00f1o: Biolog\u00eda de Organismos 1 (BO-2212) Laboratorio de\u00a0Qu\u00edmica General 2 (QM-1182) Laboratorio de [&hellip;]<\/p>\n","protected":false},"author":1,"featured_media":0,"parent":6362,"menu_order":0,"comment_status":"open","ping_status":"closed","template":"","meta":[],"categories":[],"tags":[],"_links":{"self":[{"href":"https:\/\/gecousb.com.ve\/index.php\/wp-json\/wp\/v2\/pages\/634"}],"collection":[{"href":"https:\/\/gecousb.com.ve\/index.php\/wp-json\/wp\/v2\/pages"}],"about":[{"href":"https:\/\/gecousb.com.ve\/index.php\/wp-json\/wp\/v2\/types\/page"}],"author":[{"embeddable":true,"href":"https:\/\/gecousb.com.ve\/index.php\/wp-json\/wp\/v2\/users\/1"}],"replies":[{"embeddable":true,"href":"https:\/\/gecousb.com.ve\/index.php\/wp-json\/wp\/v2\/comments?post=634"}],"version-history":[{"count":1,"href":"https:\/\/gecousb.com.ve\/index.php\/wp-json\/wp\/v2\/pages\/634\/revisions"}],"predecessor-version":[{"id":33138,"href":"https:\/\/gecousb.com.ve\/index.php\/wp-json\/wp\/v2\/pages\/634\/revisions\/33138"}],"up":[{"embeddable":true,"href":"https:\/\/gecousb.com.ve\/index.php\/wp-json\/wp\/v2\/pages\/6362"}],"wp:attachment":[{"href":"https:\/\/gecousb.com.ve\/index.php\/wp-json\/wp\/v2\/media?parent=634"}],"wp:term":[{"taxonomy":"category","embeddable":true,"href":"https:\/\/gecousb.com.ve\/index.php\/wp-json\/wp\/v2\/categories?post=634"},{"taxonomy":"post_tag","embeddable":true,"href":"https:\/\/gecousb.com.ve\/index.php\/wp-json\/wp\/v2\/tags?post=634"}],"curies":[{"name":"wp","href":"https:\/\/api.w.org\/{rel}","templated":true}]}}