{"id":633,"date":"2015-05-03T02:20:37","date_gmt":"2015-05-03T02:20:37","guid":{"rendered":"http:\/\/gecousb.com.ve\/?page_id=633"},"modified":"2019-03-07T02:35:44","modified_gmt":"2019-03-07T02:35:44","slug":"arquitectura","status":"publish","type":"page","link":"https:\/\/gecousb.com.ve\/index.php\/carreras-a-e\/arquitectura-2\/arquitectura\/","title":{"rendered":"Materias Arquitectura"},"content":{"rendered":"\n<p><strong>Primer A\u00f1o:<\/strong><\/p>\n\n\n\n<ul><li><a href=\"http:\/\/gecousb.com.ve\/index.php\/guias-usb\/todas-las-materias\/geometria-descriptiva-y-dibujo-1-da-1111\/\">Geometr\u00eda Descriptiva y Dibujo 1 (DA-1111)<\/a><\/li><li><a href=\"http:\/\/gecousb.com.ve\/index.php\/materias\/matematicas-1-ma-1111\/#\">Matem\u00e1ticas 1 (MA-1111)<\/a>\/\u00a0<a href=\"http:\/\/gecousb.com.ve\/index.php\/materias\/matematicas-de-honor-1-ma-1121\/\">Matem\u00e1ticas de honor 1 (MA-1121)<\/a><\/li><li><a href=\"http:\/\/gecousb.com.ve\/index.php\/materias\/fisica-basica-fs-1163\/\">F\u00edsica B\u00e1sica (FS-1163)<\/a><\/li><li><a href=\"http:\/\/gecousb.com.ve\/index.php\/materias\/matematicas-2-ma-1112\/\">Matem\u00e1ticas 2 (MA-1112)<\/a>\/\u00a0<a href=\"http:\/\/gecousb.com.ve\/index.php\/materias\/matematicas-de-honor-2-ma-1122\/\">Matem\u00e1ticas de honor 2 (MA-1122)<\/a><\/li><li>Dibujo y Perspectiva (DA-1113)<\/li><li><a href=\"http:\/\/gecousb.com.ve\/index.php\/materias\/fisica-de-las-estructuras-fs-1117\/\">F\u00edsica de las Estructuras (FS-1117)<\/a><\/li><li>Geometr\u00eda Descriptiva y Dibujo 2 (DA-1112)<\/li><li><a href=\"http:\/\/gecousb.com.ve\/index.php\/materias\/matematicas-3-ma-1116\/\">Matem\u00e1ticas 3 (MA-1116)<\/a>\/\u00a0<a href=\"http:\/\/gecousb.com.ve\/index.php\/materias\/matematicas-de-honor-3-ma-1123\/\">Matem\u00e1ticas de honor 3 (MA-1123)<\/a><\/li><\/ul>\n","protected":false},"excerpt":{"rendered":"<p>Primer A\u00f1o: Geometr\u00eda Descriptiva y Dibujo 1 (DA-1111) Matem\u00e1ticas 1 (MA-1111)\/\u00a0Matem\u00e1ticas de honor 1 (MA-1121) F\u00edsica B\u00e1sica (FS-1163) Matem\u00e1ticas 2 (MA-1112)\/\u00a0Matem\u00e1ticas de honor 2 (MA-1122) Dibujo y Perspectiva (DA-1113) F\u00edsica de las Estructuras (FS-1117) Geometr\u00eda Descriptiva y Dibujo 2 (DA-1112) Matem\u00e1ticas 3 (MA-1116)\/\u00a0Matem\u00e1ticas de honor 3 (MA-1123)<\/p>\n","protected":false},"author":1,"featured_media":0,"parent":1916,"menu_order":0,"comment_status":"open","ping_status":"closed","template":"","meta":[],"categories":[],"tags":[],"_links":{"self":[{"href":"https:\/\/gecousb.com.ve\/index.php\/wp-json\/wp\/v2\/pages\/633"}],"collection":[{"href":"https:\/\/gecousb.com.ve\/index.php\/wp-json\/wp\/v2\/pages"}],"about":[{"href":"https:\/\/gecousb.com.ve\/index.php\/wp-json\/wp\/v2\/types\/page"}],"author":[{"embeddable":true,"href":"https:\/\/gecousb.com.ve\/index.php\/wp-json\/wp\/v2\/users\/1"}],"replies":[{"embeddable":true,"href":"https:\/\/gecousb.com.ve\/index.php\/wp-json\/wp\/v2\/comments?post=633"}],"version-history":[{"count":0,"href":"https:\/\/gecousb.com.ve\/index.php\/wp-json\/wp\/v2\/pages\/633\/revisions"}],"up":[{"embeddable":true,"href":"https:\/\/gecousb.com.ve\/index.php\/wp-json\/wp\/v2\/pages\/1916"}],"wp:attachment":[{"href":"https:\/\/gecousb.com.ve\/index.php\/wp-json\/wp\/v2\/media?parent=633"}],"wp:term":[{"taxonomy":"category","embeddable":true,"href":"https:\/\/gecousb.com.ve\/index.php\/wp-json\/wp\/v2\/categories?post=633"},{"taxonomy":"post_tag","embeddable":true,"href":"https:\/\/gecousb.com.ve\/index.php\/wp-json\/wp\/v2\/tags?post=633"}],"curies":[{"name":"wp","href":"https:\/\/api.w.org\/{rel}","templated":true}]}}