{"id":6326,"date":"2016-05-14T14:53:10","date_gmt":"2016-05-14T14:53:10","guid":{"rendered":"http:\/\/gecousb.com.ve\/?page_id=6326"},"modified":"2016-12-14T00:14:18","modified_gmt":"2016-12-14T00:14:18","slug":"informacion-comercio-exterior","status":"publish","type":"page","link":"https:\/\/gecousb.com.ve\/index.php\/carreras-a-e\/comercio-exterior-2\/informacion-comercio-exterior\/","title":{"rendered":"Informaci\u00f3n Comercio Exterior"},"content":{"rendered":"<h3><span style=\"text-decoration: underline;\"><strong>Descripci\u00f3n de la Carrera:<\/strong><\/span><\/h3>\n<p>El per\ufb01l profesional de\u00a0la carrera con\ufb01ere posibilidades de actuar\u00a0igualmente, como empleador, al dot\u00e1rsele de\u00a0los instrumentos metodol\u00f3gicos y formativos\u00a0que a tal \ufb01n son necesarios. Los lineamientos\u00a0generales esbozados requieren, para su concreci\u00f3n, de pol\u00edticas e instrumentos espec\u00ed\ufb01cos de Comercio Exterior los cuales estar\u00e1n a\u00a0cargo de entes p\u00fablicos y privados vinculados\u00a0a la actividad propia del Comercio Exterior.<\/p>\n<p>(Fragmento tomado de la p\u00e1gina de la coordinaci\u00f3n).<\/p>\n<h2>Sartenejas:<\/h2>\n<h3><strong><span style=\"text-decoration: underline;\">Centro De Estudiantes De Comercio Exterior:<\/span><\/strong><\/h3>\n<ul>\n<li>Ubicaci\u00f3n:\u00a0La sala de Lectura de Comercio Exterior est\u00e1 ubicada en el edificio de Ciencias B\u00e1sicas 2 (CB2) Piso 3. Es el sitio de reuni\u00f3n y estudio de la comunidad de estudiantes de Comercio Exterior.<\/li>\n<li>P\u00e1gina:\u00a0<a href=\"http:\/\/cece.fceusb.org\/\">CECE<\/a><\/li>\n<li>Twitter:\u00a0<a href=\"https:\/\/twitter.com\/CECEUSB\">@CECEUSB<\/a><\/li>\n<li>Facebook:\u00a0<a href=\"http:\/\/www.movimientoveritas.org\/guiasusb\/carreras\/carreras-cortas\/comercio-exterior-2\/comercio-exterior\/www.facebook.com\/pages\/CECE-USB\/164523260301132\">Grupo CECEUSB<\/a><\/li>\n<\/ul>\n<h3><strong><span style=\"text-decoration: underline;\">Coordinaci\u00f3n De Comercio Exterior:<\/span><\/strong><\/h3>\n<ul>\n<li>Ubicaci\u00f3n:\u00a0Biblioteca Piso 1 (Cerca de las escaleras de emergencia).<\/li>\n<li>P\u00e1gina:\u00a0<a href=\"http:\/\/comercioexteriorsartenejas.blogspot.com\/\">http:\/\/comercioexteriorsartenejas.blogspot.com\/<\/a><a href=\"http:\/\/www.mec.coord.usb.ve\/\"><br \/>\n<\/a><\/li>\n<li>Correos:\u00a0coord-coex@usb.ve ,\u00a0comercioexteriorsartenejas@gmail.com<\/li>\n<\/ul>\n<p>Para mayor informaci\u00f3n sobre todo lo referente a esta carrera, incluyendo el pensum y una descripci\u00f3n de la carrera visita la p\u00e1gina del CECE.<\/p>\n<h2>Liroral:<\/h2>\n<h3><strong><span style=\"text-decoration: underline;\">Agrupaci\u00f3n ACOEXA:<\/span><\/strong><\/h3>\n<ul>\n<li>Ubicaci\u00f3n:<\/li>\n<li>P\u00e1gina:<\/li>\n<li>Correos: acoexa-sl@usb.ve<\/li>\n<li>Twitter:\u00a0<a href=\"http:\/\/twitter.com\/?q=ceimec#!\/ceimecusb\"><br \/>\n<\/a><\/li>\n<li>Facebook: <a href=\"https:\/\/www.facebook.com\/acoexa.usbsl\">Acoexa USB-SL<\/a><\/li>\n<\/ul>\n<h3><strong><span style=\"text-decoration: underline;\">Coordinaci\u00f3n De Comercio Exterior:<\/span><\/strong><\/h3>\n<ul>\n<li>Ubicaci\u00f3n:\u00a0Valle de Camur\u00ed Grande, Edif. de Aulas, PB.<\/li>\n<li>P\u00e1gina:\u00a0<a href=\"http:\/\/www.tecnologicos.usb.ve\/?q=com_exterior\">http:\/\/www.tecnologicos.usb.ve\/?q=com_exterior<\/a><a href=\"http:\/\/www.mec.coord.usb.ve\/\"><br \/>\n<\/a><\/li>\n<li>Tel\u00e9fono:\u00a00212-906.9138<\/li>\n<li>Correos: <a href=\"mailto:coord-cext@usb.ve\">coord-cext@usb.ve<\/a><\/li>\n<\/ul>\n<p>&nbsp;<\/p>\n","protected":false},"excerpt":{"rendered":"<p>Descripci\u00f3n de la Carrera: El per\ufb01l profesional de\u00a0la carrera con\ufb01ere posibilidades de actuar\u00a0igualmente, como empleador, al dot\u00e1rsele de\u00a0los instrumentos metodol\u00f3gicos y formativos\u00a0que a tal \ufb01n son necesarios. Los lineamientos\u00a0generales esbozados requieren, para su concreci\u00f3n, de pol\u00edticas e instrumentos espec\u00ed\ufb01cos de Comercio Exterior los cuales estar\u00e1n a\u00a0cargo de entes p\u00fablicos y privados vinculados\u00a0a la actividad propia [&hellip;]<\/p>\n","protected":false},"author":1,"featured_media":0,"parent":6343,"menu_order":0,"comment_status":"open","ping_status":"open","template":"","meta":[],"categories":[186],"tags":[],"_links":{"self":[{"href":"https:\/\/gecousb.com.ve\/index.php\/wp-json\/wp\/v2\/pages\/6326"}],"collection":[{"href":"https:\/\/gecousb.com.ve\/index.php\/wp-json\/wp\/v2\/pages"}],"about":[{"href":"https:\/\/gecousb.com.ve\/index.php\/wp-json\/wp\/v2\/types\/page"}],"author":[{"embeddable":true,"href":"https:\/\/gecousb.com.ve\/index.php\/wp-json\/wp\/v2\/users\/1"}],"replies":[{"embeddable":true,"href":"https:\/\/gecousb.com.ve\/index.php\/wp-json\/wp\/v2\/comments?post=6326"}],"version-history":[{"count":0,"href":"https:\/\/gecousb.com.ve\/index.php\/wp-json\/wp\/v2\/pages\/6326\/revisions"}],"up":[{"embeddable":true,"href":"https:\/\/gecousb.com.ve\/index.php\/wp-json\/wp\/v2\/pages\/6343"}],"wp:attachment":[{"href":"https:\/\/gecousb.com.ve\/index.php\/wp-json\/wp\/v2\/media?parent=6326"}],"wp:term":[{"taxonomy":"category","embeddable":true,"href":"https:\/\/gecousb.com.ve\/index.php\/wp-json\/wp\/v2\/categories?post=6326"},{"taxonomy":"post_tag","embeddable":true,"href":"https:\/\/gecousb.com.ve\/index.php\/wp-json\/wp\/v2\/tags?post=6326"}],"curies":[{"name":"wp","href":"https:\/\/api.w.org\/{rel}","templated":true}]}}