{"id":26483,"date":"2019-02-25T05:50:38","date_gmt":"2019-02-25T05:50:38","guid":{"rendered":"http:\/\/gecousb.com.ve\/?page_id=26483"},"modified":"2019-02-25T06:25:19","modified_gmt":"2019-02-25T06:25:19","slug":"pablogarrido","status":"publish","type":"page","link":"https:\/\/gecousb.com.ve\/index.php\/pablogarrido\/","title":{"rendered":"Pablo Garrido"},"content":{"rendered":"<ul>\n<li><strong>Apodo:\u00a0<\/strong>Morocho<\/li>\n<li><strong>Fecha de cumplea\u00f1os:<\/strong>\u00a06 de noviembre.<\/li>\n<li><strong>Carrera:<\/strong>\u00a0Ingenier\u00eda Electr\u00f3nica.<a href=\"http:\/\/gecousb.com.ve\/wp-content\/uploads\/2019\/02\/IMG_20190211_182739_691-e1551075428177.jpg\"><img loading=\"lazy\" class=\"size-medium wp-image-26502 alignright\" src=\"http:\/\/gecousb.com.ve\/wp-content\/uploads\/2019\/02\/IMG_20190211_182739_691-e1551075428177-300x300.jpg\" alt=\"\" width=\"300\" height=\"300\" srcset=\"https:\/\/gecousb.com.ve\/wp-content\/uploads\/2019\/02\/IMG_20190211_182739_691-e1551075428177-300x300.jpg 300w, https:\/\/gecousb.com.ve\/wp-content\/uploads\/2019\/02\/IMG_20190211_182739_691-e1551075428177-150x150.jpg 150w, https:\/\/gecousb.com.ve\/wp-content\/uploads\/2019\/02\/IMG_20190211_182739_691-e1551075428177.jpg 499w\" sizes=\"(max-width: 300px) 100vw, 300px\" \/><\/a><\/li>\n<\/ul>\n<p>Pablo est\u00e1 en GECO porque:<em>\u00a0\u201cAqu\u00ed tengo\u00a0una ventana que me facilita ayudar a los dem\u00e1s. De no ser por el Ciclo de Iniciaci\u00f3n Universitaria (CIU) yo no ser\u00eda quien soy hoy en d\u00eda. Estar en GECO y ayudar a otros en sus estudios es mi manera de devolverle el favor a la Universidad, de agradecer aquello que esta hizo y hace por mi.\u201d.\u00a0<\/em><\/p>\n<p><strong>Sus intereses son<\/strong>: Los videojuegos, los juegos de mesa, el f\u00fatbol y el voleibol.\u00a0Sus\u00a0<strong>materias favoritas son:\u00a0<\/strong><a href=\"http:\/\/gecousb.com.ve\/index.php\/materias\/circuitos-electricos-1-ec-1251\/\">Redes<\/a> y <a href=\"http:\/\/gecousb.com.ve\/index.php\/guias-usb\/todas-las-materias\/computacion-1-ci-2125\/\">Compu 1.<\/a><a href=\"http:\/\/gecousb.com.ve\/index.php\/guias-usb\/todas-las-materias\/dinamica-1-mc-2431\/\">\u00a0<\/a><\/p>\n<p>En un futuro<b>, <\/b>le gustar\u00eda ejercer en la Mecatr\u00f3nica.\u00a0<em>\u201cCuando buscaba que estudiar, me llam\u00f3 mucho la atenci\u00f3n la mecatr\u00f3nica. Lamentablemente, esa carrera no la ofrecen aqu\u00ed y yo no quer\u00eda estudiar en otro lugar. As\u00ed, vi que la parte que mas me gustaba de la mecatr\u00f3nica era la Electr\u00f3nica y pues&#8230; por ah\u00ed me fui.\u201d.<\/em><\/p>\n<p>Las actividades en las que m\u00e1s se desempe\u00f1a dentro de GECO son: las GECOnsultas, las preparadur\u00edas y el dise\u00f1o de flyers.<\/p>\n<p>&nbsp;<\/p>\n<blockquote><p>&#8220;No puedes seguir haciendo lo mismo y pretender obtener resultados diferentes&#8221;<\/p>\n<p>&#8211; Dr. Jan Moller<\/p><\/blockquote>\n","protected":false},"excerpt":{"rendered":"<p>Apodo:\u00a0Morocho Fecha de cumplea\u00f1os:\u00a06 de noviembre. Carrera:\u00a0Ingenier\u00eda Electr\u00f3nica. Pablo est\u00e1 en GECO porque:\u00a0\u201cAqu\u00ed tengo\u00a0una ventana que me facilita ayudar a los dem\u00e1s. De no ser por el Ciclo de Iniciaci\u00f3n Universitaria (CIU) yo no ser\u00eda quien soy hoy en d\u00eda. Estar en GECO y ayudar a otros en sus estudios es mi manera de devolverle [&hellip;]<\/p>\n","protected":false},"author":19,"featured_media":0,"parent":0,"menu_order":0,"comment_status":"closed","ping_status":"closed","template":"","meta":[],"categories":[210],"tags":[],"_links":{"self":[{"href":"https:\/\/gecousb.com.ve\/index.php\/wp-json\/wp\/v2\/pages\/26483"}],"collection":[{"href":"https:\/\/gecousb.com.ve\/index.php\/wp-json\/wp\/v2\/pages"}],"about":[{"href":"https:\/\/gecousb.com.ve\/index.php\/wp-json\/wp\/v2\/types\/page"}],"author":[{"embeddable":true,"href":"https:\/\/gecousb.com.ve\/index.php\/wp-json\/wp\/v2\/users\/19"}],"replies":[{"embeddable":true,"href":"https:\/\/gecousb.com.ve\/index.php\/wp-json\/wp\/v2\/comments?post=26483"}],"version-history":[{"count":0,"href":"https:\/\/gecousb.com.ve\/index.php\/wp-json\/wp\/v2\/pages\/26483\/revisions"}],"wp:attachment":[{"href":"https:\/\/gecousb.com.ve\/index.php\/wp-json\/wp\/v2\/media?parent=26483"}],"wp:term":[{"taxonomy":"category","embeddable":true,"href":"https:\/\/gecousb.com.ve\/index.php\/wp-json\/wp\/v2\/categories?post=26483"},{"taxonomy":"post_tag","embeddable":true,"href":"https:\/\/gecousb.com.ve\/index.php\/wp-json\/wp\/v2\/tags?post=26483"}],"curies":[{"name":"wp","href":"https:\/\/api.w.org\/{rel}","templated":true}]}}