{"id":26465,"date":"2019-02-25T04:48:12","date_gmt":"2019-02-25T04:48:12","guid":{"rendered":"http:\/\/gecousb.com.ve\/?page_id=26465"},"modified":"2019-02-25T04:50:01","modified_gmt":"2019-02-25T04:50:01","slug":"ponque","status":"publish","type":"page","link":"https:\/\/gecousb.com.ve\/index.php\/ponque\/","title":{"rendered":"Jos\u00e9 Miguel Castillo"},"content":{"rendered":"<ul>\n<li><strong>Apodo:\u00a0<\/strong>Ponqu\u00e9<\/li>\n<li><strong>Fecha de cumplea\u00f1os:<\/strong>\u00a016 de diciembre.<\/li>\n<li><strong>Carrera:<\/strong>\u00a0Ingenier\u00eda Mec\u00e1nica<\/li>\n<\/ul>\n<p>&nbsp;<\/p>\n<p>Jos\u00e9 est\u00e1 en GECO porque:<em> &#8220;siempre quise ayudar a los dem\u00e1s y creo que me desenvuelvo bien en el \u00e1rea acad\u00e9mica, as\u00ed que me un\u00ed a la agrupaci\u00f3n&#8221;.\u00a0<\/em><\/p>\n<p><strong>Sus intereses son<\/strong>:\u00a0tocar guitarra y subir al \u00c1vila. Siempre le ha encantado aprender cosas nuevas y, cada vez que puede, hace cursos o busca profundizar por su cuenta los temas que le llaman la atenci\u00f3n. Su\u00a0<strong>materia favorita es<\/strong>, hasta los momentos,\u00a0<a href=\"http:\/\/gecousb.com.ve\/index.php\/guias-usb\/todas-las-materias\/dinamica-1-mc-2431\/\">Din\u00e1mica 1.\u00a0<\/a><\/p>\n<p><strong>\u00bfSu motivaci\u00f3n?\u00a0<\/strong><em>&#8220;Mi familia, el deseo de poder brindarles una mejor calidad de vida, el verme graduado y capaz de hacer todo lo que me proponga, y la muerte en cierta forma, quiero sentir que en verdad hice valer mi vida al momento de partir&#8221;.\u00a0<\/em><\/p>\n<p><strong>Su sue\u00f1o es<\/strong>\u00a0&#8220;<em>tener una empresa propia y tener una fundaci\u00f3n en la cual se pueda dar oportunidades a la gente m\u00e1s marginada para desarrollarse. Tambi\u00e9n sue\u00f1o con viajar mucho, tener un hogar propio y formar una familia&#8221;.<\/em><\/p>\n<p>Las actividades que m\u00e1s le gusta hacer en GECO son: las Geconsultas y las mesas de idiomas. Adem\u00e1s <em>&#8220;quiero profundizar en las Prepas y alg\u00fan d\u00eda sacar mi propia gu\u00eda de ejercicios&#8221;.<\/em><\/p>\n<p>&nbsp;<\/p>\n<blockquote><p>La disciplina termina venciendo a la inteligencia<\/p><\/blockquote>\n","protected":false},"excerpt":{"rendered":"<p>Apodo:\u00a0Ponqu\u00e9 Fecha de cumplea\u00f1os:\u00a016 de diciembre. Carrera:\u00a0Ingenier\u00eda Mec\u00e1nica &nbsp; Jos\u00e9 est\u00e1 en GECO porque: &#8220;siempre quise ayudar a los dem\u00e1s y creo que me desenvuelvo bien en el \u00e1rea acad\u00e9mica, as\u00ed que me un\u00ed a la agrupaci\u00f3n&#8221;.\u00a0 Sus intereses son:\u00a0tocar guitarra y subir al \u00c1vila. Siempre le ha encantado aprender cosas nuevas y, cada vez [&hellip;]<\/p>\n","protected":false},"author":19,"featured_media":0,"parent":0,"menu_order":0,"comment_status":"closed","ping_status":"closed","template":"","meta":[],"categories":[],"tags":[],"_links":{"self":[{"href":"https:\/\/gecousb.com.ve\/index.php\/wp-json\/wp\/v2\/pages\/26465"}],"collection":[{"href":"https:\/\/gecousb.com.ve\/index.php\/wp-json\/wp\/v2\/pages"}],"about":[{"href":"https:\/\/gecousb.com.ve\/index.php\/wp-json\/wp\/v2\/types\/page"}],"author":[{"embeddable":true,"href":"https:\/\/gecousb.com.ve\/index.php\/wp-json\/wp\/v2\/users\/19"}],"replies":[{"embeddable":true,"href":"https:\/\/gecousb.com.ve\/index.php\/wp-json\/wp\/v2\/comments?post=26465"}],"version-history":[{"count":0,"href":"https:\/\/gecousb.com.ve\/index.php\/wp-json\/wp\/v2\/pages\/26465\/revisions"}],"wp:attachment":[{"href":"https:\/\/gecousb.com.ve\/index.php\/wp-json\/wp\/v2\/media?parent=26465"}],"wp:term":[{"taxonomy":"category","embeddable":true,"href":"https:\/\/gecousb.com.ve\/index.php\/wp-json\/wp\/v2\/categories?post=26465"},{"taxonomy":"post_tag","embeddable":true,"href":"https:\/\/gecousb.com.ve\/index.php\/wp-json\/wp\/v2\/tags?post=26465"}],"curies":[{"name":"wp","href":"https:\/\/api.w.org\/{rel}","templated":true}]}}