{"id":26463,"date":"2019-02-25T04:35:28","date_gmt":"2019-02-25T04:35:28","guid":{"rendered":"http:\/\/gecousb.com.ve\/?page_id=26463"},"modified":"2025-12-22T19:54:54","modified_gmt":"2025-12-22T19:54:54","slug":"vicmary","status":"publish","type":"page","link":"https:\/\/gecousb.com.ve\/index.php\/vicmary\/","title":{"rendered":"Vicmary Rojas"},"content":{"rendered":"\n<ul><li><strong>Apodo:&nbsp;<\/strong>Vic<\/li><li><strong>Fecha de cumplea\u00f1os:<\/strong> 15 de abril<\/li><li><strong>Carrera:<\/strong>&nbsp;Ingenier\u00eda Qu\u00edmica (y, en ocasiones, Computaci\u00f3n).<\/li><\/ul>\n\n\n\n<p>Vic est\u00e1 en GECO desde su segundo a\u00f1o de la universidad. Se uni\u00f3 a la agrupaci\u00f3n, inicialmente, por la energ\u00eda tan agradable que percib\u00eda de los miembros; la idea de tener un equipo de trabajo tan motivado era un factor importante. <\/p>\n\n\n\n<p>Seg\u00fan Vic:<em> siempre me ha gustado contribuir a mi entorno en distintos \u00e1mbitos, si es en algo que se me da de manera natural transmitir, \u00a1mejor a\u00fan! Ayudar a la comunidad universitaria de maneras tan sencillas y al mismo tiempo tan significativa es algo que llenar\u00eda a cualquiera. En esos sentidos, y muchos m\u00e1s, claro, creo que GECO es la agrupaci\u00f3n m\u00e1s completa de la universidad&#8221;.<\/em><\/p>\n\n\n\n<p><strong>Sus intereses son<\/strong>: ver series y pel\u00edculas, leer en foros, manejar bici, jugar Nintendogs e intentar tocar piano. <strong>Sus\u00a0materias favoritas son:<\/strong>\u00a0<a href=\"https:\/\/gecousb.com.ve\/index.php\/guias-usb\/todas-las-materias\/matematicas-6-ma-2113\/\" data-type=\"URL\" data-id=\"https:\/\/gecousb.com.ve\/index.php\/guias-usb\/todas-las-materias\/matematicas-6-ma-2113\/\">Mate VI<\/a>, <a rel=\"noreferrer noopener\" href=\"https:\/\/gecousb.com.ve\/index.php\/guias-usb\/todas-las-materias\/quimica-organica-1-qm-2421\/\" data-type=\"URL\" data-id=\"https:\/\/gecousb.com.ve\/index.php\/guias-usb\/todas-las-materias\/quimica-organica-1-qm-2421\/\" target=\"_blank\">Qu\u00edmica Org\u00e1nica I<\/a>, <a href=\"https:\/\/gecousb.com.ve\/index.php\/guias-usb\/todas-las-materias\/fenomenos-de-transporte-2-tf-2241\/\" data-type=\"URL\" data-id=\"https:\/\/gecousb.com.ve\/index.php\/guias-usb\/todas-las-materias\/fenomenos-de-transporte-2-tf-2241\/\">Fen\u00f3menos de Transporte II<\/a> y <a rel=\"noreferrer noopener\" href=\"https:\/\/gecousb.com.ve\/index.php\/guias-usb\/todas-las-materias\/procesos-organicos-industriales-ps-3219\/\" data-type=\"URL\" data-id=\"https:\/\/gecousb.com.ve\/index.php\/guias-usb\/todas-las-materias\/procesos-organicos-industriales-ps-3219\/\" target=\"_blank\">Procesos Org\u00e1nicos Industriales<\/a><\/p>\n\n\n\n<p>Las actividades que m\u00e1s se desempe\u00f1a en GECO son: la digitalizaci\u00f3n de material de estudio, las Geconsultas y las Mesas de Conversaci\u00f3n de Ingl\u00e9s.<\/p>\n","protected":false},"excerpt":{"rendered":"<p>Apodo:&nbsp;Vic Fecha de cumplea\u00f1os: 15 de abril Carrera:&nbsp;Ingenier\u00eda Qu\u00edmica (y, en ocasiones, Computaci\u00f3n). Vic est\u00e1 en GECO desde su segundo a\u00f1o de la universidad. Se uni\u00f3 a la agrupaci\u00f3n, inicialmente, por la energ\u00eda tan agradable que percib\u00eda de los miembros; la idea de tener un equipo de trabajo tan motivado era un factor importante. Seg\u00fan [&hellip;]<\/p>\n","protected":false},"author":19,"featured_media":0,"parent":0,"menu_order":0,"comment_status":"closed","ping_status":"closed","template":"","meta":[],"categories":[210],"tags":[],"_links":{"self":[{"href":"https:\/\/gecousb.com.ve\/index.php\/wp-json\/wp\/v2\/pages\/26463"}],"collection":[{"href":"https:\/\/gecousb.com.ve\/index.php\/wp-json\/wp\/v2\/pages"}],"about":[{"href":"https:\/\/gecousb.com.ve\/index.php\/wp-json\/wp\/v2\/types\/page"}],"author":[{"embeddable":true,"href":"https:\/\/gecousb.com.ve\/index.php\/wp-json\/wp\/v2\/users\/19"}],"replies":[{"embeddable":true,"href":"https:\/\/gecousb.com.ve\/index.php\/wp-json\/wp\/v2\/comments?post=26463"}],"version-history":[{"count":6,"href":"https:\/\/gecousb.com.ve\/index.php\/wp-json\/wp\/v2\/pages\/26463\/revisions"}],"predecessor-version":[{"id":38767,"href":"https:\/\/gecousb.com.ve\/index.php\/wp-json\/wp\/v2\/pages\/26463\/revisions\/38767"}],"wp:attachment":[{"href":"https:\/\/gecousb.com.ve\/index.php\/wp-json\/wp\/v2\/media?parent=26463"}],"wp:term":[{"taxonomy":"category","embeddable":true,"href":"https:\/\/gecousb.com.ve\/index.php\/wp-json\/wp\/v2\/categories?post=26463"},{"taxonomy":"post_tag","embeddable":true,"href":"https:\/\/gecousb.com.ve\/index.php\/wp-json\/wp\/v2\/tags?post=26463"}],"curies":[{"name":"wp","href":"https:\/\/api.w.org\/{rel}","templated":true}]}}