{"id":26435,"date":"2019-02-25T04:03:43","date_gmt":"2019-02-25T04:03:43","guid":{"rendered":"http:\/\/gecousb.com.ve\/?page_id=26435"},"modified":"2020-09-16T01:40:43","modified_gmt":"2020-09-16T01:40:43","slug":"garridop3","status":"publish","type":"page","link":"https:\/\/gecousb.com.ve\/index.php\/garridop3\/","title":{"rendered":"Pablo Garrido"},"content":{"rendered":"<h4>Preparadur\u00eda Enero-Septiembre 2020:<\/h4>\n<p>\u2663 Matem\u00e1ticas en Programa de Refuerzo Acad\u00e9mico (PRA).<\/p>\n<h4><\/h4>\n<h4><\/h4>\n<h4>Material Digitalizado por m\u00ed<\/h4>\n<ul>\n<li><a href=\"http:\/\/gecousb.com.ve\/guias\/GECO\/Matem%C3%A1ticas%203%20(MA-1116)\/Primer%20Parcial%20(MA-1116)\/MA-1116%20Primer%20Parcial%202016%20Ene-Mar%20(Soluci%C3%B3n).pdf\">MA1116 &#8211; Matem\u00e1ticas 3 &#8211; Primer Parcial\u00a0 Ene-Mar 2016 con Soluciones<\/a><\/li>\n<li><a href=\"http:\/\/gecousb.com.ve\/wp-content\/uploads\/2020\/09\/MA-2113-Tercer-Parcial-2015-Ene-Mar-Soluci%C3%B3n.pdf\">MA2113 &#8211; Matem\u00e1ticas 6 &#8211; Tercer Parcial\u00a0 Ene-Mar 2015 con Soluci\u00f3n<\/a><\/li>\n<\/ul>\n<h4>Acerca de m\u00ed:<\/h4>\n\r\n\t\t<div class='author-shortcodes'>\r\n\t\t\t<div class='author-inner'>\r\n\t\t\t\t<div class='author-image'>\r\n\t\t\t<img src='https:\/\/imgur.com\/1LDFALE.jpg' alt='' \/>\r\n\t\t\t<div class='author-overlay'><\/div>\r\n\t\t<\/div> <!-- .author-image --> \r\n\t\t<div class='author-info'>\r\n\t\t\t<strong>Pablo Garrido<\/strong>, Estudiante de Ingenier\u00eda Electr\u00f3nica, cohorte 16.<\/p>\n<p>Presidente de JD-GECOUSB 2019-2020.<\/p>\n<ul>\n<li><a href=\"http:\/\/gecousb.com.ve\/index.php\/pablogarrido\/\">Perfil de Miembro con m\u00e1s informaci\u00f3n<\/a><\/li>\n<li>Carnet: 16-11296<\/li>\n<li>Twitter: <a href=\"https:\/\/twitter.com\/MiguelAngel2801\">@garridoP3<\/a><\/li>\n<li>Correo: garridop3@hotmail.com<\/li>\n<\/ul>\r\n\t\t<\/div> <!-- .author-info -->\r\n\t\t\t<\/div> <!-- .author-inner -->\r\n\t\t<\/div> <!-- .author-shortcodes -->\n","protected":false},"excerpt":{"rendered":"<p>Preparadur\u00eda Enero-Septiembre 2020: \u2663 Matem\u00e1ticas en Programa de Refuerzo Acad\u00e9mico (PRA). Material Digitalizado por m\u00ed MA1116 &#8211; Matem\u00e1ticas 3 &#8211; Primer Parcial\u00a0 Ene-Mar 2016 con Soluciones MA2113 &#8211; Matem\u00e1ticas 6 &#8211; Tercer Parcial\u00a0 Ene-Mar 2015 con Soluci\u00f3n Acerca de m\u00ed:<\/p>\n","protected":false},"author":20,"featured_media":0,"parent":0,"menu_order":0,"comment_status":"closed","ping_status":"closed","template":"","meta":[],"categories":[],"tags":[],"_links":{"self":[{"href":"https:\/\/gecousb.com.ve\/index.php\/wp-json\/wp\/v2\/pages\/26435"}],"collection":[{"href":"https:\/\/gecousb.com.ve\/index.php\/wp-json\/wp\/v2\/pages"}],"about":[{"href":"https:\/\/gecousb.com.ve\/index.php\/wp-json\/wp\/v2\/types\/page"}],"author":[{"embeddable":true,"href":"https:\/\/gecousb.com.ve\/index.php\/wp-json\/wp\/v2\/users\/20"}],"replies":[{"embeddable":true,"href":"https:\/\/gecousb.com.ve\/index.php\/wp-json\/wp\/v2\/comments?post=26435"}],"version-history":[{"count":9,"href":"https:\/\/gecousb.com.ve\/index.php\/wp-json\/wp\/v2\/pages\/26435\/revisions"}],"predecessor-version":[{"id":30619,"href":"https:\/\/gecousb.com.ve\/index.php\/wp-json\/wp\/v2\/pages\/26435\/revisions\/30619"}],"wp:attachment":[{"href":"https:\/\/gecousb.com.ve\/index.php\/wp-json\/wp\/v2\/media?parent=26435"}],"wp:term":[{"taxonomy":"category","embeddable":true,"href":"https:\/\/gecousb.com.ve\/index.php\/wp-json\/wp\/v2\/categories?post=26435"},{"taxonomy":"post_tag","embeddable":true,"href":"https:\/\/gecousb.com.ve\/index.php\/wp-json\/wp\/v2\/tags?post=26435"}],"curies":[{"name":"wp","href":"https:\/\/api.w.org\/{rel}","templated":true}]}}