{"id":23235,"date":"2018-09-16T04:19:04","date_gmt":"2018-09-16T04:19:04","guid":{"rendered":"http:\/\/gecousb.com.ve\/?page_id=23235"},"modified":"2019-10-29T16:50:48","modified_gmt":"2019-10-29T16:50:48","slug":"miguelangel","status":"publish","type":"page","link":"https:\/\/gecousb.com.ve\/index.php\/miguelangel\/","title":{"rendered":"Miguel \u00c1ngel Labrador"},"content":{"rendered":"\r\n<h4>Preparadur\u00eda MA2112 Septiembre- Diciembre 2019:<\/h4>\r\n\r\n\r\n\r\n<p>Viernes, bloque 1-2, AUL-209. Secciones de la Profa. Libuska Juricek y Profa. Mar\u00eda Ang\u00e9lica Toro.<\/p>\r\n\r\n\r\n\r\n<h4>Preparadur\u00edas Digitalizadas:<\/h4>\r\n\r\n\r\n\r\n<ul>\r\n<li><a href=\"http:\/\/gecousb.com.ve\/index.php\/2016\/07\/21\/miguelangel-matematicas1\/\">MA1111 Matem\u00e1ticas I<\/a><\/li>\r\n<\/ul>\r\n\r\n\r\n\r\n<h4>Parciales resueltos:<\/h4>\r\n\r\n\r\n\r\n<ul>\r\n<li><a href=\"http:\/\/gecousb.com.ve\/index.php\/2018\/09\/20\/parciales-matematicas-i\/\">Parciales Matem\u00e1ticas I MA1111<\/a><\/li>\r\n<li><a href=\"http:\/\/gecousb.com.ve\/index.php\/2018\/09\/20\/parciales-matematicas-3-ma1116\/\">Parciales Matem\u00e1ticas III MA1116<\/a><\/li>\r\n<li><a href=\"http:\/\/gecousb.com.ve\/index.php\/2017\/01\/28\/parciales-fisica-1\/\">Parciales F\u00edsica I FS1111<\/a><\/li>\r\n<\/ul>\r\n\r\n\r\n\r\n<h4>\u00a0Gu\u00edas de la Profesora Mar\u00eda Teresa<\/h4>\r\n\r\n\r\n\r\n<ul>\r\n<li><a href=\"http:\/\/gecousb.com.ve\/index.php\/guias-prof-maria-teresa\/\">Gu\u00edas de la Prof. Mar\u00eda Teresa<\/a><\/li>\r\n<\/ul>\r\n\r\n\r\n\r\n<h4>\u00a0Preparadur\u00edas impartidas:<\/h4>\r\n\r\n\r\n\r\n<ul>\r\n<li>Matem\u00e1ticas I MA1111. Periodo Abril-Julio 2016. Profesor Jes\u00fas Nieto.<\/li>\r\n<li>An\u00e1lisis de Circuitos El\u00e9ctricos I EC1251. Periodo Septiembre-Diciembre 2016. Profesor Camilo Castro.<\/li>\r\n<li>Matem\u00e1ticas III MA1116. Periodo Enero-Marzo 2017. Profesor Sinuh\u00e9 Ancelmo.<\/li>\r\n<li>Matem\u00e1ticas I MA1111. Per\u00edodo Septiembre-Diciembre 2017. Profesora Am\u00e9rica Vera.<\/li>\r\n<li>Matem\u00e1ticas I MA1111. Per\u00edodo Septiembre-Diciembre 2018. Profesor Jean Pierre Veiro.<\/li>\r\n<li>Matem\u00e1ticas V MA2112. Per\u00edodo Enero-Marzo 2019. Profesora Libuska Juricek.<\/li>\r\n<\/ul>\r\n\r\n\r\n\r\n<h4>Informaci\u00f3n Personal y Contacto<\/h4>\r\n\r\n\r\n\r\n\t\t<div class='author-shortcodes'>\r\n\t\t\t<div class='author-inner'>\r\n\t\t\t\t<div class='author-image'>\r\n\t\t\t<img src='https:\/\/i.imgur.com\/dOD3dJX.jpg' alt='' \/>\r\n\t\t\t<div class='author-overlay'><\/div>\r\n\t\t<\/div> <!-- .author-image --> \r\n\t\t<div class='author-info'>\r\n\t\t\tMiguel \u00c1ngel Labrador. Estudiante de Ingenier\u00eda Electr\u00f3nica Cohorte 12. Egresado del Ciclo de Iniciaci\u00f3n Universitaria (CIU). Preparador acad\u00e9mico (ayudante de c\u00e1tedra) de matem\u00e1ticas, f\u00edsica y an\u00e1lisis de circuitos el\u00e9ctricos. Miembro de primer orden y Tesorero de la JD-GECOUSB 2018-2019. Secretario acad\u00e9mico adjunto de la JD-FCEUSB Gesti\u00f3n 2017-2018. Carnet: 12-10423 Twitter: <a href=\"https:\/\/twitter.com\/MiguelAngel2801\">@miguelangel2801 <\/a> Correo: miguelangel2801@gmail.com \u00a0\r\n\t\t<\/div> <!-- .author-info -->\r\n\t\t\t<\/div> <!-- .author-inner -->\r\n\t\t<\/div> <!-- .author-shortcodes -->\n","protected":false},"excerpt":{"rendered":"<p>Preparadur\u00eda MA2112 Septiembre- Diciembre 2019: Viernes, bloque 1-2, AUL-209. Secciones de la Profa. Libuska Juricek y Profa. Mar\u00eda Ang\u00e9lica Toro. Preparadur\u00edas Digitalizadas: MA1111 Matem\u00e1ticas I Parciales resueltos: Parciales Matem\u00e1ticas I MA1111 Parciales Matem\u00e1ticas III MA1116 Parciales F\u00edsica I FS1111 \u00a0Gu\u00edas de la Profesora Mar\u00eda Teresa Gu\u00edas de la Prof. Mar\u00eda Teresa \u00a0Preparadur\u00edas impartidas: Matem\u00e1ticas I [&hellip;]<\/p>\n","protected":false},"author":5,"featured_media":0,"parent":0,"menu_order":0,"comment_status":"closed","ping_status":"closed","template":"","meta":[],"categories":[],"tags":[],"_links":{"self":[{"href":"https:\/\/gecousb.com.ve\/index.php\/wp-json\/wp\/v2\/pages\/23235"}],"collection":[{"href":"https:\/\/gecousb.com.ve\/index.php\/wp-json\/wp\/v2\/pages"}],"about":[{"href":"https:\/\/gecousb.com.ve\/index.php\/wp-json\/wp\/v2\/types\/page"}],"author":[{"embeddable":true,"href":"https:\/\/gecousb.com.ve\/index.php\/wp-json\/wp\/v2\/users\/5"}],"replies":[{"embeddable":true,"href":"https:\/\/gecousb.com.ve\/index.php\/wp-json\/wp\/v2\/comments?post=23235"}],"version-history":[{"count":0,"href":"https:\/\/gecousb.com.ve\/index.php\/wp-json\/wp\/v2\/pages\/23235\/revisions"}],"wp:attachment":[{"href":"https:\/\/gecousb.com.ve\/index.php\/wp-json\/wp\/v2\/media?parent=23235"}],"wp:term":[{"taxonomy":"category","embeddable":true,"href":"https:\/\/gecousb.com.ve\/index.php\/wp-json\/wp\/v2\/categories?post=23235"},{"taxonomy":"post_tag","embeddable":true,"href":"https:\/\/gecousb.com.ve\/index.php\/wp-json\/wp\/v2\/tags?post=23235"}],"curies":[{"name":"wp","href":"https:\/\/api.w.org\/{rel}","templated":true}]}}