{"id":22635,"date":"2017-11-16T15:30:20","date_gmt":"2017-11-16T15:30:20","guid":{"rendered":"http:\/\/gecousb.com.ve\/?page_id=22635"},"modified":"2019-02-25T05:07:47","modified_gmt":"2019-02-25T05:07:47","slug":"buscamos-material","status":"publish","type":"page","link":"https:\/\/gecousb.com.ve\/index.php\/buscamos-material\/","title":{"rendered":"\u00a1Buscamos material!"},"content":{"rendered":"<p>Uesebista, siempre estamos en b\u00fasqueda de material nuevo y gu\u00edas actualizadas para renovar el contenido de\u00a0<strong>GECOUSB<\/strong>. Mantener una web de esta talla no es tarea f\u00e1cil, y todo el equipo de Generadores de Conocimiento se esfuerza al m\u00e1ximo d\u00eda a d\u00eda para brindarte gu\u00edas, ejercicios, parciales, diapositivas y resoluciones que te ayuden en el camino hacia la excelencia acad\u00e9mica.<\/p>\n<p style=\"text-align: center;\">Por eso, te pedimos ayuda para mejorar nuestra web:\u00a0<strong>\u00a1TE NECESITAMOS!<\/strong><\/p>\n<p>Si tienes cualquier tipo de material acad\u00e9mico (propio o p\u00fablico de terceros) y quieres verlo en\u00a0<strong>GECOUSB<\/strong>, escr\u00edbenos un correo a <strong><em>gecousb@gmail.com<\/em><\/strong>\u00a0y env\u00edanos el contenido. Nosotros lo clasificaremos y subiremos al sitio web. Aceptamos todo tipo de material de todas las carreras y materias durante todo el a\u00f1o, y abajo podr\u00e1s encontrar una lista de algunas materias m\u00e1s solicitadas que necesitan contenido.<\/p>\n<p>\u00a1Recuerda enviarnos cualquier contribuci\u00f3n al correo electr\u00f3nico!<\/p>\n","protected":false},"excerpt":{"rendered":"<p>Uesebista, siempre estamos en b\u00fasqueda de material nuevo y gu\u00edas actualizadas para renovar el contenido de\u00a0GECOUSB. Mantener una web de esta talla no es tarea f\u00e1cil, y todo el equipo de Generadores de Conocimiento se esfuerza al m\u00e1ximo d\u00eda a d\u00eda para brindarte gu\u00edas, ejercicios, parciales, diapositivas y resoluciones que te ayuden en el camino [&hellip;]<\/p>\n","protected":false},"author":6,"featured_media":0,"parent":0,"menu_order":0,"comment_status":"closed","ping_status":"closed","template":"","meta":[],"categories":[],"tags":[],"_links":{"self":[{"href":"https:\/\/gecousb.com.ve\/index.php\/wp-json\/wp\/v2\/pages\/22635"}],"collection":[{"href":"https:\/\/gecousb.com.ve\/index.php\/wp-json\/wp\/v2\/pages"}],"about":[{"href":"https:\/\/gecousb.com.ve\/index.php\/wp-json\/wp\/v2\/types\/page"}],"author":[{"embeddable":true,"href":"https:\/\/gecousb.com.ve\/index.php\/wp-json\/wp\/v2\/users\/6"}],"replies":[{"embeddable":true,"href":"https:\/\/gecousb.com.ve\/index.php\/wp-json\/wp\/v2\/comments?post=22635"}],"version-history":[{"count":0,"href":"https:\/\/gecousb.com.ve\/index.php\/wp-json\/wp\/v2\/pages\/22635\/revisions"}],"wp:attachment":[{"href":"https:\/\/gecousb.com.ve\/index.php\/wp-json\/wp\/v2\/media?parent=22635"}],"wp:term":[{"taxonomy":"category","embeddable":true,"href":"https:\/\/gecousb.com.ve\/index.php\/wp-json\/wp\/v2\/categories?post=22635"},{"taxonomy":"post_tag","embeddable":true,"href":"https:\/\/gecousb.com.ve\/index.php\/wp-json\/wp\/v2\/tags?post=22635"}],"curies":[{"name":"wp","href":"https:\/\/api.w.org\/{rel}","templated":true}]}}