{"id":22012,"date":"2017-09-25T20:41:07","date_gmt":"2017-09-25T20:41:07","guid":{"rendered":"http:\/\/gecousb.com.ve\/?page_id=22012"},"modified":"2017-09-26T02:26:44","modified_gmt":"2017-09-26T02:26:44","slug":"isaac-vera","status":"publish","type":"page","link":"https:\/\/gecousb.com.ve\/index.php\/isaac-vera\/","title":{"rendered":"Isaac Vera"},"content":{"rendered":"<p>Carnet:13-11469<\/p>\n<p>Informaci\u00f3n de contacto:<\/p>\n<ul>\n<li>Correo: 13-11469@usb.ve<\/li>\n<\/ul>\n<p>Materias que dicta:<\/p>\n<ol>\n<li>Matem\u00e1ticas 1 (MA-1111) <a href=\"http:\/\/gecousb.com.ve\/index.php\/isaac-vera-guias-de-matematicas-1\/\">(Gu\u00edas)<\/a><\/li>\n<\/ol>\n","protected":false},"excerpt":{"rendered":"<p>Carnet:13-11469 Informaci\u00f3n de contacto: Correo: 13-11469@usb.ve Materias que dicta: Matem\u00e1ticas 1 (MA-1111) (Gu\u00edas)<\/p>\n","protected":false},"author":18,"featured_media":0,"parent":0,"menu_order":0,"comment_status":"closed","ping_status":"closed","template":"","meta":[],"categories":[],"tags":[],"_links":{"self":[{"href":"https:\/\/gecousb.com.ve\/index.php\/wp-json\/wp\/v2\/pages\/22012"}],"collection":[{"href":"https:\/\/gecousb.com.ve\/index.php\/wp-json\/wp\/v2\/pages"}],"about":[{"href":"https:\/\/gecousb.com.ve\/index.php\/wp-json\/wp\/v2\/types\/page"}],"author":[{"embeddable":true,"href":"https:\/\/gecousb.com.ve\/index.php\/wp-json\/wp\/v2\/users\/18"}],"replies":[{"embeddable":true,"href":"https:\/\/gecousb.com.ve\/index.php\/wp-json\/wp\/v2\/comments?post=22012"}],"version-history":[{"count":0,"href":"https:\/\/gecousb.com.ve\/index.php\/wp-json\/wp\/v2\/pages\/22012\/revisions"}],"wp:attachment":[{"href":"https:\/\/gecousb.com.ve\/index.php\/wp-json\/wp\/v2\/media?parent=22012"}],"wp:term":[{"taxonomy":"category","embeddable":true,"href":"https:\/\/gecousb.com.ve\/index.php\/wp-json\/wp\/v2\/categories?post=22012"},{"taxonomy":"post_tag","embeddable":true,"href":"https:\/\/gecousb.com.ve\/index.php\/wp-json\/wp\/v2\/tags?post=22012"}],"curies":[{"name":"wp","href":"https:\/\/api.w.org\/{rel}","templated":true}]}}