{"id":20885,"date":"2017-05-02T16:07:08","date_gmt":"2017-05-02T16:07:08","guid":{"rendered":"http:\/\/gecousb.com.ve\/?page_id=20885"},"modified":"2017-05-04T04:05:43","modified_gmt":"2017-05-04T04:05:43","slug":"erasmo-iniguez","status":"publish","type":"page","link":"https:\/\/gecousb.com.ve\/index.php\/seccion-de-preparadores\/erasmo-iniguez\/","title":{"rendered":"Erasmo I\u00f1iguez"},"content":{"rendered":"<p>Carnet: 14-10522.<\/p>\n<p>P\u00e1gina personal.\u00a0<a href=\"http:\/\/prepasysolucionariosusb.blogspot.com\/\" target=\"_blank\">http:\/\/prepasysolucionariosusb.blogspot.com\/<\/a><\/p>\n<p><strong>Informaci\u00f3n de contacto:<\/strong><\/p>\n<ul>\n<li>Correo:\u00a014-10522@usb.ve<\/li>\n<li>Twitter:\u00a0@erasmo97<\/li>\n<\/ul>\n<p><strong>Materias que dicta:<\/strong><\/p>\n<ul>\n<li id=\"quads-ad4\" class=\"quads-location quads-ad4\">\u00a0Mec\u00e1nica de Materiales I<\/li>\n<li class=\"quads-location quads-ad4\">Mec\u00e1nica de Materiales II<\/li>\n<li class=\"quads-location quads-ad4\">Termodin\u00e1mica I<\/li>\n<li class=\"quads-location quads-ad4\">F\u00edsica I<\/li>\n<li class=\"quads-location quads-ad4\">F\u00edsica\u00a0II<\/li>\n<li class=\"quads-location quads-ad4\">F\u00edsica III<\/li>\n<li class=\"quads-location quads-ad4\">F\u00edsica IV<\/li>\n<li class=\"quads-location quads-ad4\">Matem\u00e1tica I<\/li>\n<li class=\"quads-location quads-ad4\">Matem\u00e1tica II<\/li>\n<li class=\"quads-location quads-ad4\">Matem\u00e1tica III<\/li>\n<li class=\"quads-location quads-ad4\">Matem\u00e1tica IV<\/li>\n<li class=\"quads-location quads-ad4\">Matem\u00e1tica V<\/li>\n<li class=\"quads-location quads-ad4\">Matem\u00e1tica VI<\/li>\n<\/ul>\n","protected":false},"excerpt":{"rendered":"<p>Carnet: 14-10522. P\u00e1gina personal.\u00a0http:\/\/prepasysolucionariosusb.blogspot.com\/ Informaci\u00f3n de contacto: Correo:\u00a014-10522@usb.ve Twitter:\u00a0@erasmo97 Materias que dicta: \u00a0Mec\u00e1nica de Materiales I Mec\u00e1nica de Materiales II Termodin\u00e1mica I F\u00edsica I F\u00edsica\u00a0II F\u00edsica III F\u00edsica IV Matem\u00e1tica I Matem\u00e1tica II Matem\u00e1tica III Matem\u00e1tica IV Matem\u00e1tica V Matem\u00e1tica VI<\/p>\n","protected":false},"author":17,"featured_media":0,"parent":7358,"menu_order":0,"comment_status":"closed","ping_status":"closed","template":"","meta":[],"categories":[],"tags":[],"_links":{"self":[{"href":"https:\/\/gecousb.com.ve\/index.php\/wp-json\/wp\/v2\/pages\/20885"}],"collection":[{"href":"https:\/\/gecousb.com.ve\/index.php\/wp-json\/wp\/v2\/pages"}],"about":[{"href":"https:\/\/gecousb.com.ve\/index.php\/wp-json\/wp\/v2\/types\/page"}],"author":[{"embeddable":true,"href":"https:\/\/gecousb.com.ve\/index.php\/wp-json\/wp\/v2\/users\/17"}],"replies":[{"embeddable":true,"href":"https:\/\/gecousb.com.ve\/index.php\/wp-json\/wp\/v2\/comments?post=20885"}],"version-history":[{"count":0,"href":"https:\/\/gecousb.com.ve\/index.php\/wp-json\/wp\/v2\/pages\/20885\/revisions"}],"up":[{"embeddable":true,"href":"https:\/\/gecousb.com.ve\/index.php\/wp-json\/wp\/v2\/pages\/7358"}],"wp:attachment":[{"href":"https:\/\/gecousb.com.ve\/index.php\/wp-json\/wp\/v2\/media?parent=20885"}],"wp:term":[{"taxonomy":"category","embeddable":true,"href":"https:\/\/gecousb.com.ve\/index.php\/wp-json\/wp\/v2\/categories?post=20885"},{"taxonomy":"post_tag","embeddable":true,"href":"https:\/\/gecousb.com.ve\/index.php\/wp-json\/wp\/v2\/tags?post=20885"}],"curies":[{"name":"wp","href":"https:\/\/api.w.org\/{rel}","templated":true}]}}