{"id":20805,"date":"2017-03-28T00:38:43","date_gmt":"2017-03-28T00:38:43","guid":{"rendered":"http:\/\/gecousb.com.ve\/?page_id=20805"},"modified":"2017-03-28T00:38:43","modified_gmt":"2017-03-28T00:38:43","slug":"helena-por-antonella-requena","status":"publish","type":"page","link":"https:\/\/gecousb.com.ve\/index.php\/concurso-epifanias\/helena-por-antonella-requena\/","title":{"rendered":"Helena, por Antonella Requena"},"content":{"rendered":"<p>Eran las nueve y media, estaba yo muy c\u00f3modo tomando una taza de caf\u00e9 negro, preparado para la siguiente siesta de la ma\u00f1ana, cuando recib\u00ed una llamada de la oficina central. No atend\u00ed al primer repique, casi siempre son esos oficiales de patrulla que llaman para molestar, como si uno no tuviera nada m\u00e1s que hacer. A la quinta llamada no me qued\u00f3 m\u00e1s remedio que levantarme y contestar.<\/p>\n<p>\u2013\u00bfAl\u00f3? S\u00ed, buenos d\u00edas.<\/p>\n<p>\u2013Buenos d\u00edas, \u00bfOficial Torres? \u2013habl\u00f3 una voz carrasposa que no me resultaba familiar.<\/p>\n<p>\u2013S\u00ed, el mismo. \u00bfQui\u00e9n habla?<\/p>\n<p>\u2013Es el Oficial Rojas \u2013me dijo esta vez reduciendo la voz a un tono apenas audible\u2013. Le llamo desde la estaci\u00f3n central.<\/p>\n<p>\u2013S\u00ed, eso vi. Pero, \u00bfqui\u00e9n es usted? Primera vez que escucho su nombre.<\/p>\n<p>\u2013Soy nuevo aqu\u00ed, me transfirieron desde el interior. Usted mismo firm\u00f3 la carta.<\/p>\n<p>\u2013Est\u00e1 bien, \u00bfqu\u00e9 se le ofrece?<\/p>\n<p>\u2013Estuve observando durante las \u00faltimas dos semanas a una muchachita que se pasea en la Plaza Sucre pidiendo colaboraci\u00f3n.<\/p>\n<p>\u2013\u00bfY qu\u00e9 pas\u00f3 con ella?<\/p>\n<p>\u2013Ella dice recoger dinero para una fundaci\u00f3n, pero yo presumo que est\u00e1 mintiendo.<\/p>\n<p>\u2013Mire, yo s\u00e9 que usted es otro de los oficiales que llaman para fastidiar. No tenemos tiempo para perder en bober\u00edas. Hasta pronto \u2013colgu\u00e9 la llamada y me ech\u00e9 en el sill\u00f3n.<\/p>\n<p>Pasadas dos horas me despierto por el timbre del tel\u00e9fono, era de la oficina central, otra vez. Como estaba a\u00fan dormido, no pude distinguir bien de qui\u00e9n era la voz.<\/p>\n<p>\u2013Oficial Torres, \u00bfqui\u00e9n habla?<\/p>\n<p>\u2013Lo que le coment\u00e9 hace rato es bastante serio. No conf\u00edo en nadie m\u00e1s que usted para este caso, necesito de su ayuda \u2013me susurr\u00f3 con su voz carrasposa.<\/p>\n<p>\u2013Ah, es usted. Bueno mire, est\u00e1 bien, p\u00e1sese por mi oficina m\u00e1s tarde.<\/p>\n<p>\u2013Gracias, all\u00ed lo ver\u00e9 \u2013dijo m\u00e1s sereno.<\/p>\n<p>Luego del almuerzo me encontr\u00e9 con el fulano Oficinal Rojas, nos sentamos y le ofrec\u00ed un cafecito negro. Me dijo que no tomaba caf\u00e9, pero me pregunt\u00f3 si ten\u00eda jarabe para la tos. <em>\u201c\u00bfjarabe para la tos? Este tipo si es raro\u201d<\/em>, pens\u00e9. Le pregunt\u00e9 si estaba enfermo y me dijo que no; estaba muy empe\u00f1ado en hablar de la ni\u00f1ita. Me cont\u00f3 que un d\u00eda estaba d\u00e1ndose una vuelta por la plaza cuando la vio pidiendo dinero, entonces, decidi\u00f3 sentarse durante un rato para detallarla. Incluso, en un momento dado, ella se le acerc\u00f3 y le pidi\u00f3 colaboraci\u00f3n, alegando que dicho dinero iba destinado al tratamiento de ni\u00f1os con c\u00e1ncer. El oficial se qued\u00f3 el resto de la tarde hasta que la ni\u00f1a se fue.<\/p>\n<p>\u2013\u00bfQu\u00e9 tiene de malo una ni\u00f1a que pide limosna? \u2013le dije.<\/p>\n<p>\u2013Oficial, esta no es cualquier ni\u00f1a, es la hija de Barrac\u00f3n.<\/p>\n<p>\u2013\u00bfLa hija de Barrac\u00f3n? Debe estar equivocado, \u00bfqu\u00e9 hace una joven tan adinerada interesada en los ni\u00f1os con c\u00e1ncer?<\/p>\n<p>\u2013Ese es el detalle.<\/p>\n<p>\u2013Bueno, \u00bfy le pidi\u00f3 el permiso de la alcald\u00eda para verificar que es parte de la fundaci\u00f3n?<\/p>\n<p>Los ojos se le pusieron como platos. \u2013No.<\/p>\n<p>\u2013\u00bfY entonces? \u00bfA qu\u00e9 juega usted, Oficial?<\/p>\n<p>Se qued\u00f3 callado. Me estaba sacando ya de quicio. Le di unos segundos m\u00e1s para ver si dec\u00eda algo y el silencio se prolong\u00f3, al punto de incomodarme. Hab\u00eda jugado ya bastante con mi tiempo, as\u00ed que le dije que se fuera, y que, si quer\u00eda, regresara en la semana, pero solamente cuando tuviera pruebas suficientes. \u00a0Al d\u00eda siguiente volvi\u00f3 con una carpeta y un frasquito. Se sent\u00f3 y le dio un sorbo, y me dijo que hab\u00eda ido a ver a la joven luego de salir de mi oficina. Esta vez no hablaba con sigilo, y fue directo al grano. Me dio datos b\u00e1sicos de ella, como que se llama Helena, que es rubia, y debe estar pisando los veintitantos a\u00f1os. Tambi\u00e9n que tiene un tic nervioso en el ojo cuando le habla a la gente, que tiene las manos peque\u00f1as y que todos los d\u00edas lleva jeans. Cuando hablaba de ella la voz le cambiaba, como si el jarabe que se acababa de beber le estuviera haciendo efecto. Le pregunt\u00e9 que qu\u00e9 ten\u00edan que ver los jeans con todo esto, se qued\u00f3 mir\u00e1ndome y\u00a0 frunci\u00f3 el ce\u00f1o; mir\u00f3 al suelo y continu\u00f3 hablando. Pas\u00f3 casi quince minutos describi\u00e9ndome a Helena, de pies a cabeza. Lo detuve en seco y le dije que d\u00f3nde estaban las pruebas. Abri\u00f3 la carpeta y me mostr\u00f3 una foto de la joven, que se ve\u00eda bastante esbelta, justo como \u00e9l la describi\u00f3. Yo estuve detallando la imagen pero no comprend\u00eda lo que \u00e9l me dec\u00eda.<\/p>\n<p>\u2013A ver Rojas, ya deje el rodeo. D\u00edgame qu\u00e9 es lo que supone usted que hace esta joven.<\/p>\n<p>\u2013\u00bfLe parece bonita la muchacha?<\/p>\n<p>\u2013Pues, si, es bastante guapa.<\/p>\n<p>\u2013\u00bfC\u00f3mo cree usted que una ni\u00f1a puede ser tan bonita? Le roba a los ni\u00f1os con c\u00e1ncer.<\/p>\n<p>\u2013No sea rid\u00edculo, por favor, su pap\u00e1 ya bastante plata tiene.<\/p>\n<p>Rojas segu\u00eda empe\u00f1ado, me dijo que deb\u00eda ir a verla yo mismo, pero eso s\u00ed, que no me dejara enga\u00f1ar por su sonrisa rosa y la melena de oro. Yo acept\u00e9, por un momento no me pareci\u00f3 mala idea, as\u00ed que al d\u00eda siguiente le esper\u00e9 desde temprano en el estacionamiento del cuadrante policial para ir juntos a la plaza. Estuve esper\u00e1ndolo alrededor de una hora, y cuando lleg\u00f3, me dijo que ya no era necesario ir a verla porque hab\u00eda tra\u00eddo las pruebas. Me mostr\u00f3 unos papeles que se\u00f1alaban que tal fundaci\u00f3n no existe. Fuimos a la alcald\u00eda, y no hab\u00edan escuchado de tal fundaci\u00f3n jam\u00e1s; mucho menos le hab\u00edan dado un permiso a una joven llamada Helena Barrac\u00f3n, ni siquiera aparec\u00eda en el sistema.<\/p>\n<p>La cuesti\u00f3n ya se estaba tornando m\u00e1s seria, as\u00ed que le volv\u00ed a preguntar a Rojas si estaba seguro de que la joven era la hija de Barrac\u00f3n. Me jur\u00f3 por su propio nombre que lo era. Le di \u00f3rdenes a Rojas de ir al registro y buscarla, y me trajo un expediente. Aparentemente ten\u00eda un largo historial por multas de tr\u00e1nsito. Rojas quer\u00eda m\u00e1s, afirmaba estar seguro de que hab\u00eda algo que confirmar\u00eda sus sospechas, as\u00ed que pidi\u00f3 un permiso para revisar el registro judicial. Estuvo dos semanas seguidas investigando; en ese tiempo, no dorm\u00eda ni com\u00eda, a veces ni siquiera parpadeaba, se quedaba embelesado viendo la pantalla del ordenador como si estuviese descifrando el C\u00f3digo Enigma y tomaba notas; eso era por las noches, y a la ma\u00f1ana se iba otra vez temprano a la plaza.<\/p>\n<p>Al cabo de las dos semanas, Rojas recopil\u00f3 las pruebas suficientes, me las entreg\u00f3 y las llevamos con un juez. El se\u00f1or Barrac\u00f3n ofreci\u00f3 una cantidad exorbitante de dinero a la polic\u00eda para que el juicio de su hija no se llevara a cabo, porque ni los diez abogados que ten\u00eda, fueron suficientes para cerrar el caso. Luego de varias semanas de litigio, el juicio se celebr\u00f3 y la ni\u00f1a result\u00f3 culpable. Se le conden\u00f3 con tres meses de c\u00e1rcel, y a su padre con seis por otras declaraciones que aparecieron en el camino.<\/p>\n<p>Esa misma tarde entr\u00e9 en su oficina para buscar unas carpetas y abr\u00ed un caj\u00f3n. Lo que vi a continuaci\u00f3n me dej\u00f3 at\u00f3nito: una cantidad rid\u00edcula de frascos de jarabe <em>vac\u00edos<\/em>. Debajo de ellos hab\u00eda unos papeles, parec\u00edan expedientes. Escuch\u00e9 un ruido que ven\u00eda de la puerta y aglutin\u00e9 los frascos como pude. Rojas entr\u00f3 y me mir\u00f3 de una manera extra\u00f1a, como si fuera un desconocido que estaba hurgando entre sus cosas. Revis\u00f3 el caj\u00f3n y tom\u00f3 uno de los frascos.<\/p>\n<p>\u2013\u00bfTe tomaste mi \u00faltimo jarabe? \u2013me dijo con los ojos aguados.<\/p>\n<p>\u2013No.<\/p>\n<p>Aprovech\u00e9 una oportunidad en que se volte\u00f3 y veo los papeles con m\u00e1s detalle: se parec\u00edan mucho a los expedientes que hab\u00edamos encontrado de Helena Barrac\u00f3n, con la diferencia de que estos eran de un tal V\u00edctor Rojas.<\/p>\n<p>&nbsp;<\/p>\n<p><strong>Antonella Requena<\/strong><br \/>\nGanadora del 2do Lugar del Concurso Epifan\u00edas (2017)<\/p>\n","protected":false},"excerpt":{"rendered":"<p>Eran las nueve y media, estaba yo muy c\u00f3modo tomando una taza de caf\u00e9 negro, preparado para la siguiente siesta de la ma\u00f1ana, cuando recib\u00ed una llamada de la oficina central. No atend\u00ed al primer repique, casi siempre son esos oficiales de patrulla que llaman para molestar, como si uno no tuviera nada m\u00e1s que [&hellip;]<\/p>\n","protected":false},"author":6,"featured_media":0,"parent":18509,"menu_order":0,"comment_status":"closed","ping_status":"closed","template":"","meta":[],"categories":[],"tags":[],"_links":{"self":[{"href":"https:\/\/gecousb.com.ve\/index.php\/wp-json\/wp\/v2\/pages\/20805"}],"collection":[{"href":"https:\/\/gecousb.com.ve\/index.php\/wp-json\/wp\/v2\/pages"}],"about":[{"href":"https:\/\/gecousb.com.ve\/index.php\/wp-json\/wp\/v2\/types\/page"}],"author":[{"embeddable":true,"href":"https:\/\/gecousb.com.ve\/index.php\/wp-json\/wp\/v2\/users\/6"}],"replies":[{"embeddable":true,"href":"https:\/\/gecousb.com.ve\/index.php\/wp-json\/wp\/v2\/comments?post=20805"}],"version-history":[{"count":0,"href":"https:\/\/gecousb.com.ve\/index.php\/wp-json\/wp\/v2\/pages\/20805\/revisions"}],"up":[{"embeddable":true,"href":"https:\/\/gecousb.com.ve\/index.php\/wp-json\/wp\/v2\/pages\/18509"}],"wp:attachment":[{"href":"https:\/\/gecousb.com.ve\/index.php\/wp-json\/wp\/v2\/media?parent=20805"}],"wp:term":[{"taxonomy":"category","embeddable":true,"href":"https:\/\/gecousb.com.ve\/index.php\/wp-json\/wp\/v2\/categories?post=20805"},{"taxonomy":"post_tag","embeddable":true,"href":"https:\/\/gecousb.com.ve\/index.php\/wp-json\/wp\/v2\/tags?post=20805"}],"curies":[{"name":"wp","href":"https:\/\/api.w.org\/{rel}","templated":true}]}}