{"id":1922,"date":"2015-12-09T20:23:29","date_gmt":"2015-12-09T20:23:29","guid":{"rendered":"http:\/\/gecousb.com.ve\/?page_id=1922"},"modified":"2021-05-09T00:22:09","modified_gmt":"2021-05-09T00:22:09","slug":"informacion-arquitectura","status":"publish","type":"page","link":"https:\/\/gecousb.com.ve\/index.php\/carreras-a-e\/arquitectura-2\/informacion-arquitectura\/","title":{"rendered":"Informaci\u00f3n Arquitectura"},"content":{"rendered":"<h3><span style=\"text-decoration: underline;\"><strong>Descripci\u00f3n de la Carrera:<\/strong><\/span><\/h3>\n<p>La arquitectura implica la coordinaci\u00f3n y direcci\u00f3n de grupos de trabajo, compuestos por profesionales de \u00e1reas dis\u00edmiles y diversas. El arquitecto act\u00faa como ente capaz de reunir y sintetizar armoniosamente los esfuerzos de dichos componentes. La Arquitectura es arte y ciencia. El arquitecto unifica los diversos aspectos que entran en la escena constructiva, posee capacidad de abstracci\u00f3n y de creaci\u00f3n, habilidad para la conceptualizaci\u00f3n, una manifiesta vocaci\u00f3n anal\u00edtica y la posibilidad de s\u00edntesis. El arquitecto est\u00e1 sometido a una continua toma de decisiones, por lo cual debe manejar criterios s\u00f3lidos y consecuentes.<\/p>\n<p>(Fragmento tomado de la p\u00e1gina oficial de la usb).<\/p>\n<h3><span style=\"text-decoration: underline;\"><strong>Centro De Estudiantes De\u00a0Arquitectura:<\/strong><\/span><\/h3>\n<ul>\n<li>Ubicaci\u00f3n:\u00a0La sala de Lectura de Arquitectura est\u00e1 ubicada en el edificio\u00a0Pabell\u00f3n 5. Es el sitio de reuni\u00f3n y estudio de la comunidad de estudiantes de Arquitectura.<\/li>\n<li>P\u00e1gina:\u00a0<a href=\"https:\/\/cearqusb.weebly.com\/\">CEARQ<\/a><\/li>\n<li>Tel\u00e9fono:\u00a0(212)-742-3214<\/li>\n<li>Correos:\u00a0arqusb@gmail.com<\/li>\n<li>Twitter:\u00a0\u00a0<a href=\"http:\/\/twitter.com\/CEARQ_USB\">@CEARQ_USB<\/a><a href=\"http:\/\/twitter.com\/?q=ceimec#!\/ceimecusb\"><br \/>\n<\/a><\/li>\n<li>Facebook:\u00a0<a href=\"http:\/\/bit.ly\/fbookcearq\">Grupo del CEARQ-USB<\/a><\/li>\n<\/ul>\n<h3><strong><span style=\"text-decoration: underline;\">Coordinaci\u00f3n De Arquitectura:<\/span><\/strong><\/h3>\n<ul>\n<li>Ubicaci\u00f3n:\u00a0 Pabell\u00f3n 5.<\/li>\n<li>P\u00e1gina:\u00a0<a href=\"http:\/\/coordinacionarqusb.wordpress.com\/\">http:\/\/coordinacionarqusb.wordpress.com\/<\/a>\u00a0,\u00a0<a href=\"http:\/\/www.arq.coord.usb.ve\/\">http:\/\/www.arq.coord.usb.ve\/<\/a><a href=\"http:\/\/www.mec.coord.usb.ve\/\"><br \/>\n<\/a><\/li>\n<li>Correo:\u00a0coord-arq@usb.ve<\/li>\n<li>Twitter:\u00a0\u00a0<a href=\"https:\/\/twitter.com\/CoordArqUSB\">@CoordArqUSB<\/a><\/li>\n<li>Tel\u00e9fonos:\u00a0(212)-906-3080\u00a0Extensi\u00f3n:\u00a03080\u00a0Fax:\u00a03080<\/li>\n<\/ul>\n<p>Para mayor informaci\u00f3n sobre todo lo referente a esta carrera, incluyendo el pensum y una descripci\u00f3n de la carrera visita la p\u00e1gina del CEARQ.<\/p>\n","protected":false},"excerpt":{"rendered":"<p>Descripci\u00f3n de la Carrera: La arquitectura implica la coordinaci\u00f3n y direcci\u00f3n de grupos de trabajo, compuestos por profesionales de \u00e1reas dis\u00edmiles y diversas. El arquitecto act\u00faa como ente capaz de reunir y sintetizar armoniosamente los esfuerzos de dichos componentes. La Arquitectura es arte y ciencia. El arquitecto unifica los diversos aspectos que entran en la [&hellip;]<\/p>\n","protected":false},"author":1,"featured_media":0,"parent":1916,"menu_order":0,"comment_status":"open","ping_status":"closed","template":"","meta":[],"categories":[],"tags":[],"_links":{"self":[{"href":"https:\/\/gecousb.com.ve\/index.php\/wp-json\/wp\/v2\/pages\/1922"}],"collection":[{"href":"https:\/\/gecousb.com.ve\/index.php\/wp-json\/wp\/v2\/pages"}],"about":[{"href":"https:\/\/gecousb.com.ve\/index.php\/wp-json\/wp\/v2\/types\/page"}],"author":[{"embeddable":true,"href":"https:\/\/gecousb.com.ve\/index.php\/wp-json\/wp\/v2\/users\/1"}],"replies":[{"embeddable":true,"href":"https:\/\/gecousb.com.ve\/index.php\/wp-json\/wp\/v2\/comments?post=1922"}],"version-history":[{"count":2,"href":"https:\/\/gecousb.com.ve\/index.php\/wp-json\/wp\/v2\/pages\/1922\/revisions"}],"predecessor-version":[{"id":30645,"href":"https:\/\/gecousb.com.ve\/index.php\/wp-json\/wp\/v2\/pages\/1922\/revisions\/30645"}],"up":[{"embeddable":true,"href":"https:\/\/gecousb.com.ve\/index.php\/wp-json\/wp\/v2\/pages\/1916"}],"wp:attachment":[{"href":"https:\/\/gecousb.com.ve\/index.php\/wp-json\/wp\/v2\/media?parent=1922"}],"wp:term":[{"taxonomy":"category","embeddable":true,"href":"https:\/\/gecousb.com.ve\/index.php\/wp-json\/wp\/v2\/categories?post=1922"},{"taxonomy":"post_tag","embeddable":true,"href":"https:\/\/gecousb.com.ve\/index.php\/wp-json\/wp\/v2\/tags?post=1922"}],"curies":[{"name":"wp","href":"https:\/\/api.w.org\/{rel}","templated":true}]}}