{"id":1885,"date":"2015-09-16T15:55:58","date_gmt":"2015-09-16T15:55:58","guid":{"rendered":"http:\/\/gecousb.com.ve\/?page_id=1885"},"modified":"2016-06-24T16:08:37","modified_gmt":"2016-06-24T16:08:37","slug":"consejos-arquitectura","status":"publish","type":"page","link":"https:\/\/gecousb.com.ve\/index.php\/carreras-a-e\/arquitectura-2\/consejos-arquitectura\/","title":{"rendered":"Consejos Arquitectura"},"content":{"rendered":"<p>En esta secci\u00f3n encontraras consejos de estudiantes que se encuentran avanzados en la carrera.<\/p>\n<ol>\n<li><a href=\"http:\/\/gecousb.com.ve\/index.php\/2015\/12\/09\/la-pega\/\">La pega!<\/a><\/li>\n<li><a href=\"http:\/\/gecousb.com.ve\/index.php\/2015\/12\/13\/el-compas\/\">El comp\u00e1s.<\/a><\/li>\n<li><a href=\"http:\/\/gecousb.com.ve\/index.php\/2015\/12\/13\/el-rapidografo\/\">El rapid\u00f3grafo.<\/a><\/li>\n<li><a href=\"http:\/\/gecousb.com.ve\/index.php\/2015\/12\/13\/el-sacapunta\/\">El sacapuntas.<\/a><\/li>\n<li><a href=\"http:\/\/gecousb.com.ve\/index.php\/2015\/12\/21\/el-exacto\/\">El exacto.<\/a><\/li>\n<\/ol>\n","protected":false},"excerpt":{"rendered":"<p>En esta secci\u00f3n encontraras consejos de estudiantes que se encuentran avanzados en la carrera. La pega! El comp\u00e1s. El rapid\u00f3grafo. El sacapuntas. El exacto.<\/p>\n","protected":false},"author":1,"featured_media":0,"parent":1916,"menu_order":0,"comment_status":"open","ping_status":"closed","template":"","meta":[],"categories":[],"tags":[],"_links":{"self":[{"href":"https:\/\/gecousb.com.ve\/index.php\/wp-json\/wp\/v2\/pages\/1885"}],"collection":[{"href":"https:\/\/gecousb.com.ve\/index.php\/wp-json\/wp\/v2\/pages"}],"about":[{"href":"https:\/\/gecousb.com.ve\/index.php\/wp-json\/wp\/v2\/types\/page"}],"author":[{"embeddable":true,"href":"https:\/\/gecousb.com.ve\/index.php\/wp-json\/wp\/v2\/users\/1"}],"replies":[{"embeddable":true,"href":"https:\/\/gecousb.com.ve\/index.php\/wp-json\/wp\/v2\/comments?post=1885"}],"version-history":[{"count":0,"href":"https:\/\/gecousb.com.ve\/index.php\/wp-json\/wp\/v2\/pages\/1885\/revisions"}],"up":[{"embeddable":true,"href":"https:\/\/gecousb.com.ve\/index.php\/wp-json\/wp\/v2\/pages\/1916"}],"wp:attachment":[{"href":"https:\/\/gecousb.com.ve\/index.php\/wp-json\/wp\/v2\/media?parent=1885"}],"wp:term":[{"taxonomy":"category","embeddable":true,"href":"https:\/\/gecousb.com.ve\/index.php\/wp-json\/wp\/v2\/categories?post=1885"},{"taxonomy":"post_tag","embeddable":true,"href":"https:\/\/gecousb.com.ve\/index.php\/wp-json\/wp\/v2\/tags?post=1885"}],"curies":[{"name":"wp","href":"https:\/\/api.w.org\/{rel}","templated":true}]}}