{"id":18522,"date":"2017-02-11T23:14:38","date_gmt":"2017-02-11T23:14:38","guid":{"rendered":"http:\/\/gecousb.com.ve\/?page_id=18522"},"modified":"2017-02-11T23:18:34","modified_gmt":"2017-02-11T23:18:34","slug":"samuel-alonso","status":"publish","type":"page","link":"https:\/\/gecousb.com.ve\/index.php\/samuel-alonso\/","title":{"rendered":"Samuel Alonso"},"content":{"rendered":"<p>Carnet:14-10028<\/p>\n<p>Informaci\u00f3n de contacto:<\/p>\n<ul>\n<li>zickens@hotmail.com \/ 14-10028@usb.ve<\/li>\n<li><a href=\"https:\/\/twitter.com\/Zickpic\">@zickpic<\/a><\/li>\n<\/ul>\n<p>Materias que dicta:<\/p>\n<ol>\n<li>Matem\u00e1ticas 1<\/li>\n<li>Matem\u00e1ticas 2<\/li>\n<li>Matem\u00e1ticas 3<\/li>\n<li>Matem\u00e1ticas 4<\/li>\n<li>Matem\u00e1ticas 5<\/li>\n<li>Matem\u00e1ticas 6<\/li>\n<li>Matem\u00e1ticas 1 de Honor<\/li>\n<li>Matem\u00e1ticas 3 de Honor<\/li>\n<li>F\u00edsica 1<\/li>\n<li>F\u00edsica 2<\/li>\n<li>F\u00edsica 3<\/li>\n<li>F\u00edsica 4<\/li>\n<\/ol>\n","protected":false},"excerpt":{"rendered":"<p>Carnet:14-10028 Informaci\u00f3n de contacto: zickens@hotmail.com \/ 14-10028@usb.ve @zickpic Materias que dicta: Matem\u00e1ticas 1 Matem\u00e1ticas 2 Matem\u00e1ticas 3 Matem\u00e1ticas 4 Matem\u00e1ticas 5 Matem\u00e1ticas 6 Matem\u00e1ticas 1 de Honor Matem\u00e1ticas 3 de Honor F\u00edsica 1 F\u00edsica 2 F\u00edsica 3 F\u00edsica 4<\/p>\n","protected":false},"author":13,"featured_media":0,"parent":0,"menu_order":0,"comment_status":"closed","ping_status":"closed","template":"","meta":[],"categories":[],"tags":[],"_links":{"self":[{"href":"https:\/\/gecousb.com.ve\/index.php\/wp-json\/wp\/v2\/pages\/18522"}],"collection":[{"href":"https:\/\/gecousb.com.ve\/index.php\/wp-json\/wp\/v2\/pages"}],"about":[{"href":"https:\/\/gecousb.com.ve\/index.php\/wp-json\/wp\/v2\/types\/page"}],"author":[{"embeddable":true,"href":"https:\/\/gecousb.com.ve\/index.php\/wp-json\/wp\/v2\/users\/13"}],"replies":[{"embeddable":true,"href":"https:\/\/gecousb.com.ve\/index.php\/wp-json\/wp\/v2\/comments?post=18522"}],"version-history":[{"count":0,"href":"https:\/\/gecousb.com.ve\/index.php\/wp-json\/wp\/v2\/pages\/18522\/revisions"}],"wp:attachment":[{"href":"https:\/\/gecousb.com.ve\/index.php\/wp-json\/wp\/v2\/media?parent=18522"}],"wp:term":[{"taxonomy":"category","embeddable":true,"href":"https:\/\/gecousb.com.ve\/index.php\/wp-json\/wp\/v2\/categories?post=18522"},{"taxonomy":"post_tag","embeddable":true,"href":"https:\/\/gecousb.com.ve\/index.php\/wp-json\/wp\/v2\/tags?post=18522"}],"curies":[{"name":"wp","href":"https:\/\/api.w.org\/{rel}","templated":true}]}}