{"id":1613,"date":"2015-05-03T04:36:33","date_gmt":"2015-05-03T04:36:33","guid":{"rendered":"http:\/\/gecousb.com.ve\/?page_id=1613"},"modified":"2017-09-14T21:10:26","modified_gmt":"2017-09-14T21:10:26","slug":"sobre-nosotros","status":"publish","type":"page","link":"https:\/\/gecousb.com.ve\/index.php\/sobre-nosotros\/","title":{"rendered":"Sobre Nosotros"},"content":{"rendered":"<p>Generadores de Conocimientos, abreviado como \u201cGECO\u201d, es una agrupaci\u00f3n estudiantil que hace vida en la Universidad Sim\u00f3n Bol\u00edvar, Sede Sartenejas, y que colabora con el Centro de Estudiantes de la Sede Litoral. Su principal objetivo es facilitar y contribuir con la implementaci\u00f3n de espacios en los que se pueda generar contenido acad\u00e9mico integral dentro de la Universidad a nivel de pregrado.<\/p>\n<p>Por lo tanto, GECO es una organizaci\u00f3n para el apoyo y desarrollo de los estudiantes de la Universidad Sim\u00f3n Bol\u00edvar, mediante la generaci\u00f3n y compilaci\u00f3n de contenido de estudio en diferentes \u00e1reas. Junto a este objetivo, tambi\u00e9n busca mantener y mejorar los conocimientos ya adquiridos por los estudiantes en diversas \u00e1reas de inter\u00e9s, a trav\u00e9s de actividades como cineforos, preparadur\u00edas y talleres.<\/p>\n<p>Los espacios de generaci\u00f3n de contenido cr\u00edtico de la universidad venezolana han estado en declive en los \u00faltimos a\u00f1os. Por lo tanto, es necesario generar una propuesta donde sea la misma universidad la que se encargue de desarrollar informaci\u00f3n relevante para el crecimiento del pa\u00eds. \u201cGECO&#8221; busca ser esta propuesta.<\/p>\n<p>De esta manera, GECO se encargar\u00e1 de crear y promover espacios donde se pueda generar el desarrollo y progreso de la academia a nivel de pregrado, mediante eventos, concursos, foros, preparadur\u00edas, entre otras actividades. Su objetivo secundario ser\u00e1 recolectar y mantener p\u00fablico el material de estudio de los diferentes cursos dictados en la universidad para el beneficio de todo estudiante uesebista y de otras instituciones.<\/p>\n","protected":false},"excerpt":{"rendered":"<p>Generadores de Conocimientos, abreviado como \u201cGECO\u201d, es una agrupaci\u00f3n estudiantil que hace vida en la Universidad Sim\u00f3n Bol\u00edvar, Sede Sartenejas, y que colabora con el Centro de Estudiantes de la Sede Litoral. Su principal objetivo es facilitar y contribuir con la implementaci\u00f3n de espacios en los que se pueda generar contenido acad\u00e9mico integral dentro de [&hellip;]<\/p>\n","protected":false},"author":1,"featured_media":0,"parent":0,"menu_order":0,"comment_status":"open","ping_status":"open","template":"","meta":[],"categories":[],"tags":[],"_links":{"self":[{"href":"https:\/\/gecousb.com.ve\/index.php\/wp-json\/wp\/v2\/pages\/1613"}],"collection":[{"href":"https:\/\/gecousb.com.ve\/index.php\/wp-json\/wp\/v2\/pages"}],"about":[{"href":"https:\/\/gecousb.com.ve\/index.php\/wp-json\/wp\/v2\/types\/page"}],"author":[{"embeddable":true,"href":"https:\/\/gecousb.com.ve\/index.php\/wp-json\/wp\/v2\/users\/1"}],"replies":[{"embeddable":true,"href":"https:\/\/gecousb.com.ve\/index.php\/wp-json\/wp\/v2\/comments?post=1613"}],"version-history":[{"count":0,"href":"https:\/\/gecousb.com.ve\/index.php\/wp-json\/wp\/v2\/pages\/1613\/revisions"}],"wp:attachment":[{"href":"https:\/\/gecousb.com.ve\/index.php\/wp-json\/wp\/v2\/media?parent=1613"}],"wp:term":[{"taxonomy":"category","embeddable":true,"href":"https:\/\/gecousb.com.ve\/index.php\/wp-json\/wp\/v2\/categories?post=1613"},{"taxonomy":"post_tag","embeddable":true,"href":"https:\/\/gecousb.com.ve\/index.php\/wp-json\/wp\/v2\/tags?post=1613"}],"curies":[{"name":"wp","href":"https:\/\/api.w.org\/{rel}","templated":true}]}}