{"id":11744,"date":"2016-10-28T00:24:36","date_gmt":"2016-10-28T00:24:36","guid":{"rendered":"http:\/\/gecousb.com.ve\/?page_id=11744"},"modified":"2016-12-14T00:09:21","modified_gmt":"2016-12-14T00:09:21","slug":"informacion-adm-aduanera","status":"publish","type":"page","link":"https:\/\/gecousb.com.ve\/index.php\/litoral\/carreras-litoral\/administracion-aduanera\/informacion-adm-aduanera\/","title":{"rendered":"Informaci\u00f3n Adm. Aduanera"},"content":{"rendered":"<h3><strong>Descripci\u00f3n de la Carrera:<\/strong><\/h3>\n<p>La carrera de Administraci\u00f3n Aduanera, se circunscribe a una actividad muy importante para el pa\u00eds: la Aduana es vista por muchos como la principal herramienta de los Estados para lograr el ideal de la integraci\u00f3n de sus econom\u00edas. A ella se le entregan los instrumentos necesarios para la aplicaci\u00f3n, fiscalizaci\u00f3n y el control de los acuerdos, bilaterales y multilaterales, pactados entre los Estados tendientes a lograr la integraci\u00f3n econ\u00f3mica de los mismos.<\/p>\n<p>(Fragmento tomado de la p\u00e1gina oficial de la usb).<\/p>\n<h3><strong>Agrupaci\u00f3n<\/strong><strong>\u00a0ACOEXA:<\/strong><\/h3>\n<ul>\n<li>Ubicaci\u00f3n:<\/li>\n<li>P\u00e1gina:<\/li>\n<li>Correos: acoexa-sl@usb.ve<\/li>\n<li>Twitter:\u00a0<a href=\"http:\/\/twitter.com\/?q=ceimec#!\/ceimecusb\"><br \/>\n<\/a><\/li>\n<li>Facebook: <a href=\"https:\/\/www.facebook.com\/acoexa.usbsl\">Acoexa USB-SL<\/a><a href=\"http:\/\/www.facebook.com\/profile.php?id=100002736261801\"><br \/>\n<\/a><\/li>\n<\/ul>\n<h3><strong>Coordinaci\u00f3n De Administraci\u00f3n Aduanera:<\/strong><\/h3>\n<ul>\n<li>Ubicaci\u00f3n:\u00a0Valle de Camur\u00ed Grande, Edif. de Aulas, PB.<\/li>\n<li>P\u00e1gina:\u00a0<a href=\"http:\/\/www.tecnologicos.usb.ve\/?q=adm_aduanera\">http:\/\/www.tecnologicos.usb.ve\/?q=adm_aduanera\u00a0<\/a><a href=\"http:\/\/www.mec.coord.usb.ve\/\"><br \/>\n<\/a><\/li>\n<li>Correo:\u00a0<a href=\"mailto:coord-aduanera@usb.ve\">coord-aduanera@usb.ve<\/a><\/li>\n<li>Tel\u00e9fonos:\u00a00212-906.9139<\/li>\n<\/ul>\n<p>Para mayor informaci\u00f3n sobre todo lo referente a esta carrera, incluyendo el pensum y una descripci\u00f3n de la carrera visita la p\u00e1gina de ACOEXA<\/p>\n","protected":false},"excerpt":{"rendered":"<p>Descripci\u00f3n de la Carrera: La carrera de Administraci\u00f3n Aduanera, se circunscribe a una actividad muy importante para el pa\u00eds: la Aduana es vista por muchos como la principal herramienta de los Estados para lograr el ideal de la integraci\u00f3n de sus econom\u00edas. A ella se le entregan los instrumentos necesarios para la aplicaci\u00f3n, fiscalizaci\u00f3n y [&hellip;]<\/p>\n","protected":false},"author":10,"featured_media":0,"parent":11682,"menu_order":0,"comment_status":"closed","ping_status":"closed","template":"","meta":[],"categories":[186],"tags":[],"_links":{"self":[{"href":"https:\/\/gecousb.com.ve\/index.php\/wp-json\/wp\/v2\/pages\/11744"}],"collection":[{"href":"https:\/\/gecousb.com.ve\/index.php\/wp-json\/wp\/v2\/pages"}],"about":[{"href":"https:\/\/gecousb.com.ve\/index.php\/wp-json\/wp\/v2\/types\/page"}],"author":[{"embeddable":true,"href":"https:\/\/gecousb.com.ve\/index.php\/wp-json\/wp\/v2\/users\/10"}],"replies":[{"embeddable":true,"href":"https:\/\/gecousb.com.ve\/index.php\/wp-json\/wp\/v2\/comments?post=11744"}],"version-history":[{"count":0,"href":"https:\/\/gecousb.com.ve\/index.php\/wp-json\/wp\/v2\/pages\/11744\/revisions"}],"up":[{"embeddable":true,"href":"https:\/\/gecousb.com.ve\/index.php\/wp-json\/wp\/v2\/pages\/11682"}],"wp:attachment":[{"href":"https:\/\/gecousb.com.ve\/index.php\/wp-json\/wp\/v2\/media?parent=11744"}],"wp:term":[{"taxonomy":"category","embeddable":true,"href":"https:\/\/gecousb.com.ve\/index.php\/wp-json\/wp\/v2\/categories?post=11744"},{"taxonomy":"post_tag","embeddable":true,"href":"https:\/\/gecousb.com.ve\/index.php\/wp-json\/wp\/v2\/tags?post=11744"}],"curies":[{"name":"wp","href":"https:\/\/api.w.org\/{rel}","templated":true}]}}