{"id":11742,"date":"2016-10-28T00:24:15","date_gmt":"2016-10-28T00:24:15","guid":{"rendered":"http:\/\/gecousb.com.ve\/?page_id=11742"},"modified":"2017-02-15T02:01:19","modified_gmt":"2017-02-15T02:01:19","slug":"materias-adm-aduanera","status":"publish","type":"page","link":"https:\/\/gecousb.com.ve\/index.php\/litoral\/carreras-litoral\/administracion-aduanera\/materias-adm-aduanera\/","title":{"rendered":"Materias Adm. Aduanera"},"content":{"rendered":"<p><strong>Primer A\u00f1o:<\/strong><\/p>\n<ul>\n<li><a href=\"http:\/\/sl.gecousb.com.ve\/index.php\/matematicas-1-fc-1129\/\">Matem\u00e1ticas 1 (FC-1129)<\/a><\/li>\n<li>Fundamentos\u00a0de Administraci\u00f3n\u00a01 (TS-1334)<\/li>\n<li><a href=\"http:\/\/sl.gecousb.com.ve\/index.php\/matematicas-2-fc-1229\/\">Matem\u00e1ticas 2 (FC-1229)<\/a><\/li>\n<li>Estad\u00edstica 1 (FC-1621)<\/li>\n<li>Fundamentos de Administraci\u00f3n 2 (TS-1335)<\/li>\n<li>Fundamentos de Derecho (TS-1425)<\/li>\n<li>Fundamentos de Econom\u00eda (TS-1428)<\/li>\n<li>Introducci\u00f3n a la Computaci\u00f3n (FC-1422)<\/li>\n<\/ul>\n<p><strong>Segundo A\u00f1o:<\/strong><\/p>\n<ul>\n<li><a href=\"http:\/\/sl.gecousb.com.ve\/index.php\/estadistica-2-fc-1623\/\">Estad\u00edstica 2 (FC-1623)<\/a><\/li>\n<li><a href=\"http:\/\/sl.gecousb.com.ve\/index.php\/contabilidad-1-ts-1721\/\">Contabilidad 1 (TS-1721)<\/a><\/li>\n<li><a href=\"http:\/\/sl.gecousb.com.ve\/index.php\/contabilidad-1-ts-1721\/\">Teor\u00edas\u00a0del\u00a0Comercio Internacional (TS-2526)<\/a><\/li>\n<li>Derecho Administrativo (TS-2621)<\/li>\n<li>Legislaci\u00f3n\u00a0Fiscal (TS-2525)<\/li>\n<li>Legislaci\u00f3n\u00a0Aduanera\u00a0(TS-2631)<\/li>\n<li><a href=\"http:\/\/sl.gecousb.com.ve\/index.php\/integracion-economica-1-ts-2530\/\">Integraci\u00f3n\u00a0Econ\u00f3mica\u00a01\u00a0(TS-2530)<\/a><\/li>\n<li>Principios de Mantenimiento (TS-2425)<\/li>\n<li>Valoraci\u00f3n Aduanera (TS-2641)<\/li>\n<li>Sistemas de Informaci\u00f3n 1 (TS-1821)<\/li>\n<li>Nomenclatura Aduanera (TS-2634)<\/li>\n<li>Integraci\u00f3n Econ\u00f3mica 2 (TS-2534)<\/li>\n<\/ul>\n<p><strong>Tercer A\u00f1o:<\/strong><\/p>\n<ul>\n<li>Clasificaci\u00f3n Arancelaria 1 (TS-3621)<\/li>\n<li>Tramitaci\u00f3n Para Exportaciones (TS-3638)<\/li>\n<li>Legislaci\u00f3n Laboral (TS-2423)<\/li>\n<li>Clasificaci\u00f3n Arancelaria 2 (TS-3624)<\/li>\n<li>Auditoria Fiscal Aduanera (TS-3634)<\/li>\n<li>Tramitaci\u00f3n Aduanera (TS-3636)<\/li>\n<\/ul>\n","protected":false},"excerpt":{"rendered":"<p>Primer A\u00f1o: Matem\u00e1ticas 1 (FC-1129) Fundamentos\u00a0de Administraci\u00f3n\u00a01 (TS-1334) Matem\u00e1ticas 2 (FC-1229) Estad\u00edstica 1 (FC-1621) Fundamentos de Administraci\u00f3n 2 (TS-1335) Fundamentos de Derecho (TS-1425) Fundamentos de Econom\u00eda (TS-1428) Introducci\u00f3n a la Computaci\u00f3n (FC-1422) Segundo A\u00f1o: Estad\u00edstica 2 (FC-1623) Contabilidad 1 (TS-1721) Teor\u00edas\u00a0del\u00a0Comercio Internacional (TS-2526) Derecho Administrativo (TS-2621) Legislaci\u00f3n\u00a0Fiscal (TS-2525) Legislaci\u00f3n\u00a0Aduanera\u00a0(TS-2631) Integraci\u00f3n\u00a0Econ\u00f3mica\u00a01\u00a0(TS-2530) Principios de Mantenimiento (TS-2425) Valoraci\u00f3n [&hellip;]<\/p>\n","protected":false},"author":10,"featured_media":0,"parent":11682,"menu_order":0,"comment_status":"closed","ping_status":"closed","template":"","meta":[],"categories":[186],"tags":[],"_links":{"self":[{"href":"https:\/\/gecousb.com.ve\/index.php\/wp-json\/wp\/v2\/pages\/11742"}],"collection":[{"href":"https:\/\/gecousb.com.ve\/index.php\/wp-json\/wp\/v2\/pages"}],"about":[{"href":"https:\/\/gecousb.com.ve\/index.php\/wp-json\/wp\/v2\/types\/page"}],"author":[{"embeddable":true,"href":"https:\/\/gecousb.com.ve\/index.php\/wp-json\/wp\/v2\/users\/10"}],"replies":[{"embeddable":true,"href":"https:\/\/gecousb.com.ve\/index.php\/wp-json\/wp\/v2\/comments?post=11742"}],"version-history":[{"count":0,"href":"https:\/\/gecousb.com.ve\/index.php\/wp-json\/wp\/v2\/pages\/11742\/revisions"}],"up":[{"embeddable":true,"href":"https:\/\/gecousb.com.ve\/index.php\/wp-json\/wp\/v2\/pages\/11682"}],"wp:attachment":[{"href":"https:\/\/gecousb.com.ve\/index.php\/wp-json\/wp\/v2\/media?parent=11742"}],"wp:term":[{"taxonomy":"category","embeddable":true,"href":"https:\/\/gecousb.com.ve\/index.php\/wp-json\/wp\/v2\/categories?post=11742"},{"taxonomy":"post_tag","embeddable":true,"href":"https:\/\/gecousb.com.ve\/index.php\/wp-json\/wp\/v2\/tags?post=11742"}],"curies":[{"name":"wp","href":"https:\/\/api.w.org\/{rel}","templated":true}]}}