{"id":11702,"date":"2016-10-28T00:01:35","date_gmt":"2016-10-28T00:01:35","guid":{"rendered":"http:\/\/gecousb.com.ve\/?page_id=11702"},"modified":"2017-02-15T02:14:37","modified_gmt":"2017-02-15T02:14:37","slug":"materias-lic-gestion-de-la-hospitalidad","status":"publish","type":"page","link":"https:\/\/gecousb.com.ve\/index.php\/litoral\/carreras-litoral\/licenciatura-en-gestion-de-la-hospitalidad\/materias-lic-gestion-de-la-hospitalidad\/","title":{"rendered":"Materias Lic. Gesti\u00f3n de la Hospitalidad"},"content":{"rendered":"<p><strong>Primer A\u00f1o:<\/strong><\/p>\n<ul>\n<li><a href=\"http:\/\/sl.gecousb.com.ve\/index.php\/matematicas-1-fc-1129\/\">Matem\u00e1ticas 1 (FC-1129)<\/a><\/li>\n<li>Fundamentos de Administraci\u00f3n (TS-1113)<\/li>\n<li><a href=\"http:\/\/sl.gecousb.com.ve\/index.php\/matematicas-2-fc-1229\/\">Matem\u00e1ticas 2 (FC-1229)<\/a><\/li>\n<li>Introducci\u00f3n a la Qu\u00edmica (TS-1114)<\/li>\n<li>Matem\u00e1tica Financiera (FC-3701)<\/li>\n<li>Contabilidad (TS-1724)<\/li>\n<\/ul>\n<p><strong>Segundo A\u00f1o:<\/strong><\/p>\n<ul>\n<li>Qu\u00edmica de los Alimentos (TS-2711)<\/li>\n<li>Introducci\u00f3n al Servicio de la Hospitalidad\u00a0(TS-2712)<\/li>\n<li>Introducci\u00f3n a las Tecnolog\u00edas de Informaci\u00f3n\u00a0(FC-2713)<\/li>\n<li>Estad\u00edstica\u00a0(FC-2705)<\/li>\n<li>Econom\u00eda Empresarial\u00a0(TS-2713)<\/li>\n<li>Fundamentos de Nutrici\u00f3n\u00a0(TS-2715)<\/li>\n<li>Geograf\u00eda y Hospitalidad\u00a0(TS-2716)<\/li>\n<li>Contabilidad Para Servicios de la Hospitalidad\u00a0(TS-2721)<\/li>\n<li>Control de Costos de Alimentos y Bebidas\u00a0(TS-3715)<\/li>\n<li>Operaci\u00f3n del Servicio de Amas de Llaves\u00a0(TS-2719)<\/li>\n<li>Fundamentos de Higiene\u00a0(TS-2720)<\/li>\n<li>Legislaci\u00f3n Aplicada a la Hospitalidad\u00a0(TS-3714)<\/li>\n<\/ul>\n<p><strong>Tercer A\u00f1o:<\/strong><\/p>\n<ul>\n<li>Operaci\u00f3n del Servicio de Alimentaci\u00f3n y Registro (TS-3711)<\/li>\n<li>Producci\u00f3n de Alimentos\u00a0(TS-3712)<\/li>\n<li>Producci\u00f3n de Bebidas\u00a0(TS-3713)<\/li>\n<li>Fundamentos de Mercadeo\u00a0(TS-2718)<\/li>\n<li>Mantenimiento de Planta F\u00edsica\u00a0(TS-3720)<\/li>\n<li>Gesti\u00f3n de Compras y Almacenamiento\u00a0(TS-3716)<\/li>\n<li>Gesti\u00f3n de la Producci\u00f3n\u00a0(TS-3717)<\/li>\n<li>Servicio de Alimentos y Bebidas\u00a0(TS-3718)<\/li>\n<\/ul>\n<p><strong>Cuarto A\u00f1o:<\/strong><\/p>\n<ul>\n<li>T\u00e9cnicas Culinarias\u00a0(TS-4711)<\/li>\n<li>Mercadeo y Hospitalidad\u00a0(TS-4716)<\/li>\n<li>Gesti\u00f3n Financiera\u00a0(TS-4712)<\/li>\n<li>Supervisi\u00f3n de Personas y Procesos\u00a0(TS-4720)<\/li>\n<li>Enfoques y Habilidades Gerenciales\u00a0(TS-4718)<\/li>\n<li>Gesti\u00f3n Presupuestaria\u00a0(TS-4715)<\/li>\n<li>T\u00e9cnicas de Investigaci\u00f3n\u00a0(TS-4702)<\/li>\n<li>Sistemas de informaci\u00f3n Gerencial\u00a0(TS-4713)<\/li>\n<li>Hoteler\u00eda Cl\u00ednica\u00a0(TS-3246)<\/li>\n<li>Gerencia de Recursos Humanos\u00a0(TS-5715)<\/li>\n<li>Formulaci\u00f3n y Evaluaci\u00f3n de Proyectos\u00a0(TS-4719)<\/li>\n<li>Seguridad Industrial\u00a0(TS-4714)<\/li>\n<\/ul>\n<p><strong>Quinto A\u00f1o:<\/strong><\/p>\n<ul>\n<li>Organizaci\u00f3n de Eventos\u00a0(TS-4717)<\/li>\n<li>Atenci\u00f3n y Servicio Excepcional\u00a0(TS-5717)<\/li>\n<li>Gesti\u00f3n de la Peque\u00f1a y Mediana Empresa\u00a0(TS-5716)<\/li>\n<\/ul>\n","protected":false},"excerpt":{"rendered":"<p>Primer A\u00f1o: Matem\u00e1ticas 1 (FC-1129) Fundamentos de Administraci\u00f3n (TS-1113) Matem\u00e1ticas 2 (FC-1229) Introducci\u00f3n a la Qu\u00edmica (TS-1114) Matem\u00e1tica Financiera (FC-3701) Contabilidad (TS-1724) Segundo A\u00f1o: Qu\u00edmica de los Alimentos (TS-2711) Introducci\u00f3n al Servicio de la Hospitalidad\u00a0(TS-2712) Introducci\u00f3n a las Tecnolog\u00edas de Informaci\u00f3n\u00a0(FC-2713) Estad\u00edstica\u00a0(FC-2705) Econom\u00eda Empresarial\u00a0(TS-2713) Fundamentos de Nutrici\u00f3n\u00a0(TS-2715) Geograf\u00eda y Hospitalidad\u00a0(TS-2716) Contabilidad Para Servicios de la [&hellip;]<\/p>\n","protected":false},"author":10,"featured_media":0,"parent":11674,"menu_order":0,"comment_status":"closed","ping_status":"closed","template":"","meta":[],"categories":[186],"tags":[],"_links":{"self":[{"href":"https:\/\/gecousb.com.ve\/index.php\/wp-json\/wp\/v2\/pages\/11702"}],"collection":[{"href":"https:\/\/gecousb.com.ve\/index.php\/wp-json\/wp\/v2\/pages"}],"about":[{"href":"https:\/\/gecousb.com.ve\/index.php\/wp-json\/wp\/v2\/types\/page"}],"author":[{"embeddable":true,"href":"https:\/\/gecousb.com.ve\/index.php\/wp-json\/wp\/v2\/users\/10"}],"replies":[{"embeddable":true,"href":"https:\/\/gecousb.com.ve\/index.php\/wp-json\/wp\/v2\/comments?post=11702"}],"version-history":[{"count":0,"href":"https:\/\/gecousb.com.ve\/index.php\/wp-json\/wp\/v2\/pages\/11702\/revisions"}],"up":[{"embeddable":true,"href":"https:\/\/gecousb.com.ve\/index.php\/wp-json\/wp\/v2\/pages\/11674"}],"wp:attachment":[{"href":"https:\/\/gecousb.com.ve\/index.php\/wp-json\/wp\/v2\/media?parent=11702"}],"wp:term":[{"taxonomy":"category","embeddable":true,"href":"https:\/\/gecousb.com.ve\/index.php\/wp-json\/wp\/v2\/categories?post=11702"},{"taxonomy":"post_tag","embeddable":true,"href":"https:\/\/gecousb.com.ve\/index.php\/wp-json\/wp\/v2\/tags?post=11702"}],"curies":[{"name":"wp","href":"https:\/\/api.w.org\/{rel}","templated":true}]}}