{"id":11690,"date":"2016-10-27T23:54:55","date_gmt":"2016-10-27T23:54:55","guid":{"rendered":"http:\/\/gecousb.com.ve\/?page_id=11690"},"modified":"2016-11-16T01:00:59","modified_gmt":"2016-11-16T01:00:59","slug":"informacion-comercio-internacional","status":"publish","type":"page","link":"https:\/\/gecousb.com.ve\/index.php\/litoral\/carreras-litoral\/licenciatura-en-comercio-internacional\/informacion-comercio-internacional\/","title":{"rendered":"Informaci\u00f3n Lic. Comercio Internacional"},"content":{"rendered":"<h3><strong>Descripci\u00f3n de la Carrera:<\/strong><\/h3>\n<p class=\"rtejustify\">Las competencias b\u00e1sicas que del egresado de la Licenciatura en Comercio Internacional son, entre otras, las siguientes:<\/p>\n<ol>\n<li class=\"rtejustify\">\u2022 \u00a0Participar en el dise\u00f1o de procesos automatizados y sistemas inform\u00e1ticos dise\u00f1ados para ser aplicados en el \u00e1mbito del Comercio Internacional.<\/li>\n<li class=\"rtejustify\">\u2022 Analizar la empresa internacional y su entorno, su competitividad, la direcci\u00f3n de operaciones internacionales y la gesti\u00f3n recursos humanos.<\/li>\n<li class=\"rtejustify\">\u2022\u00a0Analizar el entorno econ\u00f3mico internacional y el comportamiento de la situaci\u00f3n econ\u00f3mica, pol\u00edtica y social de Venezuela con respecto a la situaci\u00f3n mundial.<\/li>\n<li class=\"rtejustify\">\u2022\u00a0Sugerir mecanismos de control de los recursos financieros, dentro de la actividad del Comercio Internacional de acuerdo a los principios y teor\u00eda de las finanzas internacionales.<\/li>\n<li class=\"rtejustify\">\u2022\u00a0Establecer estrategias para determinar el comportamiento del consumidor en el Comercio Internacional.<\/li>\n<li class=\"rtejustify\">\u2022\u00a0Dise\u00f1ar el sistema log\u00edstico internacional como herramienta fundamental para desempe\u00f1ar la funci\u00f3n de compras y ventas internacionales.<\/li>\n<li class=\"rtejustify\">\u2022\u00a0Analizar contratos de servicios y seguro del transporte para el Comercio Internacional.<\/li>\n<li class=\"rtejustify\">\u2022\u00a0Analizar procesos de integraci\u00f3n econ\u00f3mica en todas sus fases y orientar los mecanismos de negociaci\u00f3n de los tratados de libre comercio entre pa\u00edses.<\/li>\n<li class=\"rtejustify\">\u2022\u00a0Desarrollar estrategias de negociaci\u00f3n.<\/li>\n<\/ol>\n<p>(Fragmento tomado de la p\u00e1gina oficial de la usb).<\/p>\n<h3><strong>Agrupaci\u00f3n De Comercio Internacional:<\/strong><\/h3>\n<ul>\n<li>Ubicaci\u00f3n:<\/li>\n<li>P\u00e1gina:<\/li>\n<li>Correos:<\/li>\n<li>Twitter:\u00a0<a href=\"http:\/\/twitter.com\/?q=ceimec#!\/ceimecusb\"><br \/>\n<\/a><\/li>\n<li>Facebook:\u00a0<a href=\"http:\/\/www.facebook.com\/profile.php?id=100002736261801\"><br \/>\n<\/a><\/li>\n<\/ul>\n<h3><strong>Coordinaci\u00f3n De Comercio Exterior y Licenciatura en\u00a0\u00a0Comercio Internacional:<\/strong><\/h3>\n<ul>\n<li>Ubicaci\u00f3n:\u00a0Edif. Aulas PB, Sede del Litoral<a href=\"http:\/\/www.mec.coord.usb.ve\/\"><br \/>\n<\/a><\/li>\n<li>Correo:\u00a0<a href=\"mailto:coord-cext@usb.ve\">coord-cext@usb.ve<\/a><strong>\u00a0<\/strong><\/li>\n<li>Tel\u00e9fonos: 0212-906.9238<\/li>\n<\/ul>\n<p>Para mayor informaci\u00f3n sobre todo lo referente a esta carrera, incluyendo el pensum y una descripci\u00f3n de la carrera visita la p\u00e1gina del<\/p>\n","protected":false},"excerpt":{"rendered":"<p>Descripci\u00f3n de la Carrera: Las competencias b\u00e1sicas que del egresado de la Licenciatura en Comercio Internacional son, entre otras, las siguientes: \u2022 \u00a0Participar en el dise\u00f1o de procesos automatizados y sistemas inform\u00e1ticos dise\u00f1ados para ser aplicados en el \u00e1mbito del Comercio Internacional. \u2022 Analizar la empresa internacional y su entorno, su competitividad, la direcci\u00f3n de [&hellip;]<\/p>\n","protected":false},"author":10,"featured_media":0,"parent":11673,"menu_order":0,"comment_status":"closed","ping_status":"closed","template":"","meta":[],"categories":[186],"tags":[],"_links":{"self":[{"href":"https:\/\/gecousb.com.ve\/index.php\/wp-json\/wp\/v2\/pages\/11690"}],"collection":[{"href":"https:\/\/gecousb.com.ve\/index.php\/wp-json\/wp\/v2\/pages"}],"about":[{"href":"https:\/\/gecousb.com.ve\/index.php\/wp-json\/wp\/v2\/types\/page"}],"author":[{"embeddable":true,"href":"https:\/\/gecousb.com.ve\/index.php\/wp-json\/wp\/v2\/users\/10"}],"replies":[{"embeddable":true,"href":"https:\/\/gecousb.com.ve\/index.php\/wp-json\/wp\/v2\/comments?post=11690"}],"version-history":[{"count":0,"href":"https:\/\/gecousb.com.ve\/index.php\/wp-json\/wp\/v2\/pages\/11690\/revisions"}],"up":[{"embeddable":true,"href":"https:\/\/gecousb.com.ve\/index.php\/wp-json\/wp\/v2\/pages\/11673"}],"wp:attachment":[{"href":"https:\/\/gecousb.com.ve\/index.php\/wp-json\/wp\/v2\/media?parent=11690"}],"wp:term":[{"taxonomy":"category","embeddable":true,"href":"https:\/\/gecousb.com.ve\/index.php\/wp-json\/wp\/v2\/categories?post=11690"},{"taxonomy":"post_tag","embeddable":true,"href":"https:\/\/gecousb.com.ve\/index.php\/wp-json\/wp\/v2\/tags?post=11690"}],"curies":[{"name":"wp","href":"https:\/\/api.w.org\/{rel}","templated":true}]}}